{"id":382,"date":"2019-10-08T08:45:37","date_gmt":"2019-10-08T08:45:37","guid":{"rendered":"https:\/\/el3.thembaydev.com\/besa2_dark\/?page_id=382"},"modified":"2026-02-22T23:09:48","modified_gmt":"2026-02-22T23:09:48","slug":"about-us","status":"publish","type":"page","link":"https:\/\/atlispor.com.tr\/tr\/about-us\/","title":{"rendered":"Hakk\u0131m\u0131zda"},"content":{"rendered":"<div data-elementor-type=\"wp-page\" data-elementor-id=\"382\" class=\"elementor elementor-382\">\n\t\t\t\t\t\t<section class=\"elementor-section elementor-top-section elementor-element elementor-element-cc2ab94 elementor-section-stretched elementor-section-full_width elementor-section-height-default elementor-section-height-default\" data-id=\"cc2ab94\" data-element_type=\"section\" data-settings=\"{&quot;stretch_section&quot;:&quot;section-stretched&quot;,&quot;background_background&quot;:&quot;classic&quot;}\">\n\t\t\t\t\t\t<div class=\"elementor-container elementor-column-gap-default\">\n\t\t\t\t\t<div class=\"elementor-column elementor-col-33 elementor-top-column elementor-element elementor-element-6b095f0\" data-id=\"6b095f0\" data-element_type=\"column\">\n\t\t\t<div class=\"elementor-widget-wrap\">\n\t\t\t\t\t\t\t<\/div>\n\t\t<\/div>\n\t\t\t\t<div class=\"elementor-column elementor-col-33 elementor-top-column elementor-element elementor-element-a8a0a78\" data-id=\"a8a0a78\" data-element_type=\"column\">\n\t\t\t<div class=\"elementor-widget-wrap elementor-element-populated\">\n\t\t\t\t\t\t<div class=\"elementor-element elementor-element-04661a7 elementor-widget elementor-widget-text-editor\" data-id=\"04661a7\" data-element_type=\"widget\" data-widget_type=\"text-editor.default\">\n\t\t\t\t\t\t\t\t\t<div class=\"t pg-1m0 pg-1x1 pg-1h4 pg-1y4 pg-1ff2 pg-1fs0 pg-1fc0 pg-1sc0 pg-1ls0 pg-1ws0\">Binicilik malzemeleri i\u00e7in \u00f6nde<strong> \u00f6nde gelen e-ticaret platformlar\u0131ndan.<\/strong> biriyiz.<\/div>\t\t\t\t\t\t\t\t<\/div>\n\t\t\t\t<div class=\"elementor-element elementor-element-b8880ac elementor-widget elementor-widget-text-editor\" data-id=\"b8880ac\" data-element_type=\"widget\" data-widget_type=\"text-editor.default\">\n\t\t\t\t\t\t\t\t\t<p>Ana hedeflerimiz, y\u00fcksek kaliteli \u00fcr\u00fcnleri rekabet\u00e7i fiyatlarla ve m\u00fckemmel hizmetle sunmakt\u0131r.<\/p>\t\t\t\t\t\t\t\t<\/div>\n\t\t\t\t<div class=\"elementor-element elementor-element-814d9ab elementor-widget elementor-widget-button\" data-id=\"814d9ab\" data-element_type=\"widget\" data-widget_type=\"button.default\">\n\t\t\t\t\t\t\t\t\t\t<a class=\"elementor-button elementor-button-link elementor-size-sm\" href=\"#\">\n\t\t\t\t\t\t<span class=\"elementor-button-content-wrapper\">\n\t\t\t\t\t\t\t\t\t<span class=\"elementor-button-text\">Bize Ula\u015f\u0131n<\/span>\n\t\t\t\t\t<\/span>\n\t\t\t\t\t<\/a>\n\t\t\t\t\t\t\t\t<\/div>\n\t\t\t\t\t<\/div>\n\t\t<\/div>\n\t\t\t\t<div class=\"elementor-column elementor-col-33 elementor-top-column elementor-element elementor-element-657088e\" data-id=\"657088e\" data-element_type=\"column\">\n\t\t\t<div class=\"elementor-widget-wrap\">\n\t\t\t\t\t\t\t<\/div>\n\t\t<\/div>\n\t\t\t\t\t<\/div>\n\t\t<\/section>\n\t\t\t\t<section class=\"elementor-section elementor-top-section elementor-element elementor-element-7f49e75 elementor-section-stretched elementor-section-boxed elementor-section-height-default elementor-section-height-default\" data-id=\"7f49e75\" data-element_type=\"section\" data-settings=\"{&quot;stretch_section&quot;:&quot;section-stretched&quot;,&quot;background_background&quot;:&quot;classic&quot;}\">\n\t\t\t\t\t\t<div class=\"elementor-container elementor-column-gap-default\">\n\t\t\t\t\t<div class=\"elementor-column elementor-col-100 elementor-top-column elementor-element elementor-element-8d3c065\" data-id=\"8d3c065\" data-element_type=\"column\">\n\t\t\t<div class=\"elementor-widget-wrap elementor-element-populated\">\n\t\t\t\t\t\t<div class=\"elementor-element elementor-element-01815a1 elementor-widget elementor-widget-besa-heading\" data-id=\"01815a1\" data-element_type=\"widget\" data-widget_type=\"besa-heading.default\">\n\t\t\t\t<div class=\"elementor-widget-container\">\n\t\t\t\t\t\r\n<div class=\"tbay-element tbay-element-heading\">\r\n\t\t\t\t<h3 class=\"heading-tbay-title\">\r\n\t\t\t\t\t\t\t\t\t<span class=\"title\">Neden Bizi Se\u00e7melisiniz<\/span>\r\n\t\t\t\t\t    \t\r\n\t\t\t\t\t\t\t<\/h3>\r\n\t\t<\/div>\t\t\t\t<\/div>\n\t\t\t\t<\/div>\n\t\t\t\t<div class=\"elementor-element elementor-element-18a045d elementor-widget elementor-widget-text-editor\" data-id=\"18a045d\" data-element_type=\"widget\" data-widget_type=\"text-editor.default\">\n\t\t\t\t\t\t\t\t\t<div class=\"t pg-1m0 pg-1x1 pg-1h4 pg-1y8 pg-1ff2 pg-1fs0 pg-1fc0 pg-1sc0 pg-1ls0 pg-1ws0\">Profesyonelli\u011fimize ve uzmanl\u0131\u011f\u0131m\u0131za olan g\u00fc\u00e7l\u00fc ba\u011fl\u0131l\u0131\u011f\u0131m\u0131z sayesinde fiyatlar\u0131m\u0131z<\/div><div class=\"t pg-1m0 pg-1x1 pg-1h4 pg-1y9 pg-1ff2 pg-1fs0 pg-1fc0 pg-1sc0 pg-1ls0 pg-1ws0\">olduk\u00e7a rekabet\u00e7idir. Al\u0131\u015fveri\u015f yapman\u0131z\u0131 ve fiyatlar\u0131 kar\u015f\u0131la\u015ft\u0131rman\u0131z\u0131 \u00f6neririz.<\/div>\t\t\t\t\t\t\t\t<\/div>\n\t\t\t\t\t<\/div>\n\t\t<\/div>\n\t\t\t\t\t<\/div>\n\t\t<\/section>\n\t\t\t\t<\/div>","protected":false},"excerpt":{"rendered":"<p>We are one of the leading e-commerce platforms for equestrian items. Our main goals are to supply high quality products at competitive prices with great service. Contact Us Why Choose Us Due to our strongly committed professionalism and specialization of our expertise our prices arevery competitive. We encourage you to shop and compare prices.<\/p>","protected":false},"author":1,"featured_media":0,"parent":0,"menu_order":0,"comment_status":"closed","ping_status":"closed","template":"","meta":{"pagelayer_contact_templates":[],"_pagelayer_content":"","footnotes":""},"class_list":["post-382","page","type-page","status-publish","hentry"],"_links":{"self":[{"href":"https:\/\/atlispor.com.tr\/tr\/wp-json\/wp\/v2\/pages\/382","targetHints":{"allow":["GET"]}}],"collection":[{"href":"https:\/\/atlispor.com.tr\/tr\/wp-json\/wp\/v2\/pages"}],"about":[{"href":"https:\/\/atlispor.com.tr\/tr\/wp-json\/wp\/v2\/types\/page"}],"author":[{"embeddable":true,"href":"https:\/\/atlispor.com.tr\/tr\/wp-json\/wp\/v2\/users\/1"}],"replies":[{"embeddable":true,"href":"https:\/\/atlispor.com.tr\/tr\/wp-json\/wp\/v2\/comments?post=382"}],"version-history":[{"count":13,"href":"https:\/\/atlispor.com.tr\/tr\/wp-json\/wp\/v2\/pages\/382\/revisions"}],"predecessor-version":[{"id":9627,"href":"https:\/\/atlispor.com.tr\/tr\/wp-json\/wp\/v2\/pages\/382\/revisions\/9627"}],"wp:attachment":[{"href":"https:\/\/atlispor.com.tr\/tr\/wp-json\/wp\/v2\/media?parent=382"}],"curies":[{"name":"wp","href":"https:\/\/api.w.org\/{rel}","templated":true}]}}