{"id":789,"date":"2019-10-10T06:36:53","date_gmt":"2019-10-10T06:36:53","guid":{"rendered":"https:\/\/el3.thembaydev.com\/besa2_dark\/?page_id=789"},"modified":"2019-10-10T06:36:53","modified_gmt":"2019-10-10T06:36:53","slug":"product-attribute","status":"publish","type":"page","link":"https:\/\/atlispor.com.tr\/tr\/product-attribute\/","title":{"rendered":"Product Attribute"},"content":{"rendered":"<div data-elementor-type=\"wp-page\" data-elementor-id=\"789\" class=\"elementor elementor-789\">\n\t\t\t\t\t\t<section class=\"elementor-section elementor-top-section elementor-element elementor-element-aa76ab3 elementor-section-stretched elementor-section-boxed elementor-section-height-default elementor-section-height-default\" data-id=\"aa76ab3\" data-element_type=\"section\" data-settings=\"{&quot;stretch_section&quot;:&quot;section-stretched&quot;,&quot;background_background&quot;:&quot;classic&quot;}\">\n\t\t\t\t\t\t<div class=\"elementor-container elementor-column-gap-default\">\n\t\t\t\t\t<div class=\"elementor-column elementor-col-100 elementor-top-column elementor-element elementor-element-6a70d45\" data-id=\"6a70d45\" data-element_type=\"column\" data-settings=\"{&quot;background_background&quot;:&quot;classic&quot;}\">\n\t\t\t<div class=\"elementor-widget-wrap elementor-element-populated\">\n\t\t\t\t\t\t<div class=\"elementor-element elementor-element-5fbc0d3 elementor-widget elementor-widget-shortcode\" data-id=\"5fbc0d3\" data-element_type=\"widget\" data-widget_type=\"shortcode.default\">\n\t\t\t\t\t\t\t<div class=\"elementor-shortcode\"><div class=\"woocommerce columns-5\"><div class=\"display-products products products-grid\"><div class=\"row\"  data-xlgdesktop=\"4\" data-desktop=\"4\" data-desktopsmall=\"4\" data-tablet=\"3\" data-landscape=\"2\" data-mobile=\"2\">\r\n\r\n<div class=\"product type-product post-393 status-publish first instock product_cat-concorde product_cat-horse-shoes has-post-thumbnail shipping-taxable purchasable product-type-variable\">\r\n\t \t<div class=\"product-block grid product v1\" data-product-id=\"393\">\n\t\t\n\t\t\n\t<div class=\"product-content\">\n\t\t\t\t<div class=\"block-inner\">\n\t\t\t<figure class=\"image\">\n\t\t\t\t<a title=\"Concorde EQ Front Side Clip Aluminium\" href=\"https:\/\/atlispor.com.tr\/tr\/urun\/concorde-eq-front-side-clip-aluminium\/\" class=\"product-image\">\n\t\t\t\t\t<img fetchpriority=\"high\" decoding=\"async\" width=\"280\" height=\"280\" src=\"https:\/\/atlispor.com.tr\/wp-content\/uploads\/2019\/10\/CONCORDE-EQ-FRONT-SC-Aluminium-280x280.jpg\" class=\"attachment-shop_catalog image-effect\" alt=\"\" \/><img decoding=\"async\" width=\"280\" height=\"280\" src=\"https:\/\/atlispor.com.tr\/wp-content\/uploads\/2019\/10\/CONCORDE-EQ-FRONT-SC-Aluminium-3-280x280.jpg\" class=\"image-hover\" alt=\"\" \/>\t\t\t\t<\/a>\n\n\t\t\t\t\t\t\t\t\t\t\t<div class=\"product-top\">\n\t\t\t\t\t\t\t\t\t\t\t\t\t\t\t<\/div>\n\t\t\t\t\t\t\n\t\t\t\t\t\t\t\t\t\t<\/figure>\n\t\t\t<div class=\"group-buttons\">\t\n\t\t\t\t<div class=\"add-cart\" title=\"Se\u00e7enekler\" data-no-translation-title=\"\"><a href=\"https:\/\/atlispor.com.tr\/tr\/urun\/concorde-eq-front-side-clip-aluminium\/\" aria-describedby=\"woocommerce_loop_add_to_cart_link_describedby_393\" data-quantity=\"1\" class=\"button product_type_variable add_to_cart_button\" data-product_id=\"393\" data-product_sku=\"SHOE_56789\" aria-label=\"\u201cConcorde EQ Front Side Clip Aluminium\u201d i\u00e7in se\u00e7enekleri se\u00e7in\" rel=\"nofollow\" data-no-translation-aria-label=\"\"><i class=\"tb-icon tb-icon-zt-shopping-cart\"><\/i><span class=\"title-cart\" data-no-translation=\"\" data-trp-gettext=\"\">Se\u00e7enekler<\/span><\/a>\t\t\t<span id=\"woocommerce_loop_add_to_cart_link_describedby_393\" class=\"screen-reader-text\">\r\n\t\t\tBu \u00fcr\u00fcn\u00fcn birden fazla varyasyonu var. Se\u00e7enekler \u00fcr\u00fcn sayfas\u0131ndan se\u00e7ilebilir\t\t<\/span>\r\n\t<\/div><div class=\"button-wishlist shown-mobile\" title=\"\u0130stek Listesi\"><div class=\"yith-add-to-wishlist-button-block\" data-product-id=\"393\" data-attributes=\"{&quot;kind&quot;:&quot;button&quot;}\"><\/div><\/div>            <div class=\"tbay-quick-view\">\r\n                <a href=\"#\" class=\"qview-button\" title =\"H\u0131zl\u0131 G\u00f6r\u00fcn\u00fcm\" data-effect=\"mfp-move-from-top\" data-product_id=\"393\" data-toggle=\"modal\" data-target=\"#tbay-quickview-modal\">\r\n                    <i class=\"tb-icon tb-icon-zt-expand\"><\/i>\r\n                    <span>H\u0131zl\u0131 G\u00f6r\u00fcn\u00fcm<\/span>\r\n                <\/a>\r\n            <\/div>\r\n            \t\t    <\/div>\n\t\t<\/div>\n\t\t\t\t\n\t\t\t\t\t\n\t\t<div class=\"caption\">\n\t\t\t\t\t\t\t\t\t\n\t\t\t        \r\n        <h3 class=\"name full_name\"><a href=\"https:\/\/atlispor.com.tr\/tr\/urun\/concorde-eq-front-side-clip-aluminium\/\">Concorde EQ Front Side Clip Aluminium<\/a><\/h3>\r\n        \t\t\t\r\n<div class=\"rating\">\r\n\t\t\t<div class=\"star-rating\" role=\"img\" aria-label=\"5 \u00fczerinden 4.33 oy ald\u0131\" data-no-translation-aria-label=\"\"><span style=\"width:86.6%\" data-no-translation=\"\" data-trp-gettext=\"\">5 \u00fczerinden <strong class=\"rating\">4.33<\/strong> oy ald\u0131<\/span><\/div>\t\t<div class=\"count\"><span>3<\/span><\/div>\r\n\t<\/div>\t\t\t\n\t\t\t\t\t\t\t\t<div class=\"price-wrapper\">\n\t\t\t\t\t\t\n\t<span class=\"price\"><span class=\"woocommerce-Price-amount amount\"><bdi><span class=\"woocommerce-Price-currencySymbol\">&#8378;<\/span>500,00<\/bdi><\/span><\/span>\n\t\t\t\t\t<\/div>\n\t\t\t\t\t \n\t\t\t\t            \t\t            \t\t<\/div>\n\t\t\t\t\t\t    <\/div>\n    \n\t\n\t \n<\/div>\n<\/div>\r\n\r\n\r\n<div class=\"product type-product post-10086 status-publish instock product_cat-concorde product_cat-horse-shoes has-post-thumbnail shipping-taxable purchasable product-type-variable\">\r\n\t \t<div class=\"product-block grid product v1\" data-product-id=\"10086\">\n\t\t\n\t\t\n\t<div class=\"product-content\">\n\t\t\t\t<div class=\"block-inner\">\n\t\t\t<figure class=\"image\">\n\t\t\t\t<a title=\"Concorde EQ Front Toe Clip Aluminium\" href=\"https:\/\/atlispor.com.tr\/tr\/urun\/concorde-eq-front-toe-clip-aluminium\/\" class=\"product-image\">\n\t\t\t\t\t<img decoding=\"async\" width=\"280\" height=\"280\" src=\"https:\/\/atlispor.com.tr\/wp-content\/uploads\/2026\/04\/CONCORDE-EQ-ALUMINIUM-FRONT-SC.jpg-280x280.jpg\" class=\"attachment-shop_catalog image-effect\" alt=\"\" \/><img loading=\"lazy\" decoding=\"async\" width=\"280\" height=\"280\" src=\"https:\/\/atlispor.com.tr\/wp-content\/uploads\/2026\/04\/CONCORDE-EQ-ALUMINIUM-FRONT-SC-2.jpg-280x280.jpg\" class=\"image-hover\" alt=\"\" \/>\t\t\t\t<\/a>\n\n\t\t\t\t\t\t\t\t\t\t\t<div class=\"product-top\">\n\t\t\t\t\t\t\t\t\t\t\t\t\t\t\t<\/div>\n\t\t\t\t\t\t\n\t\t\t\t\t\t\t\t\t\t<\/figure>\n\t\t\t<div class=\"group-buttons\">\t\n\t\t\t\t<div class=\"add-cart\" title=\"Se\u00e7enekler\" data-no-translation-title=\"\"><a href=\"https:\/\/atlispor.com.tr\/tr\/urun\/concorde-eq-front-toe-clip-aluminium\/\" aria-describedby=\"woocommerce_loop_add_to_cart_link_describedby_10086\" data-quantity=\"1\" class=\"button product_type_variable add_to_cart_button\" data-product_id=\"10086\" data-product_sku=\"1558691520769\" aria-label=\"\u201cConcorde EQ Front Toe Clip Aluminium\u201d i\u00e7in se\u00e7enekleri se\u00e7in\" rel=\"nofollow\" data-no-translation-aria-label=\"\"><i class=\"tb-icon tb-icon-zt-shopping-cart\"><\/i><span class=\"title-cart\" data-no-translation=\"\" data-trp-gettext=\"\">Se\u00e7enekler<\/span><\/a>\t\t\t<span id=\"woocommerce_loop_add_to_cart_link_describedby_10086\" class=\"screen-reader-text\">\r\n\t\t\tBu \u00fcr\u00fcn\u00fcn birden fazla varyasyonu var. Se\u00e7enekler \u00fcr\u00fcn sayfas\u0131ndan se\u00e7ilebilir\t\t<\/span>\r\n\t<\/div><div class=\"button-wishlist shown-mobile\" title=\"\u0130stek Listesi\"><div class=\"yith-add-to-wishlist-button-block\" data-product-id=\"10086\" data-attributes=\"{&quot;kind&quot;:&quot;button&quot;}\"><\/div><\/div>            <div class=\"tbay-quick-view\">\r\n                <a href=\"#\" class=\"qview-button\" title =\"H\u0131zl\u0131 G\u00f6r\u00fcn\u00fcm\" data-effect=\"mfp-move-from-top\" data-product_id=\"10086\" data-toggle=\"modal\" data-target=\"#tbay-quickview-modal\">\r\n                    <i class=\"tb-icon tb-icon-zt-expand\"><\/i>\r\n                    <span>H\u0131zl\u0131 G\u00f6r\u00fcn\u00fcm<\/span>\r\n                <\/a>\r\n            <\/div>\r\n            \t\t    <\/div>\n\t\t<\/div>\n\t\t\t\t\n\t\t\t\t\t\n\t\t<div class=\"caption\">\n\t\t\t\t\t\t\t\t\t\n\t\t\t        \r\n        <h3 class=\"name full_name\"><a href=\"https:\/\/atlispor.com.tr\/tr\/urun\/concorde-eq-front-toe-clip-aluminium\/\">Concorde EQ Front Toe Clip Aluminium<\/a><\/h3>\r\n        \t\t\t\r\n<div class=\"rating\">\r\n\t\t\t<div class=\"star-rating\" role=\"img\" aria-label=\"5 \u00fczerinden 3.75 oy ald\u0131\" data-no-translation-aria-label=\"\"><span style=\"width:75%\" data-no-translation=\"\" data-trp-gettext=\"\">5 \u00fczerinden <strong class=\"rating\">3.75<\/strong> oy ald\u0131<\/span><\/div>\t\t<div class=\"count\"><span>4<\/span><\/div>\r\n\t<\/div>\t\t\t\n\t\t\t\t\t\t\t\t<div class=\"price-wrapper\">\n\t\t\t\t\t\t\n\t<span class=\"price\"><span class=\"woocommerce-Price-amount amount\" aria-hidden=\"true\"><bdi><span class=\"woocommerce-Price-currencySymbol\">&#8378;<\/span>300,00<\/bdi><\/span> <span aria-hidden=\"true\"> \u2013 <\/span> <span class=\"woocommerce-Price-amount amount\" aria-hidden=\"true\"><bdi><span class=\"woocommerce-Price-currencySymbol\">&#8378;<\/span>500,00<\/bdi><\/span><span class=\"screen-reader-text\" data-no-translation=\"\" data-trp-gettext=\"\">Fiyat aral\u0131\u011f\u0131: &#8378;300,00 - &#8378;500,00<\/span><\/span>\n\t\t\t\t\t<\/div>\n\t\t\t\t\t \n\t\t\t\t            \t\t            \t\t<\/div>\n\t\t\t\t\t\t    <\/div>\n    \n\t\n\t \n<\/div>\n<\/div>\r\n\r\n\r\n<div class=\"product type-product post-10387 status-publish instock product_cat-concorde product_cat-horse-shoes has-post-thumbnail sale featured shipping-taxable purchasable product-type-variable\">\r\n\t \t<div class=\"product-block grid product v1 tbay-variable-sale\" data-product-id=\"10387\">\n\t\t\n\t\t\n\t<div class=\"product-content\">\n\t\t\t\t<div class=\"block-inner\">\n\t\t\t<figure class=\"image\">\n\t\t\t\t<a title=\"Concorde Equi-Librium Steel Front Side Clip\" href=\"https:\/\/atlispor.com.tr\/tr\/urun\/concorde-equi-librium-steel-front-side-clip\/\" class=\"product-image\">\n\t\t\t\t\t<img loading=\"lazy\" decoding=\"async\" width=\"280\" height=\"280\" src=\"https:\/\/atlispor.com.tr\/wp-content\/uploads\/2026\/04\/CONCORDE-EQ-FRONT-SC-STEEL.jpg-280x280.jpg\" class=\"attachment-shop_catalog image-effect\" alt=\"\" \/><img loading=\"lazy\" decoding=\"async\" width=\"280\" height=\"280\" src=\"https:\/\/atlispor.com.tr\/wp-content\/uploads\/2026\/04\/CONCORDE-EQ-FRONT-SC-STEEL-2.jpg-280x280.jpg\" class=\"image-hover\" alt=\"\" \/>\t\t\t\t<\/a>\n\n\t\t\t\t\t\t\t\t\t\t\t<div class=\"product-top\">\n\t\t\t\t\t\t\t\t\n\t\n\t\t\t\t\t\t\t\t<\/div>\n\t\t\t\t\t\t\n\t\t\t\t\t\t\t\t\t\t<\/figure>\n\t\t\t<div class=\"group-buttons\">\t\n\t\t\t\t<div class=\"add-cart\" title=\"Se\u00e7enekler\" data-no-translation-title=\"\"><a href=\"https:\/\/atlispor.com.tr\/tr\/urun\/concorde-equi-librium-steel-front-side-clip\/\" aria-describedby=\"woocommerce_loop_add_to_cart_link_describedby_10387\" data-quantity=\"1\" class=\"button product_type_variable add_to_cart_button\" data-product_id=\"10387\" data-product_sku=\"MEGA-SHOE-11-1-1-1-1\" aria-label=\"\u201cConcorde Equi-Librium Steel Front Side Clip\u201d i\u00e7in se\u00e7enekleri se\u00e7in\" rel=\"nofollow\" data-no-translation-aria-label=\"\"><i class=\"tb-icon tb-icon-zt-shopping-cart\"><\/i><span class=\"title-cart\" data-no-translation=\"\" data-trp-gettext=\"\">Se\u00e7enekler<\/span><\/a>\t\t\t<span id=\"woocommerce_loop_add_to_cart_link_describedby_10387\" class=\"screen-reader-text\">\r\n\t\t\tBu \u00fcr\u00fcn\u00fcn birden fazla varyasyonu var. Se\u00e7enekler \u00fcr\u00fcn sayfas\u0131ndan se\u00e7ilebilir\t\t<\/span>\r\n\t<\/div><div class=\"button-wishlist shown-mobile\" title=\"\u0130stek Listesi\"><div class=\"yith-add-to-wishlist-button-block\" data-product-id=\"10387\" data-attributes=\"{&quot;kind&quot;:&quot;button&quot;}\"><\/div><\/div>            <div class=\"tbay-quick-view\">\r\n                <a href=\"#\" class=\"qview-button\" title =\"H\u0131zl\u0131 G\u00f6r\u00fcn\u00fcm\" data-effect=\"mfp-move-from-top\" data-product_id=\"10387\" data-toggle=\"modal\" data-target=\"#tbay-quickview-modal\">\r\n                    <i class=\"tb-icon tb-icon-zt-expand\"><\/i>\r\n                    <span>H\u0131zl\u0131 G\u00f6r\u00fcn\u00fcm<\/span>\r\n                <\/a>\r\n            <\/div>\r\n            \t\t    <\/div>\n\t\t<\/div>\n\t\t\t\t\n\t\t\t\t\t\n\t\t<div class=\"caption\">\n\t\t\t\t\t\t\t\t\t\n\t\t\t        \r\n        <h3 class=\"name full_name\"><a href=\"https:\/\/atlispor.com.tr\/tr\/urun\/concorde-equi-librium-steel-front-side-clip\/\">Concorde Equi-Librium Steel Front Side Clip<\/a><\/h3>\r\n        \t\t\t\r\n<div class=\"rating no-rate\">\r\n\t\t<div class=\"star-rating\">\r\n\t<\/div>\r\n\t<div class=\"count\">0<\/div>\r\n\t<\/div>\t\t\t\n\t\t\t\t\t\t\t\t<div class=\"price-wrapper\">\n\t\t\t\t\t\t\n\t<span class=\"price\"><span class=\"woocommerce-Price-amount amount\" aria-hidden=\"true\"><bdi><span class=\"woocommerce-Price-currencySymbol\">&#8378;<\/span>108,99<\/bdi><\/span> <span aria-hidden=\"true\"> \u2013 <\/span> <span class=\"woocommerce-Price-amount amount\" aria-hidden=\"true\"><bdi><span class=\"woocommerce-Price-currencySymbol\">&#8378;<\/span>500,00<\/bdi><\/span><span class=\"screen-reader-text\" data-no-translation=\"\" data-trp-gettext=\"\">Fiyat aral\u0131\u011f\u0131: &#8378;108,99 - &#8378;500,00<\/span><\/span>\n\t\t\t\t\t<\/div>\n\t\t\t\t\t \n\t\t\t\t            \t\t            \t\t<\/div>\n\t\t\t\t\t\t    <\/div>\n    \n\t\n\t \n<\/div>\n<\/div>\r\n\r\n\r\n<div class=\"product type-product post-10377 status-publish instock product_cat-concorde product_cat-horse-shoes has-post-thumbnail sale featured shipping-taxable purchasable product-type-variable\">\r\n\t \t<div class=\"product-block grid product v1 tbay-variable-sale\" data-product-id=\"10377\">\n\t\t\n\t\t\n\t<div class=\"product-content\">\n\t\t\t\t<div class=\"block-inner\">\n\t\t\t<figure class=\"image\">\n\t\t\t\t<a title=\"Concorde Equi-Librium Steel Front Toe Clip\" href=\"https:\/\/atlispor.com.tr\/tr\/urun\/concorde-equi-librium-steel-front-to-clip\/\" class=\"product-image\">\n\t\t\t\t\t<img loading=\"lazy\" decoding=\"async\" width=\"280\" height=\"280\" src=\"https:\/\/atlispor.com.tr\/wp-content\/uploads\/2019\/10\/CONCORDE-EQ-FRONT-TC-STEEL.jpg-280x280.jpg\" class=\"attachment-shop_catalog image-effect\" alt=\"\" \/><img loading=\"lazy\" decoding=\"async\" width=\"280\" height=\"280\" src=\"https:\/\/atlispor.com.tr\/wp-content\/uploads\/2019\/10\/CONCORDE-EQ-FRONT-TC-STEEL-4.jpg-280x280.jpg\" class=\"image-hover\" alt=\"\" \/>\t\t\t\t<\/a>\n\n\t\t\t\t\t\t\t\t\t\t\t<div class=\"product-top\">\n\t\t\t\t\t\t\t\t\n\t\n\t\t\t\t\t\t\t\t<\/div>\n\t\t\t\t\t\t\n\t\t\t\t\t\t\t\t\t\t<\/figure>\n\t\t\t<div class=\"group-buttons\">\t\n\t\t\t\t<div class=\"add-cart\" title=\"Se\u00e7enekler\" data-no-translation-title=\"\"><a href=\"https:\/\/atlispor.com.tr\/tr\/urun\/concorde-equi-librium-steel-front-to-clip\/\" aria-describedby=\"woocommerce_loop_add_to_cart_link_describedby_10377\" data-quantity=\"1\" class=\"button product_type_variable add_to_cart_button\" data-product_id=\"10377\" data-product_sku=\"MEGA-SHOE-11-1-1-1\" aria-label=\"\u201cConcorde Equi-Librium Steel Front Toe Clip\u201d i\u00e7in se\u00e7enekleri se\u00e7in\" rel=\"nofollow\" data-no-translation-aria-label=\"\"><i class=\"tb-icon tb-icon-zt-shopping-cart\"><\/i><span class=\"title-cart\" data-no-translation=\"\" data-trp-gettext=\"\">Se\u00e7enekler<\/span><\/a>\t\t\t<span id=\"woocommerce_loop_add_to_cart_link_describedby_10377\" class=\"screen-reader-text\">\r\n\t\t\tBu \u00fcr\u00fcn\u00fcn birden fazla varyasyonu var. Se\u00e7enekler \u00fcr\u00fcn sayfas\u0131ndan se\u00e7ilebilir\t\t<\/span>\r\n\t<\/div><div class=\"button-wishlist shown-mobile\" title=\"\u0130stek Listesi\"><div class=\"yith-add-to-wishlist-button-block\" data-product-id=\"10377\" data-attributes=\"{&quot;kind&quot;:&quot;button&quot;}\"><\/div><\/div>            <div class=\"tbay-quick-view\">\r\n                <a href=\"#\" class=\"qview-button\" title =\"H\u0131zl\u0131 G\u00f6r\u00fcn\u00fcm\" data-effect=\"mfp-move-from-top\" data-product_id=\"10377\" data-toggle=\"modal\" data-target=\"#tbay-quickview-modal\">\r\n                    <i class=\"tb-icon tb-icon-zt-expand\"><\/i>\r\n                    <span>H\u0131zl\u0131 G\u00f6r\u00fcn\u00fcm<\/span>\r\n                <\/a>\r\n            <\/div>\r\n            \t\t    <\/div>\n\t\t<\/div>\n\t\t\t\t\n\t\t\t\t\t\n\t\t<div class=\"caption\">\n\t\t\t\t\t\t\t\t\t\n\t\t\t        \r\n        <h3 class=\"name full_name\"><a href=\"https:\/\/atlispor.com.tr\/tr\/urun\/concorde-equi-librium-steel-front-to-clip\/\">Concorde Equi-Librium Steel Front Toe Clip<\/a><\/h3>\r\n        \t\t\t\r\n<div class=\"rating no-rate\">\r\n\t\t<div class=\"star-rating\">\r\n\t<\/div>\r\n\t<div class=\"count\">0<\/div>\r\n\t<\/div>\t\t\t\n\t\t\t\t\t\t\t\t<div class=\"price-wrapper\">\n\t\t\t\t\t\t\n\t<span class=\"price\"><span class=\"woocommerce-Price-amount amount\" aria-hidden=\"true\"><bdi><span class=\"woocommerce-Price-currencySymbol\">&#8378;<\/span>108,99<\/bdi><\/span> <span aria-hidden=\"true\"> \u2013 <\/span> <span class=\"woocommerce-Price-amount amount\" aria-hidden=\"true\"><bdi><span class=\"woocommerce-Price-currencySymbol\">&#8378;<\/span>500,00<\/bdi><\/span><span class=\"screen-reader-text\" data-no-translation=\"\" data-trp-gettext=\"\">Fiyat aral\u0131\u011f\u0131: &#8378;108,99 - &#8378;500,00<\/span><\/span>\n\t\t\t\t\t<\/div>\n\t\t\t\t\t \n\t\t\t\t            \t\t            \t\t<\/div>\n\t\t\t\t\t\t    <\/div>\n    \n\t\n\t \n<\/div>\n<\/div>\r\n\r\n\r\n<div class=\"product type-product post-400 status-publish last instock product_cat-concorde product_cat-horse-shoes has-post-thumbnail sale featured shipping-taxable purchasable product-type-variable\">\r\n\t \t<div class=\"product-block grid product v1 tbay-variable-sale\" data-product-id=\"400\">\n\t\t\n\t\t\n\t<div class=\"product-content\">\n\t\t\t\t<div class=\"block-inner\">\n\t\t\t<figure class=\"image\">\n\t\t\t\t<a title=\"Concorde Steel Front Toe Clip\" href=\"https:\/\/atlispor.com.tr\/tr\/urun\/concorde-steel-front-toe-clip\/\" class=\"product-image\">\n\t\t\t\t\t<img loading=\"lazy\" decoding=\"async\" width=\"280\" height=\"280\" src=\"https:\/\/atlispor.com.tr\/wp-content\/uploads\/2019\/10\/CONCORDE-EQ-FRONT-TC-STEEL.jpg-280x280.jpg\" class=\"attachment-shop_catalog image-effect\" alt=\"\" \/><img loading=\"lazy\" decoding=\"async\" width=\"280\" height=\"280\" src=\"https:\/\/atlispor.com.tr\/wp-content\/uploads\/2019\/10\/CONCORDE-EQ-FRONT-TC-STEEL-4.jpg-280x280.jpg\" class=\"image-hover\" alt=\"\" \/>\t\t\t\t<\/a>\n\n\t\t\t\t\t\t\t\t\t\t\t<div class=\"product-top\">\n\t\t\t\t\t\t\t\t\n\t\n\t\t\t\t\t\t\t\t<\/div>\n\t\t\t\t\t\t\n\t\t\t\t\t\t\t\t\t\t<\/figure>\n\t\t\t<div class=\"group-buttons\">\t\n\t\t\t\t<div class=\"add-cart\" title=\"Se\u00e7enekler\" data-no-translation-title=\"\"><a href=\"https:\/\/atlispor.com.tr\/tr\/urun\/concorde-steel-front-toe-clip\/\" aria-describedby=\"woocommerce_loop_add_to_cart_link_describedby_400\" data-quantity=\"1\" class=\"button product_type_variable add_to_cart_button\" data-product_id=\"400\" data-product_sku=\"MEGA-SHOE-11\" aria-label=\"\u201cConcorde Steel Front Toe Clip\u201d i\u00e7in se\u00e7enekleri se\u00e7in\" rel=\"nofollow\" data-no-translation-aria-label=\"\"><i class=\"tb-icon tb-icon-zt-shopping-cart\"><\/i><span class=\"title-cart\" data-no-translation=\"\" data-trp-gettext=\"\">Se\u00e7enekler<\/span><\/a>\t\t\t<span id=\"woocommerce_loop_add_to_cart_link_describedby_400\" class=\"screen-reader-text\">\r\n\t\t\tBu \u00fcr\u00fcn\u00fcn birden fazla varyasyonu var. Se\u00e7enekler \u00fcr\u00fcn sayfas\u0131ndan se\u00e7ilebilir\t\t<\/span>\r\n\t<\/div><div class=\"button-wishlist shown-mobile\" title=\"\u0130stek Listesi\"><div class=\"yith-add-to-wishlist-button-block\" data-product-id=\"400\" data-attributes=\"{&quot;kind&quot;:&quot;button&quot;}\"><\/div><\/div>            <div class=\"tbay-quick-view\">\r\n                <a href=\"#\" class=\"qview-button\" title =\"H\u0131zl\u0131 G\u00f6r\u00fcn\u00fcm\" data-effect=\"mfp-move-from-top\" data-product_id=\"400\" data-toggle=\"modal\" data-target=\"#tbay-quickview-modal\">\r\n                    <i class=\"tb-icon tb-icon-zt-expand\"><\/i>\r\n                    <span>H\u0131zl\u0131 G\u00f6r\u00fcn\u00fcm<\/span>\r\n                <\/a>\r\n            <\/div>\r\n            \t\t    <\/div>\n\t\t<\/div>\n\t\t\t\t\n\t\t\t\t\t\n\t\t<div class=\"caption\">\n\t\t\t\t\t\t\t\t\t\n\t\t\t        \r\n        <h3 class=\"name full_name\"><a href=\"https:\/\/atlispor.com.tr\/tr\/urun\/concorde-steel-front-toe-clip\/\">Concorde Steel Front Toe Clip<\/a><\/h3>\r\n        \t\t\t\r\n<div class=\"rating\">\r\n\t\t\t<div class=\"star-rating\" role=\"img\" aria-label=\"5 \u00fczerinden 4.67 oy ald\u0131\" data-no-translation-aria-label=\"\"><span style=\"width:93.4%\" data-no-translation=\"\" data-trp-gettext=\"\">5 \u00fczerinden <strong class=\"rating\">4.67<\/strong> oy ald\u0131<\/span><\/div>\t\t<div class=\"count\"><span>3<\/span><\/div>\r\n\t<\/div>\t\t\t\n\t\t\t\t\t\t\t\t<div class=\"price-wrapper\">\n\t\t\t\t\t\t\n\t<span class=\"price\"><span class=\"woocommerce-Price-amount amount\" aria-hidden=\"true\"><bdi><span class=\"woocommerce-Price-currencySymbol\">&#8378;<\/span>108,99<\/bdi><\/span> <span aria-hidden=\"true\"> \u2013 <\/span> <span class=\"woocommerce-Price-amount amount\" aria-hidden=\"true\"><bdi><span class=\"woocommerce-Price-currencySymbol\">&#8378;<\/span>500,00<\/bdi><\/span><span class=\"screen-reader-text\" data-no-translation=\"\" data-trp-gettext=\"\">Fiyat aral\u0131\u011f\u0131: &#8378;108,99 - &#8378;500,00<\/span><\/span>\n\t\t\t\t\t<\/div>\n\t\t\t\t\t \n\t\t\t\t            \t\t            \t\t<\/div>\n\t\t\t\t\t\t    <\/div>\n    \n\t\n\t \n<\/div>\n<\/div>\r\n\r\n<\/div><\/div><\/div><\/div>\n\t\t\t\t\t\t<\/div>\n\t\t\t\t\t<\/div>\n\t\t<\/div>\n\t\t\t\t\t<\/div>\n\t\t<\/section>\n\t\t\t\t<\/div>","protected":false},"excerpt":{"rendered":"","protected":false},"author":1,"featured_media":0,"parent":0,"menu_order":0,"comment_status":"closed","ping_status":"closed","template":"","meta":{"pagelayer_contact_templates":[],"_pagelayer_content":"","footnotes":""},"class_list":["post-789","page","type-page","status-publish","hentry"],"_links":{"self":[{"href":"https:\/\/atlispor.com.tr\/tr\/wp-json\/wp\/v2\/pages\/789","targetHints":{"allow":["GET"]}}],"collection":[{"href":"https:\/\/atlispor.com.tr\/tr\/wp-json\/wp\/v2\/pages"}],"about":[{"href":"https:\/\/atlispor.com.tr\/tr\/wp-json\/wp\/v2\/types\/page"}],"author":[{"embeddable":true,"href":"https:\/\/atlispor.com.tr\/tr\/wp-json\/wp\/v2\/users\/1"}],"replies":[{"embeddable":true,"href":"https:\/\/atlispor.com.tr\/tr\/wp-json\/wp\/v2\/comments?post=789"}],"version-history":[{"count":0,"href":"https:\/\/atlispor.com.tr\/tr\/wp-json\/wp\/v2\/pages\/789\/revisions"}],"wp:attachment":[{"href":"https:\/\/atlispor.com.tr\/tr\/wp-json\/wp\/v2\/media?parent=789"}],"curies":[{"name":"wp","href":"https:\/\/api.w.org\/{rel}","templated":true}]}}