{"id":813,"date":"2019-10-10T07:43:51","date_gmt":"2019-10-10T07:43:51","guid":{"rendered":"https:\/\/el3.thembaydev.com\/besa2_dark\/?page_id=813"},"modified":"2025-12-22T13:29:51","modified_gmt":"2025-12-22T13:29:51","slug":"recently-viewed-products","status":"publish","type":"page","link":"https:\/\/atlispor.com.tr\/tr\/recently-viewed-products\/","title":{"rendered":"Recently Viewed Products"},"content":{"rendered":"<div data-elementor-type=\"wp-page\" data-elementor-id=\"813\" class=\"elementor elementor-813\">\n\t\t\t\t\t\t<section class=\"elementor-section elementor-top-section elementor-element elementor-element-5538dfc elementor-section-stretched elementor-section-boxed elementor-section-height-default elementor-section-height-default\" data-id=\"5538dfc\" data-element_type=\"section\" data-settings=\"{&quot;stretch_section&quot;:&quot;section-stretched&quot;,&quot;background_background&quot;:&quot;classic&quot;}\">\n\t\t\t\t\t\t<div class=\"elementor-container elementor-column-gap-default\">\n\t\t\t\t\t<div class=\"elementor-column elementor-col-100 elementor-top-column elementor-element elementor-element-d8358f5\" data-id=\"d8358f5\" data-element_type=\"column\" data-settings=\"{&quot;background_background&quot;:&quot;classic&quot;}\">\n\t\t\t<div class=\"elementor-widget-wrap elementor-element-populated\">\n\t\t\t\t\t\t<div class=\"elementor-element elementor-element-1d52772 elementor-product-v1 elementor-widget elementor-widget-besa-product-recently-viewed\" data-id=\"1d52772\" data-element_type=\"widget\" data-widget_type=\"besa-product-recently-viewed.default\">\n\t\t\t\t<div class=\"elementor-widget-container\">\n\t\t\t\t\t\r\n<div class=\"tbay-element tbay-element-product-recently-viewed product-recently-viewed-main products\" data-wrapper=\"{&quot;layout&quot;:&quot;main&quot;}\">\r\n\r\n    \r\n        \r\n    \r\n\t \r\n<div class=\"product-recently-viewed row grid\" data-xlgdesktop=\"5\" data-desktop=\"5\" data-desktopsmall=\"4\" data-tablet=\"3\" data-landscape=\"2\" data-mobile=\"2\">\r\n\r\n    \r\n        <div class=\"item\">\r\n\t\t\t \r\n            <div class=\"products-grid product type-product post-9703 status-publish first instock product_cat-horse-shoes-nails has-post-thumbnail shipping-taxable purchasable product-type-simple\">\r\n\t\t\t\t<div class=\"product-block grid product v1\" data-product-id=\"9703\">\n\t\t\n\t\t\n\t<div class=\"product-content\">\n\t\t\t\t<div class=\"block-inner\">\n\t\t\t<figure class=\"image\">\n\t\t\t\t<a title=\"Mustad E-Nail\" href=\"https:\/\/atlispor.com.tr\/tr\/urun\/mustad-e-nail\/\" class=\"product-image\">\n\t\t\t\t\t<img fetchpriority=\"high\" decoding=\"async\" width=\"280\" height=\"280\" src=\"https:\/\/atlispor.com.tr\/wp-content\/uploads\/2026\/03\/MUSTAD-E-280x280.jpg\" class=\"attachment-shop_catalog image-effect\" alt=\"\" \/><img decoding=\"async\" width=\"280\" height=\"280\" src=\"https:\/\/atlispor.com.tr\/wp-content\/uploads\/2026\/03\/MUSTAD-E3-280x280.jpg\" class=\"image-hover\" alt=\"\" \/>\t\t\t\t<\/a>\n\n\t\t\t\t\t\t\t\t\t\t\t<div class=\"product-top\">\n\t\t\t\t\t\t\t\t\t\t\t\t\t\t\t<\/div>\n\t\t\t\t\t\t\n\t\t\t\t\t\t\t\t\t\t<\/figure>\n\t\t\t<div class=\"group-buttons\">\t\n\t\t\t\t<div class=\"add-cart\" title=\"Sepete Ekle\" data-no-translation-title=\"\"><a href=\"\/tr\/wp-json\/wp\/v2\/pages\/813?add-to-cart=9703\" aria-describedby=\"woocommerce_loop_add_to_cart_link_describedby_9703\" data-quantity=\"1\" class=\"button product_type_simple add_to_cart_button ajax_add_to_cart\" data-product_id=\"9703\" data-product_sku=\"BAYPRESS-01\" aria-label=\"Sepete ekle: \u201cMustad E-Nail\u201d\" rel=\"nofollow\" data-success_message=\"&quot;Mustad E-Nail&quot; sepetinize eklendi\" role=\"button\" data-no-translation-aria-label=\"\" data-no-translation-data-success_message=\"\"><i class=\"tb-icon tb-icon-zt-shopping-cart\"><\/i><span class=\"title-cart\" data-no-translation=\"\" data-trp-gettext=\"\">Sepete Ekle<\/span><\/a>\t\t\t<span id=\"woocommerce_loop_add_to_cart_link_describedby_9703\" class=\"screen-reader-text\">\r\n\t\t\t\t\t<\/span>\r\n\t<\/div><div class=\"button-wishlist shown-mobile\" title=\"\u0130stek Listesi\"><div class=\"yith-add-to-wishlist-button-block\" data-product-id=\"9703\" data-attributes=\"{&quot;kind&quot;:&quot;button&quot;}\"><\/div><\/div>            <div class=\"tbay-quick-view\">\r\n                <a href=\"#\" class=\"qview-button\" title =\"H\u0131zl\u0131 G\u00f6r\u00fcn\u00fcm\" data-effect=\"mfp-move-from-top\" data-product_id=\"9703\" data-toggle=\"modal\" data-target=\"#tbay-quickview-modal\">\r\n                    <i class=\"tb-icon tb-icon-zt-expand\"><\/i>\r\n                    <span>H\u0131zl\u0131 G\u00f6r\u00fcn\u00fcm<\/span>\r\n                <\/a>\r\n            <\/div>\r\n            \t\t    <\/div>\n\t\t<\/div>\n\t\t\t\t\n\t\t\t\t\t\n\t\t<div class=\"caption\">\n\t\t\t\t\t\t\t\t\t\n\t\t\t        \r\n        <h3 class=\"name full_name\"><a href=\"https:\/\/atlispor.com.tr\/tr\/urun\/mustad-e-nail\/\">Mustad E-Nail<\/a><\/h3>\r\n        \t\t\t\r\n<div class=\"rating\">\r\n\t\t\t<div class=\"star-rating\" role=\"img\" aria-label=\"5 \u00fczerinden 4.40 oy ald\u0131\" data-no-translation-aria-label=\"\"><span style=\"width:88%\" data-no-translation=\"\" data-trp-gettext=\"\">5 \u00fczerinden <strong class=\"rating\">4.40<\/strong> oy ald\u0131<\/span><\/div>\t\t<div class=\"count\"><span>5<\/span><\/div>\r\n\t<\/div>\t\t\t\n\t\t\t\t\t\t\t\t<div class=\"price-wrapper\">\n\t\t\t\t\t\t\n\t<span class=\"price\"><span class=\"woocommerce-Price-amount amount\"><bdi><span class=\"woocommerce-Price-currencySymbol\">&#8378;<\/span>399,00<\/bdi><\/span><\/span>\n\t\t\t\t\t<\/div>\n\t\t\t\t\t \n\t\t\t\t\t<\/div>\n\t\t\t\t\t\t    <\/div>\n    \n\t\n\t \n<\/div>\n\t\t\t<\/div>\r\n        <\/div>\r\n\r\n     \r\n<\/div>\r\n\r\n    \r\n\r\n<\/div>\t\t\t\t<\/div>\n\t\t\t\t<\/div>\n\t\t\t\t\t<\/div>\n\t\t<\/div>\n\t\t\t\t\t<\/div>\n\t\t<\/section>\n\t\t\t\t<\/div>","protected":false},"excerpt":{"rendered":"<p>View products Add to Wishlist Quick View Compare CT&amp;BH Korean checkerboard shirt SMV12 0 &#36;60.00 &ndash; &#36;350.99 Vendor: Boston Hayden 17% off Add to cart Browse Wishlist Quick View Compare Elppa Elppa iPed Pro (2018) (Wifi + 3G) Rated 4.00 out of 5 4 &#36;499.90 &#36;599.90 Vendor: Gia Marquez Add to cart Add to Wishlist &hellip; <a href=\"https:\/\/atlispor.com.tr\/tr\/urun\/mustad-e-nail\/\" class=\"more-link\">Okumaya devam et <span class=\"screen-reader-text\">Mustad E-Nail<\/span><\/a><\/p>","protected":false},"author":1,"featured_media":0,"parent":0,"menu_order":0,"comment_status":"closed","ping_status":"closed","template":"","meta":{"pagelayer_contact_templates":[],"_pagelayer_content":"","footnotes":""},"class_list":["post-813","page","type-page","status-publish","hentry"],"_links":{"self":[{"href":"https:\/\/atlispor.com.tr\/tr\/wp-json\/wp\/v2\/pages\/813","targetHints":{"allow":["GET"]}}],"collection":[{"href":"https:\/\/atlispor.com.tr\/tr\/wp-json\/wp\/v2\/pages"}],"about":[{"href":"https:\/\/atlispor.com.tr\/tr\/wp-json\/wp\/v2\/types\/page"}],"author":[{"embeddable":true,"href":"https:\/\/atlispor.com.tr\/tr\/wp-json\/wp\/v2\/users\/1"}],"replies":[{"embeddable":true,"href":"https:\/\/atlispor.com.tr\/tr\/wp-json\/wp\/v2\/comments?post=813"}],"version-history":[{"count":1,"href":"https:\/\/atlispor.com.tr\/tr\/wp-json\/wp\/v2\/pages\/813\/revisions"}],"predecessor-version":[{"id":9239,"href":"https:\/\/atlispor.com.tr\/tr\/wp-json\/wp\/v2\/pages\/813\/revisions\/9239"}],"wp:attachment":[{"href":"https:\/\/atlispor.com.tr\/tr\/wp-json\/wp\/v2\/media?parent=813"}],"curies":[{"name":"wp","href":"https:\/\/api.w.org\/{rel}","templated":true}]}}