{"id":10109,"date":"2026-04-06T21:22:21","date_gmt":"2026-04-06T21:22:21","guid":{"rendered":"https:\/\/atlispor.com.tr\/?post_type=product&#038;p=10109"},"modified":"2026-04-17T18:18:13","modified_gmt":"2026-04-17T18:18:13","slug":"derby-hind-side-clip-steel","status":"publish","type":"product","link":"https:\/\/atlispor.com.tr\/tr\/urun\/derby-hind-side-clip-steel\/","title":{"rendered":"Derby Hind Side Clip Steel"},"content":{"rendered":"","protected":false},"excerpt":{"rendered":"<div class=\"t pg-1m0 pg-1x1 pg-1h4 pg-1y4 pg-1ff2 pg-1fs1 pg-1fc1 pg-1sc0 pg-1ls0 pg-1ws0\">Derby at nallar\u0131, g\u00fcnl\u00fck kullan\u0131m i\u00e7in uygun fiyatl\u0131 ve kullan\u0131\u015fl\u0131 bir at nal\u0131 olarak tasarlanm\u0131\u015ft\u0131r.<\/div>\n<div class=\"t pg-1m0 pg-1x1 pg-1h4 pg-1y5 pg-1ff2 pg-1fs1 pg-1fc1 pg-1sc0 pg-1ls0 pg-1ws0\">Nal\u0131n \u015fekli, \u00e7o\u011fu toynak tipine uyacak \u015fekilde tasarlanm\u0131\u015ft\u0131r. Her toynak i\u00e7in \u00fcst\u00fcn performans sa\u011flar.<\/div>\n<div class=\"t pg-1m0 pg-1x1 pg-1h4 pg-1y6 pg-1ff2 pg-1fs1 pg-1fc1 pg-1sc0 pg-1ls0 pg-1ws0\">\u00c7ok y\u00f6nl\u00fc bu nal\u0131n uygulanmas\u0131 kolayd\u0131r ve simetrik bir \u015fekle sahiptir.<\/div>\n<div class=\"t pg-1m0 pg-1x1 pg-1h4 pg-1y7 pg-1ff2 pg-1fs1 pg-1fc1 pg-1sc0 pg-1ls0 pg-1ws0\">Derby nallar\u0131n\u0131n, \u00e7ivi delikleri makineyle Rifle E ve ESL \u00e7ivileriyle uyumlu olacak \u015fekilde \u015fekillendirilmi\u015ftir.<\/div>\n<div class=\"t pg-1m0 pg-1x1 pg-1h4 pg-1y8 pg-1ff2 pg-1fs1 pg-1fc1 pg-1sc0 pg-1ls0 pg-1ws0\">Rifle E ve ESL  birlikte kullan\u0131lmas\u0131 tavsiye edilir.<\/div>","protected":false},"featured_media":10118,"comment_status":"closed","ping_status":"closed","template":"","meta":{"pagelayer_contact_templates":[],"_pagelayer_content":""},"product_brand":[],"product_cat":[189,38],"product_tag":[],"class_list":{"0":"post-10109","1":"product","2":"type-product","3":"status-publish","4":"has-post-thumbnail","6":"product_cat-derby","7":"product_cat-horse-shoes","10":"instock","11":"shipping-taxable","12":"purchasable","13":"product-type-variable"},"_links":{"self":[{"href":"https:\/\/atlispor.com.tr\/tr\/wp-json\/wp\/v2\/product\/10109","targetHints":{"allow":["GET"]}}],"collection":[{"href":"https:\/\/atlispor.com.tr\/tr\/wp-json\/wp\/v2\/product"}],"about":[{"href":"https:\/\/atlispor.com.tr\/tr\/wp-json\/wp\/v2\/types\/product"}],"replies":[{"embeddable":true,"href":"https:\/\/atlispor.com.tr\/tr\/wp-json\/wp\/v2\/comments?post=10109"}],"version-history":[{"count":1,"href":"https:\/\/atlispor.com.tr\/tr\/wp-json\/wp\/v2\/product\/10109\/revisions"}],"predecessor-version":[{"id":10120,"href":"https:\/\/atlispor.com.tr\/tr\/wp-json\/wp\/v2\/product\/10109\/revisions\/10120"}],"wp:featuredmedia":[{"embeddable":true,"href":"https:\/\/atlispor.com.tr\/tr\/wp-json\/wp\/v2\/media\/10118"}],"wp:attachment":[{"href":"https:\/\/atlispor.com.tr\/tr\/wp-json\/wp\/v2\/media?parent=10109"}],"wp:term":[{"taxonomy":"product_brand","embeddable":true,"href":"https:\/\/atlispor.com.tr\/tr\/wp-json\/wp\/v2\/product_brand?post=10109"},{"taxonomy":"product_cat","embeddable":true,"href":"https:\/\/atlispor.com.tr\/tr\/wp-json\/wp\/v2\/product_cat?post=10109"},{"taxonomy":"product_tag","embeddable":true,"href":"https:\/\/atlispor.com.tr\/tr\/wp-json\/wp\/v2\/product_tag?post=10109"}],"curies":[{"name":"wp","href":"https:\/\/api.w.org\/{rel}","templated":true}]}}