{"id":10292,"date":"2026-04-11T21:22:20","date_gmt":"2026-04-11T21:22:20","guid":{"rendered":"https:\/\/atlispor.com.tr\/?post_type=product&#038;p=10292"},"modified":"2026-04-17T17:54:32","modified_gmt":"2026-04-17T17:54:32","slug":"libero-hind-sc-25x8","status":"publish","type":"product","link":"https:\/\/atlispor.com.tr\/tr\/urun\/libero-hind-sc-25x8\/","title":{"rendered":"Libero Hind SC 25&#215;8"},"content":{"rendered":"","protected":false},"excerpt":{"rendered":"<div class=\"t pg-1m0 pg-1x1 pg-1h4 pg-1y4 pg-1ff2 pg-1fs1 pg-1fc1 pg-1sc0 pg-1ls0 pg-1ws0\">\n<div class=\"t pg-1m0 pg-1x1 pg-1h3 pg-1y4 pg-1ff1 pg-1fs0 pg-1fc0 pg-1sc0 pg-1ls0 pg-1ws0\">\n<div class=\"t pg-1m0 pg-1x1 pg-1h4 pg-1y4 pg-1ff1 pg-1fs1 pg-1fc1 pg-1sc0 pg-1ls0 pg-1ws0\">LiBero, farkl\u0131 boy ve profillerde, \u00e7o\u011fu hobi ve spor atlar\u0131na uygun, 3\/4 oran\u0131nda kanala sahip,<\/div>\n<div class=\"t pg-1m0 pg-1x1 pg-1h4 pg-1y5 pg-1ff1 pg-1fs1 pg-1fc1 pg-1sc0 pg-1ls0 pg-1ws0\">geni\u015f kullan\u0131m alan\u0131na sahip bir nald\u0131r. LiBero serisinde sol ve sa\u011f fark\u0131 vard\u0131r. D\u0131\u015fa gelen taraf,<\/div>\n<div class=\"t pg-1m0 pg-1x1 pg-1h4 pg-1y6 pg-1ff1 pg-1fs1 pg-1fc1 pg-1sc0 pg-1ls0 pg-1ws0\">kanal\u0131n ucunda a\u00e7\u0131k\u00e7a i\u015faretlenmi\u015ftir ve her zaman biraz daha uzundur; \u00e7ivi delikleri<\/div>\n<div class=\"t pg-1m0 pg-1x1 pg-1h4 pg-1y7 pg-1ff1 pg-1fs1 pg-1fc1 pg-1sc0 pg-1ls0 pg-1ws0\">ise optimum uyum ve \u00e7ivileme i\u00e7in biraz daha kal\u0131n a\u00e7\u0131lm\u0131\u015ft\u0131r. Orta seviyede bir taban<\/div>\n<div class=\"t pg-1m0 pg-1x1 pg-1h4 pg-1y8 pg-1ff1 pg-1fs1 pg-1fc1 pg-1sc0 pg-1ls0 pg-1ws0\">dete\u011fi ,beyaz \u00e7izgiden 1 mm sonra ba\u015flar. Bu, taban a\u011f\u0131rl\u0131\u011f\u0131n\u0131n dengeli da\u011f\u0131l\u0131m\u0131 kadar,<\/div>\n<div class=\"t pg-1m0 pg-1x1 pg-1h4 pg-1y9 pg-1ff1 pg-1fs1 pg-1fc1 pg-1sc0 pg-1ls0 pg-1ws0\">nal ile taban aras\u0131na ta\u015f s\u0131k\u0131\u015fma riskini de azalt\u0131r.<\/div>\n<div class=\"t pg-1m0 pg-1x1 pg-1h4 pg-1ya pg-1ff1 pg-1fs1 pg-1fc1 pg-1sc0 pg-1ls0 pg-1ws0\">Ayr\u0131ca, kanal ve \u00e7ivi delikleri, Mustad \u00e7ivilerinin, \u00e7ivi deliklerinin alt yar\u0131s\u0131na tam olarak<\/div>\n<div class=\"t pg-1m0 pg-1x1 pg-1h4 pg-1yb pg-1ff1 pg-1fs1 pg-1fc1 pg-1sc0 pg-1ls0 pg-1ws0\">oturmas\u0131n\u0131 sa\u011flamak i\u00e7in yeniden tasarlam\u0131\u015ft\u0131r.<\/div>\n<div class=\"t pg-1m0 pg-1x1 pg-1h4 pg-1yc pg-1ff1 pg-1fs1 pg-1fc1 pg-1sc0 pg-1ls0 pg-1ws0\">V-\u015feklindeki kanal, \u00e7o\u011fu Avrupa tarz\u0131 standart ve uzun boyunlu \u00e7iviyle kusursuz bir \u015fekilde uyum sa\u011flar.<\/div>\n<\/div>\n<\/div>","protected":false},"featured_media":10287,"comment_status":"closed","ping_status":"closed","template":"","meta":{"pagelayer_contact_templates":[],"_pagelayer_content":""},"product_brand":[],"product_cat":[38,186],"product_tag":[],"class_list":{"0":"post-10292","1":"product","2":"type-product","3":"status-publish","4":"has-post-thumbnail","6":"product_cat-horse-shoes","7":"product_cat-libero","10":"instock","11":"shipping-taxable","12":"purchasable","13":"product-type-variable"},"_links":{"self":[{"href":"https:\/\/atlispor.com.tr\/tr\/wp-json\/wp\/v2\/product\/10292","targetHints":{"allow":["GET"]}}],"collection":[{"href":"https:\/\/atlispor.com.tr\/tr\/wp-json\/wp\/v2\/product"}],"about":[{"href":"https:\/\/atlispor.com.tr\/tr\/wp-json\/wp\/v2\/types\/product"}],"replies":[{"embeddable":true,"href":"https:\/\/atlispor.com.tr\/tr\/wp-json\/wp\/v2\/comments?post=10292"}],"version-history":[{"count":1,"href":"https:\/\/atlispor.com.tr\/tr\/wp-json\/wp\/v2\/product\/10292\/revisions"}],"predecessor-version":[{"id":10305,"href":"https:\/\/atlispor.com.tr\/tr\/wp-json\/wp\/v2\/product\/10292\/revisions\/10305"}],"wp:featuredmedia":[{"embeddable":true,"href":"https:\/\/atlispor.com.tr\/tr\/wp-json\/wp\/v2\/media\/10287"}],"wp:attachment":[{"href":"https:\/\/atlispor.com.tr\/tr\/wp-json\/wp\/v2\/media?parent=10292"}],"wp:term":[{"taxonomy":"product_brand","embeddable":true,"href":"https:\/\/atlispor.com.tr\/tr\/wp-json\/wp\/v2\/product_brand?post=10292"},{"taxonomy":"product_cat","embeddable":true,"href":"https:\/\/atlispor.com.tr\/tr\/wp-json\/wp\/v2\/product_cat?post=10292"},{"taxonomy":"product_tag","embeddable":true,"href":"https:\/\/atlispor.com.tr\/tr\/wp-json\/wp\/v2\/product_tag?post=10292"}],"curies":[{"name":"wp","href":"https:\/\/api.w.org\/{rel}","templated":true}]}}