{"id":10415,"date":"2026-04-13T13:19:13","date_gmt":"2026-04-13T13:19:13","guid":{"rendered":"https:\/\/atlispor.com.tr\/?post_type=product&#038;p=10415"},"modified":"2026-04-17T17:59:24","modified_gmt":"2026-04-17T17:59:24","slug":"concorde-xtra-steel-hind-toe-clip","status":"publish","type":"product","link":"https:\/\/atlispor.com.tr\/tr\/urun\/concorde-xtra-steel-hind-toe-clip\/","title":{"rendered":"Concorde XTRA Steel Hind Toe Clip"},"content":{"rendered":"","protected":false},"excerpt":{"rendered":"<div class=\"t pg-1m0 pg-1x1 pg-1h3 pg-1y4 pg-1ff1 pg-1fs0 pg-1fc0 pg-1sc0 pg-1ls0 pg-1ws0\">\n<div class=\"t pg-1m0 pg-1x1 pg-1h3 pg-1y4 pg-1ff1 pg-1fs0 pg-1fc0 pg-1sc0 pg-1ls0 pg-1ws0\">Concorde Steel Extra, \u00f6zellikle yar\u0131\u015f atlar\u0131 ve m\u00fcsabaka atlar\u0131 i\u00e7in tasarlanm\u0131\u015ft\u0131r.<\/div>\n<div class=\"t pg-1m0 pg-1x1 pg-1h3 pg-1y5 pg-1ff1 pg-1fs0 pg-1fc0 pg-1sc0 pg-1ls0 pg-1ws0\">St Croix Concorde Xtra Steel at nal\u0131n\u0131n \u00f6zellikleri:<\/div>\n<ul>\n<li class=\"t pg-1m0 pg-1x1 pg-1h3 pg-1y6 pg-1ff1 pg-1fs0 pg-1fc0 pg-1sc0 pg-1ls0 pg-1ws0\">Ekstra geni\u015flik: Daha geni\u015f profil, ek destek ve a\u015f\u0131nmaya kar\u015f\u0131 direnci sa\u011flar.<\/li>\n<li class=\"t pg-1m0 pg-1x1 pg-1h3 pg-1y7 pg-1ff1 pg-1fs0 pg-1fc0 pg-1sc0 pg-1ls0 pg-1ws0\">Ekstra \u00d6k\u00e7e Deste\u011fi: Deste\u011fi art\u0131r\u0131r ve \u00f6k\u00e7eyi tamamen kapat\u0131r.<\/li>\n<li class=\"t pg-1m0 pg-1x1 pg-1h3 pg-1y8 pg-1ff1 pg-1fs0 pg-1fc0 pg-1sc0 pg-1ls0 pg-1ws0\">Yuvarlak \u015fekle ve \u00f6n ayaklara m\u00fckemmel uyum sa\u011flam\u0131\u015f s\u00fcmb\u00fck.<\/li>\n<li class=\"t pg-1m0 pg-1x1 pg-1h3 pg-1y9 pg-1ff1 pg-1fs0 pg-1fc0 pg-1sc0 pg-1ls0 pg-1ws0\">Ekstra \u00c7eki\u015f: nal\u0131n i\u00e7 k\u0131sm\u0131ndaki konkav b\u00f6l\u00fcm ve nal\u0131n d\u0131\u015f\u0131ndaki keskin kenarlar sayesinde sa\u011flan\u0131r<\/li>\n<li class=\"t pg-1m0 pg-1x1 pg-1h3 pg-1yb pg-1ff1 pg-1fs0 pg-1fc0 pg-1sc0 pg-1ls0 pg-1ws0\">Ekstra \u00c7ivi Delikleri: Nalbantlara, daha farkl\u0131 noktalara \u00e7ivi \u00e7akma se\u00e7ene\u011fini sunmak ve nal\u0131n a\u00e7\u0131k u\u00e7lu (ters uygulama) olarakta kullan\u0131lmas\u0131n\u0131 sa\u011flamak i\u00e7indir.<\/li>\n<\/ul>\n<div><\/div>\n<div class=\"t pg-1m0 pg-1x1 pg-1h3 pg-1yd pg-1ff1 pg-1fs0 pg-1fc0 pg-1sc0 pg-1ls0 pg-1ws0\">U kanall\u0131 nallara uygun yar\u0131\u015f \u00e7ivileri i\u00e7indir; Mustad Hammerhead nal\u0131 \u00e7ivileri<\/div>\n<div class=\"t pg-1m0 pg-1x1 pg-1h3 pg-1ye pg-1ff1 pg-1fs0 pg-1fc0 pg-1sc0 pg-1ls0 pg-1ws0\">tavsiye edilir.<\/div>\n<\/div>","protected":false},"featured_media":10424,"comment_status":"closed","ping_status":"closed","template":"","meta":{"pagelayer_contact_templates":[],"_pagelayer_content":""},"product_brand":[],"product_cat":[188,38],"product_tag":[],"class_list":{"0":"post-10415","1":"product","2":"type-product","3":"status-publish","4":"has-post-thumbnail","6":"product_cat-concorde","7":"product_cat-horse-shoes","10":"instock","11":"shipping-taxable","12":"purchasable","13":"product-type-variable"},"_links":{"self":[{"href":"https:\/\/atlispor.com.tr\/tr\/wp-json\/wp\/v2\/product\/10415","targetHints":{"allow":["GET"]}}],"collection":[{"href":"https:\/\/atlispor.com.tr\/tr\/wp-json\/wp\/v2\/product"}],"about":[{"href":"https:\/\/atlispor.com.tr\/tr\/wp-json\/wp\/v2\/types\/product"}],"replies":[{"embeddable":true,"href":"https:\/\/atlispor.com.tr\/tr\/wp-json\/wp\/v2\/comments?post=10415"}],"version-history":[{"count":1,"href":"https:\/\/atlispor.com.tr\/tr\/wp-json\/wp\/v2\/product\/10415\/revisions"}],"predecessor-version":[{"id":10428,"href":"https:\/\/atlispor.com.tr\/tr\/wp-json\/wp\/v2\/product\/10415\/revisions\/10428"}],"wp:featuredmedia":[{"embeddable":true,"href":"https:\/\/atlispor.com.tr\/tr\/wp-json\/wp\/v2\/media\/10424"}],"wp:attachment":[{"href":"https:\/\/atlispor.com.tr\/tr\/wp-json\/wp\/v2\/media?parent=10415"}],"wp:term":[{"taxonomy":"product_brand","embeddable":true,"href":"https:\/\/atlispor.com.tr\/tr\/wp-json\/wp\/v2\/product_brand?post=10415"},{"taxonomy":"product_cat","embeddable":true,"href":"https:\/\/atlispor.com.tr\/tr\/wp-json\/wp\/v2\/product_cat?post=10415"},{"taxonomy":"product_tag","embeddable":true,"href":"https:\/\/atlispor.com.tr\/tr\/wp-json\/wp\/v2\/product_tag?post=10415"}],"curies":[{"name":"wp","href":"https:\/\/api.w.org\/{rel}","templated":true}]}}