{"id":10486,"date":"2026-04-27T10:23:04","date_gmt":"2026-04-27T10:23:04","guid":{"rendered":"https:\/\/atlispor.com.tr\/?post_type=product&#038;p=10486"},"modified":"2026-04-28T11:25:06","modified_gmt":"2026-04-28T11:25:06","slug":"concorde-steel-hind-side-clip","status":"publish","type":"product","link":"https:\/\/atlispor.com.tr\/tr\/urun\/concorde-steel-hind-side-clip\/","title":{"rendered":"Concorde Demir Arka \u00c7ift Kulak"},"content":{"rendered":"","protected":false},"excerpt":{"rendered":"<p data-pm-slice=\"1 1 []\">ST CROIX YARI\u015e NALLARI<\/p>\n<p>Concorde yar\u0131\u015f nallar\u0131, \u00f6zellikle performans, spor atlar\u0131 ve iyi kavrama, tutu\u015f ile h\u0131z\u0131n gerekli oldu\u011fu gen\u00e7 safkan atlar i\u00e7inde ideal bir nald\u0131r.<\/p>\n<p>yar\u0131\u015f atlar\u0131 i\u00e7in tasarlanm\u0131\u015f hafif \u00e7elik bir nald\u0131r.<\/p>\n<p>Tamamen i\u00e7b\u00fckey bir nal olup, boydan boya kanall\u0131 yap\u0131s\u0131yla daha d\u00fc\u015f\u00fck a\u011f\u0131rl\u0131kta, yere ekstra tutu\u015f sa\u011flar.<\/p>\n<p data-pm-slice=\"1 1 []\">\u00d6zellikleri \u015funlard\u0131r:<\/p>\n<ul>\n<li data-pm-slice=\"1 1 []\">\n<p data-pm-slice=\"1 1 []\">T\u0131rna\u011f\u0131n dairesel hareketine yard\u0131mc\u0131 olan e\u011fimli d\u0131\u015f kenar<\/p>\n<\/li>\n<li data-pm-slice=\"1 1 []\">\n<p data-pm-slice=\"1 1 []\">\u0130\u00e7b\u00fckey k\u0131s\u0131m, taban ve \u00e7ataldan toprak ve kumun at\u0131lmas\u0131na yard\u0131mc\u0131 olur<\/p>\n<\/li>\n<li data-pm-slice=\"1 1 []\">\n<p data-pm-slice=\"1 1 []\">Geli\u015ftirilmi\u015f \u00f6k\u00e7e ile ek destek sa\u011flar ve vida deliklerinin a\u00e7\u0131lmas\u0131na olanak tan\u0131r<\/p>\n<\/li>\n<\/ul>","protected":false},"featured_media":10496,"comment_status":"closed","ping_status":"closed","template":"","meta":{"pagelayer_contact_templates":[],"_pagelayer_content":""},"product_brand":[],"product_cat":[188,38],"product_tag":[],"class_list":{"0":"post-10486","1":"product","2":"type-product","3":"status-publish","4":"has-post-thumbnail","6":"product_cat-concorde","7":"product_cat-horse-shoes","10":"instock","11":"featured","12":"shipping-taxable","13":"purchasable","14":"product-type-variable"},"_links":{"self":[{"href":"https:\/\/atlispor.com.tr\/tr\/wp-json\/wp\/v2\/product\/10486","targetHints":{"allow":["GET"]}}],"collection":[{"href":"https:\/\/atlispor.com.tr\/tr\/wp-json\/wp\/v2\/product"}],"about":[{"href":"https:\/\/atlispor.com.tr\/tr\/wp-json\/wp\/v2\/types\/product"}],"replies":[{"embeddable":true,"href":"https:\/\/atlispor.com.tr\/tr\/wp-json\/wp\/v2\/comments?post=10486"}],"version-history":[{"count":3,"href":"https:\/\/atlispor.com.tr\/tr\/wp-json\/wp\/v2\/product\/10486\/revisions"}],"predecessor-version":[{"id":10562,"href":"https:\/\/atlispor.com.tr\/tr\/wp-json\/wp\/v2\/product\/10486\/revisions\/10562"}],"wp:featuredmedia":[{"embeddable":true,"href":"https:\/\/atlispor.com.tr\/tr\/wp-json\/wp\/v2\/media\/10496"}],"wp:attachment":[{"href":"https:\/\/atlispor.com.tr\/tr\/wp-json\/wp\/v2\/media?parent=10486"}],"wp:term":[{"taxonomy":"product_brand","embeddable":true,"href":"https:\/\/atlispor.com.tr\/tr\/wp-json\/wp\/v2\/product_brand?post=10486"},{"taxonomy":"product_cat","embeddable":true,"href":"https:\/\/atlispor.com.tr\/tr\/wp-json\/wp\/v2\/product_cat?post=10486"},{"taxonomy":"product_tag","embeddable":true,"href":"https:\/\/atlispor.com.tr\/tr\/wp-json\/wp\/v2\/product_tag?post=10486"}],"curies":[{"name":"wp","href":"https:\/\/api.w.org\/{rel}","templated":true}]}}