{"id":10509,"date":"2026-04-27T15:27:17","date_gmt":"2026-04-27T15:27:17","guid":{"rendered":"https:\/\/atlispor.com.tr\/?post_type=product&#038;p=10509"},"modified":"2026-04-28T11:08:23","modified_gmt":"2026-04-28T11:08:23","slug":"concorde-equi-librium-steel-front-unclipped","status":"publish","type":"product","link":"https:\/\/atlispor.com.tr\/tr\/urun\/concorde-equi-librium-steel-front-unclipped\/","title":{"rendered":"Concorde Equi-Librium Demir \u00d6n Kulaks\u0131z"},"content":{"rendered":"","protected":false},"excerpt":{"rendered":"<p>St Croix Forge Concord Equi-Librium, yar\u0131\u015f ve spor atlar\u0131 i\u00e7in teknolojik olarak ileri seviyede bir yar\u0131\u015f nal\u0131d\u0131r.Y\u00fcksek performansl\u0131 atlar i\u00e7in \u00e7\u0131\u011f\u0131r a\u00e7an bir \u00fcr\u00fcnd\u00fcr<\/p>\n<p>Concorde Equi-Librium, y\u00fcksek performans s\u0131ras\u0131nda a\u015f\u0131r\u0131 y\u00fcklenmeyi azaltan, ideal bir dengeyi m\u00fcmk\u00fcn k\u0131lar. Baca\u011f\u0131n y\u00fck\u00fcn\u00fc azaltma \u00f6zelli\u011fi bilimsel olarak kan\u0131tlanm\u0131\u015ft\u0131r.<\/p>\n<p>Geli\u015fmi\u015f tasar\u0131m\u0131, t\u00fcm y\u00f6nlerde daha yumu\u015fak ve do\u011fal hareket sa\u011flayarak, t\u0131rna\u011f\u0131n yere bas\u0131\u015f ve kalk\u0131\u015f\u0131ndaki ak\u0131c\u0131l\u0131\u011f\u0131n\u0131 art\u0131r\u0131r. Nal\u0131n anatomik \u015fekli, t\u0131rnak yere tam basarken ula\u015f\u0131lan en y\u00fcksek bas\u0131nc\u0131 azaltarak, zorlanmay\u0131 \u00f6nlemeye ve genel hareketi iyile\u015ftirmeye yard\u0131mc\u0131 olur.<\/p>\n<p>Performans\u0131 art\u0131rd\u0131\u011f\u0131 ve yaralanma riskini azaltt\u0131\u011f\u0131 kan\u0131tlanm\u0131\u015ft\u0131r.<\/p>\n<p>&nbsp;<\/p>\n<p data-pm-slice=\"1 1 []\">Yenilik\u00e7i \u00d6zellikler:<\/p>\n<ul>\n<li data-pm-slice=\"1 1 []\">Anatomik Tasar\u0131m: Optimum uyum ve konfor i\u00e7in at\u0131n t\u0131rna\u011f\u0131n\u0131n do\u011fal \u015feklindedir.<\/li>\n<li>Yapra\u011f\u0131n naldaki konumu: T\u0131rna\u011f\u0131n yerden kalk\u0131\u015f\u0131n\u0131 kolayla\u015ft\u0131r\u0131r.<\/li>\n<li>Benzersiz Yar\u0131\u015fa \u00d6zel Tasar\u0131m: G\u00fcvenli ve g\u00fcvenilir \u00e7ivi uyumu i\u00e7in V-kanala sahiptir, y\u00fcksek performanslar i\u00e7in m\u00fckemmeldir.<\/li>\n<li>\u0130\u00e7b\u00fckey k\u0131s\u0131m: A\u011f\u0131rl\u0131\u011f\u0131 azalt\u0131r ve tabana daha kolay eri\u015fim sa\u011flayarak konforu ve performans\u0131 daha da art\u0131r\u0131r.<\/li>\n<li>\u00c7ift boyutlu yuvarlat\u0131lm\u0131\u015f ekstra geni\u015f s\u00fcmb\u00fck, e\u015fsiz \u015fekilde t\u0131rna\u011f\u0131n yerden kalk\u0131\u015f\u0131n\u0131 sa\u011flar.<\/li>\n<\/ul>\n<p>&nbsp;<\/p>\n<p>Mustad Swift veya Mustad Hammerhead \u00e7ivileriyle kullan\u0131lmas\u0131 \u00f6nerilir.<\/p>","protected":false},"featured_media":10508,"comment_status":"closed","ping_status":"closed","template":"","meta":{"pagelayer_contact_templates":[],"_pagelayer_content":""},"product_brand":[],"product_cat":[187,38],"product_tag":[],"class_list":{"0":"post-10509","1":"product","2":"type-product","3":"status-publish","4":"has-post-thumbnail","6":"product_cat-equilibrium","7":"product_cat-horse-shoes","10":"instock","11":"featured","12":"shipping-taxable","13":"purchasable","14":"product-type-variable"},"_links":{"self":[{"href":"https:\/\/atlispor.com.tr\/tr\/wp-json\/wp\/v2\/product\/10509","targetHints":{"allow":["GET"]}}],"collection":[{"href":"https:\/\/atlispor.com.tr\/tr\/wp-json\/wp\/v2\/product"}],"about":[{"href":"https:\/\/atlispor.com.tr\/tr\/wp-json\/wp\/v2\/types\/product"}],"replies":[{"embeddable":true,"href":"https:\/\/atlispor.com.tr\/tr\/wp-json\/wp\/v2\/comments?post=10509"}],"version-history":[{"count":2,"href":"https:\/\/atlispor.com.tr\/tr\/wp-json\/wp\/v2\/product\/10509\/revisions"}],"predecessor-version":[{"id":10553,"href":"https:\/\/atlispor.com.tr\/tr\/wp-json\/wp\/v2\/product\/10509\/revisions\/10553"}],"wp:featuredmedia":[{"embeddable":true,"href":"https:\/\/atlispor.com.tr\/tr\/wp-json\/wp\/v2\/media\/10508"}],"wp:attachment":[{"href":"https:\/\/atlispor.com.tr\/tr\/wp-json\/wp\/v2\/media?parent=10509"}],"wp:term":[{"taxonomy":"product_brand","embeddable":true,"href":"https:\/\/atlispor.com.tr\/tr\/wp-json\/wp\/v2\/product_brand?post=10509"},{"taxonomy":"product_cat","embeddable":true,"href":"https:\/\/atlispor.com.tr\/tr\/wp-json\/wp\/v2\/product_cat?post=10509"},{"taxonomy":"product_tag","embeddable":true,"href":"https:\/\/atlispor.com.tr\/tr\/wp-json\/wp\/v2\/product_tag?post=10509"}],"curies":[{"name":"wp","href":"https:\/\/api.w.org\/{rel}","templated":true}]}}