{"id":10567,"date":"2026-04-28T11:47:45","date_gmt":"2026-04-28T11:47:45","guid":{"rendered":"https:\/\/atlispor.com.tr\/?post_type=product&#038;p=10567"},"modified":"2026-04-28T11:50:20","modified_gmt":"2026-04-28T11:50:20","slug":"concorde-x-tra-hind-side-clip-aluminium","status":"publish","type":"product","link":"https:\/\/atlispor.com.tr\/tr\/urun\/concorde-x-tra-hind-side-clip-aluminium\/","title":{"rendered":"Concorde X-TRA Arka, \u00c7ift Kulak Aluminyum"},"content":{"rendered":"","protected":false},"excerpt":{"rendered":"<p data-pm-slice=\"1 1 []\">St Croix Concorde Xtra \u00d6n ve Arka model at nal\u0131, t\u00fcm yar\u0131\u015f y\u00fczeyleri (Toprak, \u00c7im, Sentetik) i\u00e7in HISA (At Yar\u0131\u015f\u0131 B\u00fct\u00fcnl\u00fc\u011f\u00fc ve G\u00fcvenlik Otoritesi) uyumludur.<\/p>\n<p>St Croix Concorde Xtra Al\u00fcminyum At Nal\u0131 \u00d6zellikleri:<\/p>\n<ul>\n<li>Ekstra Geni\u015flik: Daha geni\u015f profil, fazladan destek ve a\u015f\u0131nma direnci sa\u011flar.<\/li>\n<li>Ekstra \u00d6k\u00e7e Deste\u011fi: Deste\u011fi art\u0131r\u0131r ve \u00f6k\u00e7eyi tamamen kapat\u0131r.<\/li>\n<li>Ekstra Yere Tutunu\u015f: At nal\u0131n\u0131n i\u00e7b\u00fckey b\u00f6l\u00fcm\u00fc ve d\u0131\u015f taraf\u0131ndaki belirgin kenarlarca sa\u011flan\u0131r.<\/li>\n<li>Ekstra \u00c7ivi Delikleri: Nalbanta daha farkl\u0131 noktalara \u00e7ivi \u00e7akma olana\u011f\u0131 sunarken, at nal\u0131n\u0131n a\u00e7\u0131k burunlu olarak kullan\u0131labilmesine de imkan verir.<\/li>\n<li>Ekstra A\u015f\u0131nma Direnci: \u00c7elik par\u00e7an\u0131n s\u00fcmb\u00fc\u011f\u00fcn biraz daha d\u0131\u015f\u0131na yerle\u015ftirilmesiyle a\u015f\u0131nma direnci art\u0131r\u0131lm\u0131\u015ft\u0131r.<\/li>\n<\/ul>\n<p>Hafif al\u00fcminyum yap\u0131, mukavemet veya stabiliteden \u00f6d\u00fcn vermeden dizden a\u015fa\u011f\u0131s\u0131n\u0131n a\u011f\u0131rl\u0131\u011f\u0131n\u0131 azaltmaya yard\u0131mc\u0131 olur.<\/p>","protected":false},"featured_media":10576,"comment_status":"closed","ping_status":"closed","template":"","meta":{"pagelayer_contact_templates":[],"_pagelayer_content":""},"product_brand":[],"product_cat":[188,38],"product_tag":[],"class_list":{"0":"post-10567","1":"product","2":"type-product","3":"status-publish","4":"has-post-thumbnail","6":"product_cat-concorde","7":"product_cat-horse-shoes","10":"instock","11":"shipping-taxable","12":"purchasable","13":"product-type-variable"},"_links":{"self":[{"href":"https:\/\/atlispor.com.tr\/tr\/wp-json\/wp\/v2\/product\/10567","targetHints":{"allow":["GET"]}}],"collection":[{"href":"https:\/\/atlispor.com.tr\/tr\/wp-json\/wp\/v2\/product"}],"about":[{"href":"https:\/\/atlispor.com.tr\/tr\/wp-json\/wp\/v2\/types\/product"}],"replies":[{"embeddable":true,"href":"https:\/\/atlispor.com.tr\/tr\/wp-json\/wp\/v2\/comments?post=10567"}],"version-history":[{"count":1,"href":"https:\/\/atlispor.com.tr\/tr\/wp-json\/wp\/v2\/product\/10567\/revisions"}],"predecessor-version":[{"id":10578,"href":"https:\/\/atlispor.com.tr\/tr\/wp-json\/wp\/v2\/product\/10567\/revisions\/10578"}],"wp:featuredmedia":[{"embeddable":true,"href":"https:\/\/atlispor.com.tr\/tr\/wp-json\/wp\/v2\/media\/10576"}],"wp:attachment":[{"href":"https:\/\/atlispor.com.tr\/tr\/wp-json\/wp\/v2\/media?parent=10567"}],"wp:term":[{"taxonomy":"product_brand","embeddable":true,"href":"https:\/\/atlispor.com.tr\/tr\/wp-json\/wp\/v2\/product_brand?post=10567"},{"taxonomy":"product_cat","embeddable":true,"href":"https:\/\/atlispor.com.tr\/tr\/wp-json\/wp\/v2\/product_cat?post=10567"},{"taxonomy":"product_tag","embeddable":true,"href":"https:\/\/atlispor.com.tr\/tr\/wp-json\/wp\/v2\/product_tag?post=10567"}],"curies":[{"name":"wp","href":"https:\/\/api.w.org\/{rel}","templated":true}]}}