{"id":10788,"date":"2026-05-03T12:03:09","date_gmt":"2026-05-03T12:03:09","guid":{"rendered":"https:\/\/atlispor.com.tr\/?post_type=product&#038;p=10788"},"modified":"2026-05-03T12:03:09","modified_gmt":"2026-05-03T12:03:09","slug":"hoof-knife-dropped-blade","status":"publish","type":"product","link":"https:\/\/atlispor.com.tr\/tr\/urun\/hoof-knife-dropped-blade\/","title":{"rendered":"E\u011fimli A\u011f\u0131zl\u0131 Renet"},"content":{"rendered":"","protected":false},"excerpt":{"rendered":"","protected":false},"featured_media":0,"comment_status":"open","ping_status":"closed","template":"","meta":{"pagelayer_contact_templates":[],"_pagelayer_content":""},"product_brand":[],"product_cat":[52],"product_tag":[],"class_list":{"0":"post-10788","1":"product","2":"type-product","3":"status-publish","5":"product_cat-farrier-tools","8":"instock","9":"shipping-taxable","10":"purchasable","11":"product-type-variable"},"_links":{"self":[{"href":"https:\/\/atlispor.com.tr\/tr\/wp-json\/wp\/v2\/product\/10788","targetHints":{"allow":["GET"]}}],"collection":[{"href":"https:\/\/atlispor.com.tr\/tr\/wp-json\/wp\/v2\/product"}],"about":[{"href":"https:\/\/atlispor.com.tr\/tr\/wp-json\/wp\/v2\/types\/product"}],"replies":[{"embeddable":true,"href":"https:\/\/atlispor.com.tr\/tr\/wp-json\/wp\/v2\/comments?post=10788"}],"version-history":[{"count":1,"href":"https:\/\/atlispor.com.tr\/tr\/wp-json\/wp\/v2\/product\/10788\/revisions"}],"predecessor-version":[{"id":10791,"href":"https:\/\/atlispor.com.tr\/tr\/wp-json\/wp\/v2\/product\/10788\/revisions\/10791"}],"wp:attachment":[{"href":"https:\/\/atlispor.com.tr\/tr\/wp-json\/wp\/v2\/media?parent=10788"}],"wp:term":[{"taxonomy":"product_brand","embeddable":true,"href":"https:\/\/atlispor.com.tr\/tr\/wp-json\/wp\/v2\/product_brand?post=10788"},{"taxonomy":"product_cat","embeddable":true,"href":"https:\/\/atlispor.com.tr\/tr\/wp-json\/wp\/v2\/product_cat?post=10788"},{"taxonomy":"product_tag","embeddable":true,"href":"https:\/\/atlispor.com.tr\/tr\/wp-json\/wp\/v2\/product_tag?post=10788"}],"curies":[{"name":"wp","href":"https:\/\/api.w.org\/{rel}","templated":true}]}}