{"id":10828,"date":"2026-05-03T21:39:37","date_gmt":"2026-05-03T21:39:37","guid":{"rendered":"https:\/\/atlispor.com.tr\/?post_type=product&#038;p=10828"},"modified":"2026-05-03T21:39:37","modified_gmt":"2026-05-03T21:39:37","slug":"heller-handle-rasp-plastic","status":"publish","type":"product","link":"https:\/\/atlispor.com.tr\/tr\/urun\/heller-handle-rasp-plastic\/","title":{"rendered":"Heller T\u00f6rp\u00fc Sap\u0131, Plastik"},"content":{"rendered":"","protected":false},"excerpt":{"rendered":"","protected":false},"featured_media":10829,"comment_status":"closed","ping_status":"closed","template":"","meta":{"pagelayer_contact_templates":[],"_pagelayer_content":""},"product_brand":[],"product_cat":[215],"product_tag":[],"class_list":{"0":"post-10828","1":"product","2":"type-product","3":"status-publish","4":"has-post-thumbnail","6":"product_cat-hoof-rasp","9":"instock","10":"shipping-taxable","11":"purchasable","12":"product-type-variable"},"_links":{"self":[{"href":"https:\/\/atlispor.com.tr\/tr\/wp-json\/wp\/v2\/product\/10828","targetHints":{"allow":["GET"]}}],"collection":[{"href":"https:\/\/atlispor.com.tr\/tr\/wp-json\/wp\/v2\/product"}],"about":[{"href":"https:\/\/atlispor.com.tr\/tr\/wp-json\/wp\/v2\/types\/product"}],"replies":[{"embeddable":true,"href":"https:\/\/atlispor.com.tr\/tr\/wp-json\/wp\/v2\/comments?post=10828"}],"version-history":[{"count":1,"href":"https:\/\/atlispor.com.tr\/tr\/wp-json\/wp\/v2\/product\/10828\/revisions"}],"predecessor-version":[{"id":10833,"href":"https:\/\/atlispor.com.tr\/tr\/wp-json\/wp\/v2\/product\/10828\/revisions\/10833"}],"wp:featuredmedia":[{"embeddable":true,"href":"https:\/\/atlispor.com.tr\/tr\/wp-json\/wp\/v2\/media\/10829"}],"wp:attachment":[{"href":"https:\/\/atlispor.com.tr\/tr\/wp-json\/wp\/v2\/media?parent=10828"}],"wp:term":[{"taxonomy":"product_brand","embeddable":true,"href":"https:\/\/atlispor.com.tr\/tr\/wp-json\/wp\/v2\/product_brand?post=10828"},{"taxonomy":"product_cat","embeddable":true,"href":"https:\/\/atlispor.com.tr\/tr\/wp-json\/wp\/v2\/product_cat?post=10828"},{"taxonomy":"product_tag","embeddable":true,"href":"https:\/\/atlispor.com.tr\/tr\/wp-json\/wp\/v2\/product_tag?post=10828"}],"curies":[{"name":"wp","href":"https:\/\/api.w.org\/{rel}","templated":true}]}}