{"id":2958,"date":"2019-11-22T02:02:24","date_gmt":"2019-11-21T19:02:24","guid":{"rendered":"https:\/\/el3.thembaydev.com\/besa2_dark\/?post_type=product&#038;p=2958"},"modified":"2026-03-01T22:13:10","modified_gmt":"2026-03-01T22:13:10","slug":"heller-red-tang","status":"publish","type":"product","link":"https:\/\/atlispor.com.tr\/tr\/urun\/heller-red-tang\/","title":{"rendered":"Heller Red Tang"},"content":{"rendered":"","protected":false},"excerpt":{"rendered":"<p data-pm-slice=\"1 1 []\">Sert t\u0131rnaklar i\u00e7in geli\u015ftirildi.<\/p>\n<p>Heller Red Tang t\u00f6rp\u00fcs\u00fc, daha k\u00fc\u00e7\u00fck ve daha yo\u011fun di\u015f desenine sahiptir; sert t\u0131rnaklar ve kuru hava ko\u015fullar\u0131 i\u00e7in idealdir ve \u00f6zellikle nallanm\u0131\u015f spor atlar\u0131 i\u00e7in \u00e7ok uygundur.<\/p>\n<p>Heller Red Tang, kumda ve \u00e7amurda fazla zaman ge\u00e7iren atlar i\u00e7in do\u011fru se\u00e7imdir.<\/p>\n<p>Heller t\u00f6rp\u00fclerinin ince taraf\u0131 keskindir ve kolayca t\u0131rna\u011f\u0131n d\u00fczeltilmesine imkan verir.<\/p>","protected":false},"featured_media":9353,"comment_status":"closed","ping_status":"closed","template":"","meta":{"pagelayer_contact_templates":[],"_pagelayer_content":""},"product_brand":[],"product_cat":[43],"product_tag":[],"class_list":{"0":"post-2958","1":"product","2":"type-product","3":"status-publish","4":"has-post-thumbnail","6":"product_cat-horse-shoes-nails","9":"instock","10":"shipping-taxable","11":"purchasable","12":"product-type-simple"},"_links":{"self":[{"href":"https:\/\/atlispor.com.tr\/tr\/wp-json\/wp\/v2\/product\/2958","targetHints":{"allow":["GET"]}}],"collection":[{"href":"https:\/\/atlispor.com.tr\/tr\/wp-json\/wp\/v2\/product"}],"about":[{"href":"https:\/\/atlispor.com.tr\/tr\/wp-json\/wp\/v2\/types\/product"}],"replies":[{"embeddable":true,"href":"https:\/\/atlispor.com.tr\/tr\/wp-json\/wp\/v2\/comments?post=2958"}],"version-history":[{"count":6,"href":"https:\/\/atlispor.com.tr\/tr\/wp-json\/wp\/v2\/product\/2958\/revisions"}],"predecessor-version":[{"id":9757,"href":"https:\/\/atlispor.com.tr\/tr\/wp-json\/wp\/v2\/product\/2958\/revisions\/9757"}],"wp:featuredmedia":[{"embeddable":true,"href":"https:\/\/atlispor.com.tr\/tr\/wp-json\/wp\/v2\/media\/9353"}],"wp:attachment":[{"href":"https:\/\/atlispor.com.tr\/tr\/wp-json\/wp\/v2\/media?parent=2958"}],"wp:term":[{"taxonomy":"product_brand","embeddable":true,"href":"https:\/\/atlispor.com.tr\/tr\/wp-json\/wp\/v2\/product_brand?post=2958"},{"taxonomy":"product_cat","embeddable":true,"href":"https:\/\/atlispor.com.tr\/tr\/wp-json\/wp\/v2\/product_cat?post=2958"},{"taxonomy":"product_tag","embeddable":true,"href":"https:\/\/atlispor.com.tr\/tr\/wp-json\/wp\/v2\/product_tag?post=2958"}],"curies":[{"name":"wp","href":"https:\/\/api.w.org\/{rel}","templated":true}]}}