{"id":2971,"date":"2019-11-22T02:38:53","date_gmt":"2019-11-21T19:38:53","guid":{"rendered":"https:\/\/el3.thembaydev.com\/besa2_dark\/?post_type=product&#038;p=2971"},"modified":"2026-03-01T19:13:46","modified_gmt":"2026-03-01T19:13:46","slug":"rifle-fj","status":"publish","type":"product","link":"https:\/\/atlispor.com.tr\/tr\/urun\/rifle-fj\/","title":{"rendered":"Rifle FJ"},"content":{"rendered":"","protected":false},"excerpt":{"rendered":"<p data-pm-slice=\"1 1 []\">\u0130nce g\u00f6vdeli, ba\u015f k\u0131sm\u0131 k\u0131sa ve ufak, yar\u0131\u015f atlar\u0131n\u0131n tirnaklar\u0131 ideal boyutlardad\u0131r. Sert, sivri ve uygun e\u011fimli ucu, tirnak duvarina uygulamay\u0131 kolayla\u015ftir\u0131rken ve do\u011fru yerden \u00e7\u0131kmas\u0131n\u0131 sa\u011flar.<\/p>\n<p>Daha uzun ve ince g\u00f6vdeli SL modeli de mevcuttur.<\/p>\n<p>Aluminyum ve demir yar\u0131\u015f nallar\u0131nda kullan\u0131l\u0131r.<\/p>","protected":false},"featured_media":9347,"comment_status":"closed","ping_status":"closed","template":"","meta":{"pagelayer_contact_templates":[],"_pagelayer_content":""},"product_brand":[],"product_cat":[43],"product_tag":[],"class_list":{"0":"post-2971","1":"product","2":"type-product","3":"status-publish","4":"has-post-thumbnail","6":"product_cat-horse-shoes-nails","9":"instock","10":"shipping-taxable","11":"purchasable","12":"product-type-simple"},"_links":{"self":[{"href":"https:\/\/atlispor.com.tr\/tr\/wp-json\/wp\/v2\/product\/2971","targetHints":{"allow":["GET"]}}],"collection":[{"href":"https:\/\/atlispor.com.tr\/tr\/wp-json\/wp\/v2\/product"}],"about":[{"href":"https:\/\/atlispor.com.tr\/tr\/wp-json\/wp\/v2\/types\/product"}],"replies":[{"embeddable":true,"href":"https:\/\/atlispor.com.tr\/tr\/wp-json\/wp\/v2\/comments?post=2971"}],"version-history":[{"count":7,"href":"https:\/\/atlispor.com.tr\/tr\/wp-json\/wp\/v2\/product\/2971\/revisions"}],"predecessor-version":[{"id":9738,"href":"https:\/\/atlispor.com.tr\/tr\/wp-json\/wp\/v2\/product\/2971\/revisions\/9738"}],"wp:featuredmedia":[{"embeddable":true,"href":"https:\/\/atlispor.com.tr\/tr\/wp-json\/wp\/v2\/media\/9347"}],"wp:attachment":[{"href":"https:\/\/atlispor.com.tr\/tr\/wp-json\/wp\/v2\/media?parent=2971"}],"wp:term":[{"taxonomy":"product_brand","embeddable":true,"href":"https:\/\/atlispor.com.tr\/tr\/wp-json\/wp\/v2\/product_brand?post=2971"},{"taxonomy":"product_cat","embeddable":true,"href":"https:\/\/atlispor.com.tr\/tr\/wp-json\/wp\/v2\/product_cat?post=2971"},{"taxonomy":"product_tag","embeddable":true,"href":"https:\/\/atlispor.com.tr\/tr\/wp-json\/wp\/v2\/product_tag?post=2971"}],"curies":[{"name":"wp","href":"https:\/\/api.w.org\/{rel}","templated":true}]}}