{"id":393,"date":"2019-10-08T09:17:45","date_gmt":"2019-10-08T02:17:45","guid":{"rendered":"https:\/\/el3.thembaydev.com\/besa2_dark\/?post_type=product&#038;p=393"},"modified":"2026-04-28T11:16:02","modified_gmt":"2026-04-28T11:16:02","slug":"concorde-eq-front-side-clip-aluminium","status":"publish","type":"product","link":"https:\/\/atlispor.com.tr\/tr\/urun\/concorde-eq-front-side-clip-aluminium\/","title":{"rendered":"Concorde EQ \u00d6n \u00c7ift Kulak Aluminyum"},"content":{"rendered":"","protected":false},"excerpt":{"rendered":"<p data-pm-slice=\"1 1 []\">St Croix Forge Concord Equi-Librium Al\u00fcminyum at nallar\u0131, yar\u0131\u015f atlar\u0131 i\u00e7in teknolojik olarak geli\u015ftirilmi\u015f bir nald\u0131r.<\/p>\n<p><\/p>\n<p data-pm-slice=\"1 1 []\">Ba\u015fl\u0131ca \u00f6zellikler \u015funlard\u0131r:<\/p>\n<ul>\n<li data-pm-slice=\"1 1 []\">\n<p data-pm-slice=\"1 1 []\">\u00c7ift boyutlu yuvarlat\u0131lm\u0131\u015f ekstra geni\u015f s\u00fcmb\u00fck, e\u015fsiz \u015fekilde t\u0131rna\u011f\u0131n yerden kalk\u0131\u015f\u0131n\u0131 sa\u011flar.<\/p>\n<\/li>\n<li data-pm-slice=\"1 1 []\">\n<p data-pm-slice=\"1 1 []\">\u00c7ivinin s\u0131k\u0131 ve g\u00fcvenli oturmas\u0131 i\u00e7in V oluklu yap\u0131<\/p>\n<\/li>\n<li data-pm-slice=\"1 1 []\">\n<p data-pm-slice=\"1 1 []\">A\u011f\u0131rl\u0131\u011f\u0131 azaltmak i\u00e7in i\u00e7b\u00fckey b\u00f6l\u00fcm<\/p>\n<\/li>\n<li data-pm-slice=\"1 1 []\">\n<p data-pm-slice=\"1 1 []\">Benzersiz ileri konumland\u0131rmaya sahip g\u00f6mme kulaklar<\/p>\n<\/li>\n<li data-pm-slice=\"1 1 []\">\n<p data-pm-slice=\"1 1 []\">Dize binen y\u00fck\u00fc azaltabilmesi, bilimsel olarak ispatlanm\u0131\u015ft\u0131r<\/p>\n<\/li>\n<\/ul>\n<p data-pm-slice=\"1 1 []\">Concorde Equi-Librium Al\u00fcminyum, demir versiyonuyla tamamen ayn\u0131 \u00f6zelliklere sahiptir. Buna ek olarak, daha hafiftir.. Farkl\u0131 \u00fclkelerde ve farkl\u0131 y\u00fczeylerde test edilmi\u015ftir. Sonu\u00e7lardan biri, s\u00fcmb\u00fckte \u00e7elik ek par\u00e7an\u0131n olmamas\u0131n\u0131n a\u015f\u0131nma ve a\u015f\u0131nma bi\u00e7imi \u00fczerinde olumlu bir etkiye sahip oldu\u011funun kan\u0131tlanmas\u0131d\u0131r.<\/p>","protected":false},"featured_media":10449,"comment_status":"closed","ping_status":"closed","template":"","meta":{"pagelayer_contact_templates":[],"_pagelayer_content":""},"product_brand":[],"product_cat":[38,188],"product_tag":[],"class_list":{"0":"post-393","1":"product","2":"type-product","3":"status-publish","4":"has-post-thumbnail","6":"product_cat-horse-shoes","7":"product_cat-concorde","8":"pa_size-181","9":"pa_size-182","10":"pa_size-183","11":"pa_size-184","14":"instock","15":"shipping-taxable","16":"purchasable","17":"product-type-variable"},"_links":{"self":[{"href":"https:\/\/atlispor.com.tr\/tr\/wp-json\/wp\/v2\/product\/393","targetHints":{"allow":["GET"]}}],"collection":[{"href":"https:\/\/atlispor.com.tr\/tr\/wp-json\/wp\/v2\/product"}],"about":[{"href":"https:\/\/atlispor.com.tr\/tr\/wp-json\/wp\/v2\/types\/product"}],"replies":[{"embeddable":true,"href":"https:\/\/atlispor.com.tr\/tr\/wp-json\/wp\/v2\/comments?post=393"}],"version-history":[{"count":16,"href":"https:\/\/atlispor.com.tr\/tr\/wp-json\/wp\/v2\/product\/393\/revisions"}],"predecessor-version":[{"id":10557,"href":"https:\/\/atlispor.com.tr\/tr\/wp-json\/wp\/v2\/product\/393\/revisions\/10557"}],"wp:featuredmedia":[{"embeddable":true,"href":"https:\/\/atlispor.com.tr\/tr\/wp-json\/wp\/v2\/media\/10449"}],"wp:attachment":[{"href":"https:\/\/atlispor.com.tr\/tr\/wp-json\/wp\/v2\/media?parent=393"}],"wp:term":[{"taxonomy":"product_brand","embeddable":true,"href":"https:\/\/atlispor.com.tr\/tr\/wp-json\/wp\/v2\/product_brand?post=393"},{"taxonomy":"product_cat","embeddable":true,"href":"https:\/\/atlispor.com.tr\/tr\/wp-json\/wp\/v2\/product_cat?post=393"},{"taxonomy":"product_tag","embeddable":true,"href":"https:\/\/atlispor.com.tr\/tr\/wp-json\/wp\/v2\/product_tag?post=393"}],"curies":[{"name":"wp","href":"https:\/\/api.w.org\/{rel}","templated":true}]}}