{"id":400,"date":"2019-10-08T09:31:36","date_gmt":"2019-10-08T02:31:36","guid":{"rendered":"https:\/\/el3.thembaydev.com\/besa2_dark\/?post_type=product&#038;p=400"},"modified":"2026-04-28T21:43:33","modified_gmt":"2026-04-28T21:43:33","slug":"concorde-steel-front-toe-clip","status":"publish","type":"product","link":"https:\/\/atlispor.com.tr\/tr\/urun\/concorde-steel-front-toe-clip\/","title":{"rendered":"Concorde Demir \u00d6n Tek Kulak"},"content":{"rendered":"","protected":false},"excerpt":{"rendered":"<p>ST CROIX YARI\u015e NALLARI<\/p>\n<p>Concorde yar\u0131\u015f nallar\u0131, \u00f6zellikle performans, spor atlar\u0131 ve iyi kavrama, tutu\u015f ile h\u0131z\u0131n gerekli oldu\u011fu gen\u00e7 safkan atlar i\u00e7inde ideal bir nald\u0131r.<\/p>\n<p>Gen\u00e7 safkan atlar i\u00e7inde ideal bir nald\u0131r.<\/p>\n<p>Tamamen i\u00e7b\u00fckey bir nal olup, boydan boya kanall\u0131 yap\u0131s\u0131yla daha d\u00fc\u015f\u00fck a\u011f\u0131rl\u0131kta, yere ekstra tutu\u015f sa\u011flar.<\/p>\n<p>\u00d6zellikleri \u015funlard\u0131r:<\/p>\n<ul>\n<li>T\u0131rna\u011f\u0131n dairesel hareketine yard\u0131mc\u0131 olan e\u011fimli d\u0131\u015f kenar<\/li>\n<li>\u0130\u00e7b\u00fckey k\u0131s\u0131m, taban ve \u00e7ataldan toprak ve kumun at\u0131lmas\u0131na yard\u0131mc\u0131 olur<\/li>\n<li>Geli\u015ftirilmi\u015f \u00f6k\u00e7e ile ek destek sa\u011flar ve vida deliklerinin a\u00e7\u0131lmas\u0131na olanak tan\u0131r<\/li>\n<\/ul>","protected":false},"featured_media":10579,"comment_status":"closed","ping_status":"closed","template":"","meta":{"pagelayer_contact_templates":[],"_pagelayer_content":""},"product_brand":[],"product_cat":[38,188],"product_tag":[],"class_list":{"0":"post-400","1":"product","2":"type-product","3":"status-publish","4":"has-post-thumbnail","6":"product_cat-horse-shoes","7":"product_cat-concorde","8":"pa_size-181","9":"pa_size-182","10":"pa_size-183","11":"pa_size-184","14":"instock","15":"sale","16":"featured","17":"shipping-taxable","18":"purchasable","19":"product-type-variable"},"_links":{"self":[{"href":"https:\/\/atlispor.com.tr\/tr\/wp-json\/wp\/v2\/product\/400","targetHints":{"allow":["GET"]}}],"collection":[{"href":"https:\/\/atlispor.com.tr\/tr\/wp-json\/wp\/v2\/product"}],"about":[{"href":"https:\/\/atlispor.com.tr\/tr\/wp-json\/wp\/v2\/types\/product"}],"replies":[{"embeddable":true,"href":"https:\/\/atlispor.com.tr\/tr\/wp-json\/wp\/v2\/comments?post=400"}],"version-history":[{"count":19,"href":"https:\/\/atlispor.com.tr\/tr\/wp-json\/wp\/v2\/product\/400\/revisions"}],"predecessor-version":[{"id":10590,"href":"https:\/\/atlispor.com.tr\/tr\/wp-json\/wp\/v2\/product\/400\/revisions\/10590"}],"wp:featuredmedia":[{"embeddable":true,"href":"https:\/\/atlispor.com.tr\/tr\/wp-json\/wp\/v2\/media\/10579"}],"wp:attachment":[{"href":"https:\/\/atlispor.com.tr\/tr\/wp-json\/wp\/v2\/media?parent=400"}],"wp:term":[{"taxonomy":"product_brand","embeddable":true,"href":"https:\/\/atlispor.com.tr\/tr\/wp-json\/wp\/v2\/product_brand?post=400"},{"taxonomy":"product_cat","embeddable":true,"href":"https:\/\/atlispor.com.tr\/tr\/wp-json\/wp\/v2\/product_cat?post=400"},{"taxonomy":"product_tag","embeddable":true,"href":"https:\/\/atlispor.com.tr\/tr\/wp-json\/wp\/v2\/product_tag?post=400"}],"curies":[{"name":"wp","href":"https:\/\/api.w.org\/{rel}","templated":true}]}}