{"id":428,"date":"2019-10-09T01:20:15","date_gmt":"2019-10-08T18:20:15","guid":{"rendered":"https:\/\/el3.thembaydev.com\/besa2_dark\/?post_type=product&#038;p=428"},"modified":"2026-04-30T11:46:00","modified_gmt":"2026-04-30T11:46:00","slug":"equi-librium-aluminium-front-sc","status":"publish","type":"product","link":"https:\/\/atlispor.com.tr\/tr\/urun\/equi-librium-aluminium-front-sc\/","title":{"rendered":"Equi-Librium Aluminyum \u00d6n \u00c7ift Kulak"},"content":{"rendered":"","protected":false},"excerpt":{"rendered":"<p data-pm-slice=\"1 1 []\">Equi-Librium \u2122 Aluminyum<\/p>\n<p>T\u00fcy kadar hafif denge<\/p>\n<p>\u00c7o\u011fu al\u00fcminyum nal\u0131n aksine, Equi-Librium\u2122 Al\u00fcminyumun s\u00fcmb\u00fc\u011f\u00fcnde \u00e7elik par\u00e7a bulunmamaktad\u0131r. Kapsaml\u0131 testlerle, \u00e7elik par\u00e7as\u0131z Equi-Librium\u2122 nallar\u0131n a\u015f\u0131nmaya son derece dayan\u0131kl\u0131 oldu\u011fu ve nal\u0131n \u00f6mr\u00fc boyunca tasar\u0131m avantajlar\u0131n\u0131 korudu\u011fu kan\u0131tlanm\u0131\u015ft\u0131r. Saliselerin, kazanmak veya kaybetmeyi belirledi\u011fi d\u00fc\u015f\u00fcn\u00fcl\u00fcrse, Equi-Librium al\u00fcminyum fark yaratacakt\u0131r.<\/p>\n<p>Nal\u0131 boyutlar\u0131 uygun \u015fekilde \u00f6l\u00e7eklendirilmi\u015f ve m\u00fckemmel bir denge sa\u011flamak i\u00e7in uyarlanm\u0131\u015ft\u0131r.<\/p>\n<p>&nbsp;<\/p>\n<ul>\n<li>\u00d6nemli \u00f6l\u00e7\u00fcde daha hafiftir<\/li>\n<li>Demir kadar dayan\u0131kl\u0131d\u0131r.<\/li>\n<li>Yapraklar 1. ve 2. t\u0131rnak delikleri aras\u0131na yerle\u015ftirilmi\u015ftir<\/li>\n<li>Sadece \u00e7ift yaprakl\u0131 \u00f6n nal modeli mevcuttur<\/li>\n<\/ul>\n<p>&nbsp;<\/p>\n<p>\u0130deal kullan\u0131m alanlar\u0131:<\/p>\n<ul>\n<li>\n<p data-pm-slice=\"1 1 []\">Ekstra diz hareketine ihtiya\u00e7 duyan yar\u0131\u015f atlar\u0131<\/p>\n<\/li>\n<li>\n<p data-pm-slice=\"1 1 []\">Bacak yaralanmas\u0131ndan sonra rehabilitasyonda olan atlar<\/p>\n<\/li>\n<li>\n<p data-pm-slice=\"1 1 []\">Gerilme veya y\u00fcklenme yaralanmalar\u0131na duyarl\u0131 atlar<\/p>\n<\/li>\n<li>\n<p data-pm-slice=\"1 1 []\">Taban pedleri veya silikon ile sa\u011flanan ek deste\u011fe ihtiya\u00e7 duyan atlar<\/p>\n<\/li>\n<\/ul>","protected":false},"featured_media":10449,"comment_status":"closed","ping_status":"closed","template":"","meta":{"pagelayer_contact_templates":[],"_pagelayer_content":""},"product_brand":[],"product_cat":[187,38],"product_tag":[],"class_list":{"0":"post-428","1":"product","2":"type-product","3":"status-publish","4":"has-post-thumbnail","6":"product_cat-equilibrium","7":"product_cat-horse-shoes","10":"instock","11":"shipping-taxable","12":"purchasable","13":"product-type-variable"},"_links":{"self":[{"href":"https:\/\/atlispor.com.tr\/tr\/wp-json\/wp\/v2\/product\/428","targetHints":{"allow":["GET"]}}],"collection":[{"href":"https:\/\/atlispor.com.tr\/tr\/wp-json\/wp\/v2\/product"}],"about":[{"href":"https:\/\/atlispor.com.tr\/tr\/wp-json\/wp\/v2\/types\/product"}],"replies":[{"embeddable":true,"href":"https:\/\/atlispor.com.tr\/tr\/wp-json\/wp\/v2\/comments?post=428"}],"version-history":[{"count":14,"href":"https:\/\/atlispor.com.tr\/tr\/wp-json\/wp\/v2\/product\/428\/revisions"}],"predecessor-version":[{"id":10593,"href":"https:\/\/atlispor.com.tr\/tr\/wp-json\/wp\/v2\/product\/428\/revisions\/10593"}],"wp:featuredmedia":[{"embeddable":true,"href":"https:\/\/atlispor.com.tr\/tr\/wp-json\/wp\/v2\/media\/10449"}],"wp:attachment":[{"href":"https:\/\/atlispor.com.tr\/tr\/wp-json\/wp\/v2\/media?parent=428"}],"wp:term":[{"taxonomy":"product_brand","embeddable":true,"href":"https:\/\/atlispor.com.tr\/tr\/wp-json\/wp\/v2\/product_brand?post=428"},{"taxonomy":"product_cat","embeddable":true,"href":"https:\/\/atlispor.com.tr\/tr\/wp-json\/wp\/v2\/product_cat?post=428"},{"taxonomy":"product_tag","embeddable":true,"href":"https:\/\/atlispor.com.tr\/tr\/wp-json\/wp\/v2\/product_tag?post=428"}],"curies":[{"name":"wp","href":"https:\/\/api.w.org\/{rel}","templated":true}]}}