{"id":487,"date":"2019-10-09T02:27:18","date_gmt":"2019-10-08T19:27:18","guid":{"rendered":"https:\/\/el3.thembaydev.com\/besa2_dark\/?post_type=product&#038;p=487"},"modified":"2026-03-01T22:29:07","modified_gmt":"2026-03-01T22:29:07","slug":"heller-excel-original","status":"publish","type":"product","link":"https:\/\/atlispor.com.tr\/tr\/urun\/heller-excel-original\/","title":{"rendered":"Heller Excel Original"},"content":{"rendered":"","protected":false},"excerpt":{"rendered":"<h5>Farkl\u0131 ko\u015fullarda maksimum verimlilik ve denge<\/h5>\n<p>T\u00f6rp\u00fc taraf\u0131:<\/p>\n<p>eXceL Original, t\u0131rnak par\u00e7alar\u0131n\u0131n di\u015fleri doldurmas\u0131n\u0131 \u00f6nlemek i\u00e7in a\u00e7\u0131k bir yap\u0131ya sahip, k\u00fc\u00e7\u00fck boyutlu di\u015flerle t\u00f6rp\u00fc yapmaya tasarlanm\u0131\u015ft\u0131r.<\/p>\n<p>\u00d6zel tasar\u0131m\u0131ndan \u00f6t\u00fcr\u00fc, bu t\u00f6rp\u00fc \u00e7e\u015fitli iklimler ve t\u0131rnak yap\u0131lar\u0131nda kullan\u0131labilinir.<\/p>\n<p>Normal bir t\u00f6rp\u00fcden daha geni\u015f ve daha ince olmas\u0131, \u00e7ok iyi ve dengeli bir t\u00f6rp\u00fc olmas\u0131n\u0131 sa\u011flarken, i\u015f verimlili\u011fini de art\u0131r\u0131r.<\/p>\n<p>\u00c7al\u0131\u015fma y\u00fczeyinin daha geni\u015f olmas\u0131, t\u0131rnak duvar\u0131n\u0131n d\u00fczle\u015ftirilip d\u00fczeltilmesini kolayla\u015ft\u0131r\u0131r.<\/p>\n<p>T\u00f6rp\u00fc taraf\u0131, t\u00f6rp\u00fclemenin kolayl\u0131kla yap\u0131lmas\u0131 i\u00e7in k\u00fc\u00e7\u00fck boyutlu 700'den fazla di\u015fe sahip yo\u011fun bir desene sahiptir.<\/p>\n<p>\u0130nce di\u015fli taraf\u0131:<\/p>\n<p>\u0130nce taraf\u0131, d\u00fczle\u015ftirip d\u00fczg\u00fcnle\u015ftirmeyi daha kolay hale getirirken p\u00fcr\u00fczs\u00fcz bir y\u00fczeye imkan verir.<\/p>\n<p>Heller Excel Original, g\u00fcnl\u00fck kullan\u0131m i\u00e7in m\u00fckemmel bir t\u00f6rp\u00fcd\u00fcr.<\/p>","protected":false},"featured_media":9760,"comment_status":"closed","ping_status":"closed","template":"","meta":{"pagelayer_contact_templates":[],"_pagelayer_content":""},"product_brand":[],"product_cat":[43],"product_tag":[],"class_list":{"0":"post-487","1":"product","2":"type-product","3":"status-publish","4":"has-post-thumbnail","6":"product_cat-horse-shoes-nails","9":"instock","10":"shipping-taxable","11":"purchasable","12":"product-type-simple"},"_links":{"self":[{"href":"https:\/\/atlispor.com.tr\/tr\/wp-json\/wp\/v2\/product\/487","targetHints":{"allow":["GET"]}}],"collection":[{"href":"https:\/\/atlispor.com.tr\/tr\/wp-json\/wp\/v2\/product"}],"about":[{"href":"https:\/\/atlispor.com.tr\/tr\/wp-json\/wp\/v2\/types\/product"}],"replies":[{"embeddable":true,"href":"https:\/\/atlispor.com.tr\/tr\/wp-json\/wp\/v2\/comments?post=487"}],"version-history":[{"count":17,"href":"https:\/\/atlispor.com.tr\/tr\/wp-json\/wp\/v2\/product\/487\/revisions"}],"predecessor-version":[{"id":9776,"href":"https:\/\/atlispor.com.tr\/tr\/wp-json\/wp\/v2\/product\/487\/revisions\/9776"}],"wp:featuredmedia":[{"embeddable":true,"href":"https:\/\/atlispor.com.tr\/tr\/wp-json\/wp\/v2\/media\/9760"}],"wp:attachment":[{"href":"https:\/\/atlispor.com.tr\/tr\/wp-json\/wp\/v2\/media?parent=487"}],"wp:term":[{"taxonomy":"product_brand","embeddable":true,"href":"https:\/\/atlispor.com.tr\/tr\/wp-json\/wp\/v2\/product_brand?post=487"},{"taxonomy":"product_cat","embeddable":true,"href":"https:\/\/atlispor.com.tr\/tr\/wp-json\/wp\/v2\/product_cat?post=487"},{"taxonomy":"product_tag","embeddable":true,"href":"https:\/\/atlispor.com.tr\/tr\/wp-json\/wp\/v2\/product_tag?post=487"}],"curies":[{"name":"wp","href":"https:\/\/api.w.org\/{rel}","templated":true}]}}