{"id":497,"date":"2019-10-09T02:36:54","date_gmt":"2019-10-08T19:36:54","guid":{"rendered":"https:\/\/el3.thembaydev.com\/besa2_dark\/?post_type=product&#038;p=497"},"modified":"2026-03-01T21:32:45","modified_gmt":"2026-03-01T21:32:45","slug":"heller-excel-legend","status":"publish","type":"product","link":"https:\/\/atlispor.com.tr\/tr\/urun\/heller-excel-legend\/","title":{"rendered":"Heller Excel Legend"},"content":{"rendered":"","protected":false},"excerpt":{"rendered":"<p data-pm-slice=\"1 1 []\">50 mm geni\u015fli\u011finde profili ve s\u0131ra ba\u015f\u0131na 9 di\u015fiyle bu t\u00f6rp\u00fc, kesin do\u011frulukta d\u00fczle\u015ftirme, verimlilik ve kontrol i\u00e7in tasarlanm\u0131\u015ft\u0131r.<\/p>\n<p>T\u00f6rp\u00fc taraf\u0131:<\/p>\n<p>T\u00f6rp\u00fc taraf\u0131, az bir \u00e7abayla, t\u0131rna\u011f\u0131 kolayca t\u00f6rp\u00fclemek i\u00e7in tasarlanm\u0131\u015ft\u0131r.<\/p>\n<p>Daha Geni\u015f Profil: Standart t\u00f6rp\u00fclerden daha geni\u015f olan bu t\u00f6rp\u00fc, hafif ve dengeli \u00f6zelli\u011fini korurken, ileri seviyede d\u00fczg\u00fcnl\u00fck ve kontrol\u00fc kolayla\u015ft\u0131r\u0131rken, daha geni\u015f bir t\u0131rnak y\u00fczeyinde \u00e7al\u0131\u015fmay\u0131 da m\u00fcmk\u00fcn k\u0131lar.<\/p>\n<p>Di\u015flere t\u0131rnak par\u00e7alar\u0131n\u0131n yap\u0131\u015fmas\u0131n\u0131 \u00f6nlemeye yard\u0131mc\u0131 olmak i\u00e7in orta boyutta olan 650'den fazla di\u015fe sahip yo\u011fun bir desene sahiptir ve bu da t\u00f6rp\u00fcy\u00fc \u00f6zellikle \u0131slak hava ko\u015fullar\u0131nda etkili k\u0131lar.<\/p>\n<p>\u0130nce di\u015fli taraf\u0131:<\/p>\n<p>Geli\u015ftirilmi\u015f t\u00f6rp\u00fcleme : ince taraf\u0131, \u0131slak ko\u015fullarda bile ola\u011fan\u00fcst\u00fc i\u015f \u00e7\u0131karan 'Legend' di\u015f tasar\u0131m\u0131na sahiptir.<\/p>\n<p>P\u00fcr\u00fczs\u00fcz Y\u00fczey: T\u0131rnak \u00fczerinde \u00e7ok kolay kayan ince di\u015fler, p\u00fcr\u00fczs\u00fcz ve parlak bir t\u0131rnak y\u00fczeyini elde edilmesini m\u00fcmk\u00fcn k\u0131lan, yeni ve daha geli\u015fmi\u015f bir profile sahiptir.<\/p>\n<p>Profesyonel i\u015f: dengeli a\u011f\u0131rl\u0131\u011f\u0131, y\u00fcksek rand\u0131man\u0131 ve t\u00f6rp\u00fclemedeki ince hassasl\u0131\u011f\u0131ndan \u00f6t\u00fcr\u00fc nalbantlar taraf\u0131ndan yayg\u0131n olarak kullan\u0131l\u0131r.<\/p>","protected":false},"featured_media":9365,"comment_status":"closed","ping_status":"closed","template":"","meta":{"pagelayer_contact_templates":[],"_pagelayer_content":""},"product_brand":[],"product_cat":[43],"product_tag":[],"class_list":{"0":"post-497","1":"product","2":"type-product","3":"status-publish","4":"has-post-thumbnail","6":"product_cat-horse-shoes-nails","9":"instock","10":"shipping-taxable","11":"purchasable","12":"product-type-simple"},"_links":{"self":[{"href":"https:\/\/atlispor.com.tr\/tr\/wp-json\/wp\/v2\/product\/497","targetHints":{"allow":["GET"]}}],"collection":[{"href":"https:\/\/atlispor.com.tr\/tr\/wp-json\/wp\/v2\/product"}],"about":[{"href":"https:\/\/atlispor.com.tr\/tr\/wp-json\/wp\/v2\/types\/product"}],"replies":[{"embeddable":true,"href":"https:\/\/atlispor.com.tr\/tr\/wp-json\/wp\/v2\/comments?post=497"}],"version-history":[{"count":6,"href":"https:\/\/atlispor.com.tr\/tr\/wp-json\/wp\/v2\/product\/497\/revisions"}],"predecessor-version":[{"id":9748,"href":"https:\/\/atlispor.com.tr\/tr\/wp-json\/wp\/v2\/product\/497\/revisions\/9748"}],"wp:featuredmedia":[{"embeddable":true,"href":"https:\/\/atlispor.com.tr\/tr\/wp-json\/wp\/v2\/media\/9365"}],"wp:attachment":[{"href":"https:\/\/atlispor.com.tr\/tr\/wp-json\/wp\/v2\/media?parent=497"}],"wp:term":[{"taxonomy":"product_brand","embeddable":true,"href":"https:\/\/atlispor.com.tr\/tr\/wp-json\/wp\/v2\/product_brand?post=497"},{"taxonomy":"product_cat","embeddable":true,"href":"https:\/\/atlispor.com.tr\/tr\/wp-json\/wp\/v2\/product_cat?post=497"},{"taxonomy":"product_tag","embeddable":true,"href":"https:\/\/atlispor.com.tr\/tr\/wp-json\/wp\/v2\/product_tag?post=497"}],"curies":[{"name":"wp","href":"https:\/\/api.w.org\/{rel}","templated":true}]}}