{"id":506,"date":"2019-10-09T02:45:49","date_gmt":"2019-10-08T19:45:49","guid":{"rendered":"https:\/\/el3.thembaydev.com\/besa2_dark\/?post_type=product&#038;p=506"},"modified":"2026-03-03T22:02:16","modified_gmt":"2026-03-03T22:02:16","slug":"heller-legend","status":"publish","type":"product","link":"https:\/\/atlispor.com.tr\/tr\/urun\/heller-legend\/","title":{"rendered":"Heller Legend"},"content":{"rendered":"","protected":false},"excerpt":{"rendered":"<p data-pm-slice=\"1 1 []\">Efsanevi Keskinlik<\/p>\n<p>Heller Legend t\u00f6rp\u00fcs\u00fc, daha a\u00e7\u0131k bir yap\u0131ya sahip olmas\u0131n\u0131 sa\u011flayan dik a\u00e7\u0131l\u0131 di\u015flere sahiptir.<\/p>\n<p>Keskin di\u015fleri, \u00e7ok h\u0131zl\u0131 t\u00f6rp\u00fclemeye imkan verir ve yumu\u015fak t\u0131rnaklarda m\u00fckemmel performans g\u00f6sterir. Nemli, \u0131slak hava ko\u015fullar\u0131nda idealdir.<\/p>\n<p>Bu t\u00f6rp\u00fc, \u00f6zellikle nallanm\u0131\u015f spor atlar\u0131 i\u00e7in \u00e7ok uygundur<\/p>\n<p>Uzunluk: 356 mm<\/p>\n<p>Geni\u015flik: 40 mm<\/p>\n<p>Kal\u0131nl\u0131k: 5 mm<\/p>\n<p>S\u0131ra ba\u015f\u0131na di\u015f say\u0131s\u0131: 6<\/p>","protected":false},"featured_media":9835,"comment_status":"closed","ping_status":"closed","template":"","meta":{"pagelayer_contact_templates":[],"_pagelayer_content":""},"product_brand":[],"product_cat":[43],"product_tag":[],"class_list":{"0":"post-506","1":"product","2":"type-product","3":"status-publish","4":"has-post-thumbnail","6":"product_cat-horse-shoes-nails","9":"instock","10":"shipping-taxable","11":"purchasable","12":"product-type-simple"},"_links":{"self":[{"href":"https:\/\/atlispor.com.tr\/tr\/wp-json\/wp\/v2\/product\/506","targetHints":{"allow":["GET"]}}],"collection":[{"href":"https:\/\/atlispor.com.tr\/tr\/wp-json\/wp\/v2\/product"}],"about":[{"href":"https:\/\/atlispor.com.tr\/tr\/wp-json\/wp\/v2\/types\/product"}],"replies":[{"embeddable":true,"href":"https:\/\/atlispor.com.tr\/tr\/wp-json\/wp\/v2\/comments?post=506"}],"version-history":[{"count":8,"href":"https:\/\/atlispor.com.tr\/tr\/wp-json\/wp\/v2\/product\/506\/revisions"}],"predecessor-version":[{"id":9834,"href":"https:\/\/atlispor.com.tr\/tr\/wp-json\/wp\/v2\/product\/506\/revisions\/9834"}],"wp:featuredmedia":[{"embeddable":true,"href":"https:\/\/atlispor.com.tr\/tr\/wp-json\/wp\/v2\/media\/9835"}],"wp:attachment":[{"href":"https:\/\/atlispor.com.tr\/tr\/wp-json\/wp\/v2\/media?parent=506"}],"wp:term":[{"taxonomy":"product_brand","embeddable":true,"href":"https:\/\/atlispor.com.tr\/tr\/wp-json\/wp\/v2\/product_brand?post=506"},{"taxonomy":"product_cat","embeddable":true,"href":"https:\/\/atlispor.com.tr\/tr\/wp-json\/wp\/v2\/product_cat?post=506"},{"taxonomy":"product_tag","embeddable":true,"href":"https:\/\/atlispor.com.tr\/tr\/wp-json\/wp\/v2\/product_tag?post=506"}],"curies":[{"name":"wp","href":"https:\/\/api.w.org\/{rel}","templated":true}]}}