{"id":9227,"date":"2021-06-03T08:47:34","date_gmt":"2021-06-03T08:47:34","guid":{"rendered":"https:\/\/el3.thembaydev.com\/besa2_dark\/?post_type=product&#038;p=6298"},"modified":"2026-03-01T19:17:39","modified_gmt":"2026-03-01T19:17:39","slug":"rifle-esl","status":"publish","type":"product","link":"https:\/\/atlispor.com.tr\/tr\/urun\/rifle-esl\/","title":{"rendered":"Rifle ESL"},"content":{"rendered":"","protected":false},"excerpt":{"rendered":"<p class=\"yiv8326940035x_ydpf164585dMsoNormal\">Rifle ESL, E modeli g\u00f6re daha ince ve uzundur. B\u00f6ylece daha ince t\u0131rnaklara kolayca uyum sa\u011flar ve t\u0131rna\u011f\u0131n daha yukar\u0131s\u0131nda per\u00e7in yapmak suretiyle, t\u0131rna\u011fa daha s\u0131k\u0131 tutunur. \u0130nce t\u0131rnakl\u0131 atlar\u0131 nallamak i\u00e7in  do\u011fru bir se\u00e7imdir.<\/p>\n<p class=\"yiv8326940035x_ydpf164585dMsoNormal\">V \u015feklinde \u00e7ivi kanal\u0131na sahip nallarla kullan\u0131l\u0131r.<\/p>\n<p class=\"yiv8326940035x_ydpf164585dMsoNormal\">3\u2019den 5 numaraya kadar boylarda mevcuttur.<\/p>","protected":false},"featured_media":9341,"comment_status":"closed","ping_status":"closed","template":"","meta":{"pagelayer_contact_templates":[],"_pagelayer_content":""},"product_brand":[],"product_cat":[43],"product_tag":[],"class_list":{"0":"post-9227","1":"product","2":"type-product","3":"status-publish","4":"has-post-thumbnail","6":"product_cat-horse-shoes-nails","9":"instock","10":"shipping-taxable","11":"purchasable","12":"product-type-simple"},"_links":{"self":[{"href":"https:\/\/atlispor.com.tr\/tr\/wp-json\/wp\/v2\/product\/9227","targetHints":{"allow":["GET"]}}],"collection":[{"href":"https:\/\/atlispor.com.tr\/tr\/wp-json\/wp\/v2\/product"}],"about":[{"href":"https:\/\/atlispor.com.tr\/tr\/wp-json\/wp\/v2\/types\/product"}],"replies":[{"embeddable":true,"href":"https:\/\/atlispor.com.tr\/tr\/wp-json\/wp\/v2\/comments?post=9227"}],"version-history":[{"count":5,"href":"https:\/\/atlispor.com.tr\/tr\/wp-json\/wp\/v2\/product\/9227\/revisions"}],"predecessor-version":[{"id":9742,"href":"https:\/\/atlispor.com.tr\/tr\/wp-json\/wp\/v2\/product\/9227\/revisions\/9742"}],"wp:featuredmedia":[{"embeddable":true,"href":"https:\/\/atlispor.com.tr\/tr\/wp-json\/wp\/v2\/media\/9341"}],"wp:attachment":[{"href":"https:\/\/atlispor.com.tr\/tr\/wp-json\/wp\/v2\/media?parent=9227"}],"wp:term":[{"taxonomy":"product_brand","embeddable":true,"href":"https:\/\/atlispor.com.tr\/tr\/wp-json\/wp\/v2\/product_brand?post=9227"},{"taxonomy":"product_cat","embeddable":true,"href":"https:\/\/atlispor.com.tr\/tr\/wp-json\/wp\/v2\/product_cat?post=9227"},{"taxonomy":"product_tag","embeddable":true,"href":"https:\/\/atlispor.com.tr\/tr\/wp-json\/wp\/v2\/product_tag?post=9227"}],"curies":[{"name":"wp","href":"https:\/\/api.w.org\/{rel}","templated":true}]}}