{"id":9642,"date":"2026-02-28T23:11:57","date_gmt":"2026-02-28T23:11:57","guid":{"rendered":"https:\/\/atlispor.com.tr\/?post_type=product&#038;p=9642"},"modified":"2026-02-28T23:14:53","modified_gmt":"2026-02-28T23:14:53","slug":"libero-equi-librium","status":"publish","type":"product","link":"https:\/\/atlispor.com.tr\/tr\/urun\/libero-equi-librium\/","title":{"rendered":"LiBero Equi-Librium"},"content":{"rendered":"","protected":false},"excerpt":{"rendered":"<div class=\"t pg-1m0 pg-1x1 pg-1h4 pg-1y4 pg-1ff2 pg-1fs1 pg-1fc1 pg-1sc0 pg-1ls0 pg-1ws0\">\n<div class=\"t pg-1m0 pg-1x1 pg-1h3 pg-1y4 pg-1ff1 pg-1fs0 pg-1fc0 pg-1sc0 pg-1ls0 pg-1ws0\">Yerden aya\u011f\u0131n do\u011fal olarak kalk\u0131\u015f\u0131na y\u00f6nelik dizayn olmu\u015f, \u00e7ok ama\u00e7l\u0131 spor nal\u0131<\/div>\n<div class=\"t pg-1m0 pg-1x1 pg-1h4 pg-1y5 pg-1ff2 pg-1fs0 pg-1fc0 pg-1sc0 pg-1ls0 pg-1ws0\">Yapraklardan s\u00fcmb\u00fc\u011fe kadar yuvarlak \u015fekildeki nal\u0131 t\u0131rna\u011fa yerle\u015ftirmek oiduk\u00e7a kolayd\u0131r.<\/div>\n<div class=\"t pg-1m0 pg-1x1 pg-1h4 pg-1y6 pg-1ff2 pg-1fs0 pg-1fc0 pg-1sc0 pg-1ls0 pg-1ws0\">Ba\u015fl\u0131ca faydalar\u0131 \u015funlard\u0131r:<\/div>\n<ul>\n<li class=\"t pg-1m0 pg-1x2 pg-1h4 pg-1y7 pg-1ff3 pg-1fs1 pg-1fc0 pg-1sc0 pg-1ls0 pg-1ws0\"><span class=\"pg-1ff2 pg-1fs0\">Aya\u011f\u0131n yerden do\u011fal ve \u00e7ok y\u00f6nl\u00fc kalk\u0131\u015f\u0131na olanak verir<\/span><\/li>\n<li class=\"t pg-1m0 pg-1x2 pg-1h4 pg-1y8 pg-1ff3 pg-1fs1 pg-1fc0 pg-1sc0 pg-1ls0 pg-1ws0\"><span class=\"pg-1ff2 pg-1fs0\">Baca\u011fa y\u00fcklenen a\u011f\u0131rl\u0131\u011f\u0131 azalt\u0131r ve yaralanmay\u0131 \u00f6nler<\/span><\/li>\n<li class=\"t pg-1m0 pg-1x2 pg-1h4 pg-1y9 pg-1ff3 pg-1fs1 pg-1fc0 pg-1sc0 pg-1ls0 pg-1ws0\"><span class=\"pg-1ff2 pg-1fs0\">Tabana y\u00fcklenen bas\u0131nc\u0131 azaltmak i\u00e7in taban deste\u011fi<\/span><\/li>\n<li class=\"t pg-1m0 pg-1x2 pg-1h4 pg-1ya pg-1ff3 pg-1fs1 pg-1fc0 pg-1sc0 pg-1ls0 pg-1ws0\"><span class=\"pg-1ff2 pg-1fs0\">Aya\u011f\u0131 destekleyici geni\u015f \u00f6k\u00e7ele<\/span><\/li>\n<li class=\"t pg-1m0 pg-1x2 pg-1h4 pg-1yb pg-1ff3 pg-1fs1 pg-1fc0 pg-1sc0 pg-1ls0 pg-1ws0\"><span class=\"pg-1ff2 pg-1fs0\">Optimum \u00e7ivi deli\u011fi konumland\u0131rmas\u0131<\/span><\/li>\n<li class=\"t pg-1m0 pg-1x2 pg-1h4 pg-1yc pg-1ff3 pg-1fs1 pg-1fc0 pg-1sc0 pg-1ls0 pg-1ws0\"><span class=\"pg-1ff2 pg-1fs0\">Asimetrik ayak \u015fekline uygun sol ve sa\u011f model se\u00e7enekleri<\/span><\/li>\n<li class=\"t pg-1m0 pg-1x2 pg-1h4 pg-1yd pg-1ff3 pg-1fs1 pg-1fc0 pg-1sc0 pg-1ls0 pg-1ws0\"><span class=\"pg-1ff2 pg-1fs0\">Mustad E ve Concave \u00e7ivilerle m\u00fckemmel uyum<\/span><\/li>\n<\/ul>\n<\/div>","protected":false},"featured_media":9643,"comment_status":"closed","ping_status":"closed","template":"","meta":{"pagelayer_contact_templates":[],"_pagelayer_content":""},"product_brand":[],"product_cat":[38],"product_tag":[],"class_list":{"0":"post-9642","1":"product","2":"type-product","3":"status-publish","4":"has-post-thumbnail","6":"product_cat-horse-shoes","9":"instock","10":"shipping-taxable","11":"purchasable","12":"product-type-simple"},"_links":{"self":[{"href":"https:\/\/atlispor.com.tr\/tr\/wp-json\/wp\/v2\/product\/9642","targetHints":{"allow":["GET"]}}],"collection":[{"href":"https:\/\/atlispor.com.tr\/tr\/wp-json\/wp\/v2\/product"}],"about":[{"href":"https:\/\/atlispor.com.tr\/tr\/wp-json\/wp\/v2\/types\/product"}],"replies":[{"embeddable":true,"href":"https:\/\/atlispor.com.tr\/tr\/wp-json\/wp\/v2\/comments?post=9642"}],"version-history":[{"count":2,"href":"https:\/\/atlispor.com.tr\/tr\/wp-json\/wp\/v2\/product\/9642\/revisions"}],"predecessor-version":[{"id":9646,"href":"https:\/\/atlispor.com.tr\/tr\/wp-json\/wp\/v2\/product\/9642\/revisions\/9646"}],"wp:featuredmedia":[{"embeddable":true,"href":"https:\/\/atlispor.com.tr\/tr\/wp-json\/wp\/v2\/media\/9643"}],"wp:attachment":[{"href":"https:\/\/atlispor.com.tr\/tr\/wp-json\/wp\/v2\/media?parent=9642"}],"wp:term":[{"taxonomy":"product_brand","embeddable":true,"href":"https:\/\/atlispor.com.tr\/tr\/wp-json\/wp\/v2\/product_brand?post=9642"},{"taxonomy":"product_cat","embeddable":true,"href":"https:\/\/atlispor.com.tr\/tr\/wp-json\/wp\/v2\/product_cat?post=9642"},{"taxonomy":"product_tag","embeddable":true,"href":"https:\/\/atlispor.com.tr\/tr\/wp-json\/wp\/v2\/product_tag?post=9642"}],"curies":[{"name":"wp","href":"https:\/\/api.w.org\/{rel}","templated":true}]}}