{"id":9657,"date":"2026-02-28T23:44:04","date_gmt":"2026-02-28T23:44:04","guid":{"rendered":"https:\/\/atlispor.com.tr\/?post_type=product&#038;p=9657"},"modified":"2026-02-28T23:44:04","modified_gmt":"2026-02-28T23:44:04","slug":"mustad-equi-librium-aluminium","status":"publish","type":"product","link":"https:\/\/atlispor.com.tr\/tr\/urun\/mustad-equi-librium-aluminium\/","title":{"rendered":"Mustad Equi-Librium Aluminyum"},"content":{"rendered":"","protected":false},"excerpt":{"rendered":"<div class=\"t pg-1m0 pg-1x1 pg-1h4 pg-1y4 pg-1ff2 pg-1fs1 pg-1fc1 pg-1sc0 pg-1ls0 pg-1ws0\">\n<div class=\"t pg-1m0 pg-1x1 pg-1h3 pg-1y4 pg-1ff1 pg-1fs0 pg-1fc0 pg-1sc0 pg-1ls0 pg-1ws0\">\n<div class=\"t pg-1m0 pg-1x1 pg-1h4 pg-1y4 pg-1ff1 pg-1fs1 pg-1fc1 pg-1sc0 pg-1ls0 pg-1ws0\">\n<div class=\"t pg-1m0 pg-1x1 pg-1h4 pg-1y5 pg-1ff2 pg-1fs1 pg-1fc1 pg-1sc0 pg-1ls0 pg-1ws0\"><strong>Equi-Librium \u2122 Aluminyum<\/strong><\/div>\n<div class=\"t pg-1m0 pg-1x1 pg-1h5 pg-1y6 pg-1ff3 pg-1fs1 pg-1fc1 pg-1sc0 pg-1ls0 pg-1ws0\">T\u00fcy kadar hafif denge<\/div>\n<div class=\"t pg-1m0 pg-1x1 pg-1h5 pg-1y7 pg-1ff3 pg-1fs1 pg-1fc1 pg-1sc0 pg-1ls0 pg-1ws0\">\u00c7o\u011fu al\u00fcminyum nal\u0131n aksine, Equi-Librium\u2122 Al\u00fcminyumun s\u00fcmb\u00fc\u011f\u00fcnde \u00e7elik par\u00e7a bulunmamaktad\u0131r.<\/div>\n<div class=\"t pg-1m0 pg-1x1 pg-1h5 pg-1y8 pg-1ff3 pg-1fs1 pg-1fc1 pg-1sc0 pg-1ls0 pg-1ws0\">Kapsaml\u0131 testlerle, \u00e7elik par\u00e7as\u0131z Equi-Librium\u2122 nallar\u0131n a\u015f\u0131nmaya son derece dayan\u0131kl\u0131 oldu\u011fu<\/div>\n<div class=\"t pg-1m0 pg-1x1 pg-1h5 pg-1y9 pg-1ff3 pg-1fs1 pg-1fc1 pg-1sc0 pg-1ls0 pg-1ws0\">ve nal\u0131n \u00f6mr\u00fc boyunca tasar\u0131m avantajlar\u0131n\u0131 korudu\u011fu kan\u0131tlanm\u0131\u015ft\u0131r.<\/div>\n<div class=\"t pg-1m0 pg-1x1 pg-1h5 pg-1ya pg-1ff3 pg-1fs1 pg-1fc1 pg-1sc0 pg-1ls0 pg-1ws0\">Saliselerin, kazanmak veya kaybetmeyi belirledi\u011fi d\u00fc\u015f\u00fcn\u00fcl\u00fcrse,<\/div>\n<div class=\"t pg-1m0 pg-1x1 pg-1h5 pg-1yb pg-1ff3 pg-1fs1 pg-1fc1 pg-1sc0 pg-1ls0 pg-1ws0\">Equi-Librium al\u00fcminyum fark yaratacakt\u0131r..<\/div>\n<div class=\"t pg-1m0 pg-1x1 pg-1h5 pg-1yc pg-1ff3 pg-1fs1 pg-1fc1 pg-1sc0 pg-1ls0 pg-1ws0\">Nal\u0131 boyutlar\u0131 uygun \u015fekilde \u00f6l\u00e7eklendirilmi\u015f ve m\u00fckemmel<\/div>\n<div class=\"t pg-1m0 pg-1x1 pg-1h5 pg-1yd pg-1ff3 pg-1fs1 pg-1fc1 pg-1sc0 pg-1ls0 pg-1ws0\">denge sa\u011flamak i\u00e7in uyarlanm\u0131\u015ft\u0131r.<\/div>\n<div class=\"t pg-1m0 pg-1x1 pg-1h5 pg-1ye pg-1ff3 pg-1fs1 pg-1fc1 pg-1sc0 pg-1ls0 pg-1ws0\">*\u00d6nemli \u00f6l\u00e7\u00fcde daha hafiftir<\/div>\n<div class=\"t pg-1m0 pg-1x1 pg-1h5 pg-1yf pg-1ff3 pg-1fs1 pg-1fc1 pg-1sc0 pg-1ls0 pg-1ws0\">*\u00c7elik kadar dayan\u0131kl\u0131d\u0131r<\/div>\n<div class=\"t pg-1m0 pg-1x1 pg-1h5 pg-1y10 pg-1ff3 pg-1fs1 pg-1fc1 pg-1sc0 pg-1ls0 pg-1ws0\">*Yapraklar 1. ve 2. t\u0131rnak delikleri aras\u0131na yerle\u015ftirilmi\u015ftir<\/div>\n<div class=\"t pg-1m0 pg-1x1 pg-1h5 pg-1y11 pg-1ff3 pg-1fs1 pg-1fc1 pg-1sc0 pg-1ls0 pg-1ws0\">*Sadece \u00e7ift yaprakl\u0131 \u00f6n nal modeli mevcuttur<\/div>\n<div class=\"t pg-1m0 pg-1x1 pg-1h5 pg-1y12 pg-1ff3 pg-1fs1 pg-1fc1 pg-1sc0 pg-1ls0 pg-1ws0\">\u0130deal kullan\u0131m alanlar\u0131:<\/div>\n<ul>\n<li class=\"t pg-1m0 pg-1x2 pg-1h5 pg-1y13 pg-1ff4 pg-1fs2 pg-1fc1 pg-1sc0 pg-1ls0 pg-1ws0\"><span class=\"pg-1ff3 pg-1fs1\">Ekstra diz hareketine ihtiya\u00e7 duyan yar\u0131\u015f atlar\u0131 <\/span><\/li>\n<li class=\"t pg-1m0 pg-1x2 pg-1h5 pg-1y14 pg-1ff4 pg-1fs2 pg-1fc1 pg-1sc0 pg-1ls0 pg-1ws0\"><span class=\"pg-1ff3 pg-1fs1\">Bacak yaralanmas\u0131ndan sonra rehabilitasyonda olan atlar<\/span><\/li>\n<li class=\"t pg-1m0 pg-1x2 pg-1h5 pg-1y15 pg-1ff4 pg-1fs2 pg-1fc1 pg-1sc0 pg-1ls0 pg-1ws0\"><span class=\"pg-1ff3 pg-1fs1\">Gerilme veya y\u00fcklenme yaralanmalar\u0131na duyarl\u0131 atlar<\/span><\/li>\n<li class=\"t pg-1m0 pg-1x2 pg-1h5 pg-1y16 pg-1ff4 pg-1fs2 pg-1fc1 pg-1sc0 pg-1ls0 pg-1ws0\"><span class=\"pg-1ff3 pg-1fs1\">Taban pedleri veya silikon ile sa\u011flanan ek deste\u011fe ihtiya\u00e7 duyan atlar<\/span><\/li>\n<\/ul>\n<\/div>\n<\/div>\n<\/div>","protected":false},"featured_media":9658,"comment_status":"closed","ping_status":"closed","template":"","meta":{"pagelayer_contact_templates":[],"_pagelayer_content":""},"product_brand":[],"product_cat":[38],"product_tag":[],"class_list":{"0":"post-9657","1":"product","2":"type-product","3":"status-publish","4":"has-post-thumbnail","6":"product_cat-horse-shoes","9":"instock","10":"shipping-taxable","11":"purchasable","12":"product-type-simple"},"_links":{"self":[{"href":"https:\/\/atlispor.com.tr\/tr\/wp-json\/wp\/v2\/product\/9657","targetHints":{"allow":["GET"]}}],"collection":[{"href":"https:\/\/atlispor.com.tr\/tr\/wp-json\/wp\/v2\/product"}],"about":[{"href":"https:\/\/atlispor.com.tr\/tr\/wp-json\/wp\/v2\/types\/product"}],"replies":[{"embeddable":true,"href":"https:\/\/atlispor.com.tr\/tr\/wp-json\/wp\/v2\/comments?post=9657"}],"version-history":[{"count":1,"href":"https:\/\/atlispor.com.tr\/tr\/wp-json\/wp\/v2\/product\/9657\/revisions"}],"predecessor-version":[{"id":9659,"href":"https:\/\/atlispor.com.tr\/tr\/wp-json\/wp\/v2\/product\/9657\/revisions\/9659"}],"wp:featuredmedia":[{"embeddable":true,"href":"https:\/\/atlispor.com.tr\/tr\/wp-json\/wp\/v2\/media\/9658"}],"wp:attachment":[{"href":"https:\/\/atlispor.com.tr\/tr\/wp-json\/wp\/v2\/media?parent=9657"}],"wp:term":[{"taxonomy":"product_brand","embeddable":true,"href":"https:\/\/atlispor.com.tr\/tr\/wp-json\/wp\/v2\/product_brand?post=9657"},{"taxonomy":"product_cat","embeddable":true,"href":"https:\/\/atlispor.com.tr\/tr\/wp-json\/wp\/v2\/product_cat?post=9657"},{"taxonomy":"product_tag","embeddable":true,"href":"https:\/\/atlispor.com.tr\/tr\/wp-json\/wp\/v2\/product_tag?post=9657"}],"curies":[{"name":"wp","href":"https:\/\/api.w.org\/{rel}","templated":true}]}}