{"id":9660,"date":"2026-02-28T23:54:39","date_gmt":"2026-02-28T23:54:39","guid":{"rendered":"https:\/\/atlispor.com.tr\/?post_type=product&#038;p=9660"},"modified":"2026-02-28T23:54:39","modified_gmt":"2026-02-28T23:54:39","slug":"mustad-equi-librium-air","status":"publish","type":"product","link":"https:\/\/atlispor.com.tr\/tr\/urun\/mustad-equi-librium-air\/","title":{"rendered":"Mustad Equi-Librium Air"},"content":{"rendered":"","protected":false},"excerpt":{"rendered":"<div class=\"t pg-1m0 pg-1x1 pg-1h4 pg-1y4 pg-1ff2 pg-1fs1 pg-1fc1 pg-1sc0 pg-1ls0 pg-1ws0\">\n<div class=\"t pg-1m0 pg-1x1 pg-1h3 pg-1y4 pg-1ff1 pg-1fs0 pg-1fc0 pg-1sc0 pg-1ls0 pg-1ws0\">\n<div class=\"t pg-1m0 pg-1x1 pg-1h4 pg-1y4 pg-1ff1 pg-1fs1 pg-1fc1 pg-1sc0 pg-1ls0 pg-1ws0\">\n<div class=\"t pg-1m0 pg-1x1 pg-1h4 pg-1y5 pg-1ff2 pg-1fs1 pg-1fc1 pg-1sc0 pg-1ls0 pg-1ws0\">\n<div class=\"t pg-1m0 pg-1x1 pg-1h5 pg-1y4 pg-1ff3 pg-1fs1 pg-1fc1 pg-1sc0 pg-1ls0 pg-1ws0\"><strong>Equi-Librium\u2122 AIR<\/strong><\/div>\n<div class=\"t pg-1m0 pg-1x1 pg-1h5 pg-1y5 pg-1ff3 pg-1fs1 pg-1fc1 pg-1sc0 pg-1ls0 pg-1ws0\">M\u00fckemmel Denge:<\/div>\n<div class=\"t pg-1m0 pg-1x1 pg-1h5 pg-1y6 pg-1ff3 pg-1fs1 pg-1fc1 pg-1sc0 pg-1ls0 pg-1ws0\">Equi-Librium\u2122 konseptinin bir \u00fcst modeli: m\u00fckemmel performans,<\/div>\n<div class=\"t pg-1m0 pg-1x1 pg-1h5 pg-1y7 pg-1ff3 pg-1fs1 pg-1fc1 pg-1sc0 pg-1ls0 pg-1ws0\">aya\u011fa daha az y\u00fck ve yaralanmalar\u0131n \u00f6nlenmesini sa\u011flar.<\/div>\n<div class=\"t pg-1m0 pg-1x1 pg-1h5 pg-1y8 pg-1ff3 pg-1fs1 pg-1fc1 pg-1sc0 pg-1ls0 pg-1ws0\">Equi-Librium\u2122 at nal\u0131 tasar\u0131m\u0131, Hollanda'daki Utrecht \u00dcniversitesi'nde y\u00fcr\u00fct\u00fclen kapsaml\u0131<\/div>\n<div class=\"t pg-1m0 pg-1x1 pg-1h5 pg-1y9 pg-1ff3 pg-1fs1 pg-1fc1 pg-1sc0 pg-1ls0 pg-1ws0\">bir bilimsel ara\u015ft\u0131rma projesinin sonucudur. Bu tasar\u0131mda at\u0131n sa\u011fl\u0131\u011f\u0131 ve atletik<\/div>\n<div class=\"t pg-1m0 pg-1x1 pg-1h5 pg-1ya pg-1ff3 pg-1fs1 pg-1fc1 pg-1sc0 pg-1ls0 pg-1ws0\">performans\u0131 \u00f6n planda tutulmu\u015ftur; aya\u011f\u0131n yerden do\u011fal olarak<\/div>\n<div class=\"t pg-1m0 pg-1x1 pg-1h5 pg-1yb pg-1ff3 pg-1fs1 pg-1fc1 pg-1sc0 pg-1ls0 pg-1ws0\">kalk\u0131\u015f\u0131 ve aya\u011fa destek, bu nal\u0131n temel tasar\u0131m \u00f6zellikleridir. Bu nal\u0131n olumlu etkileri sadece bilimsel olarak kan\u0131tlanmakla kalmam\u0131\u015f,<\/div>\n<div class=\"t pg-1m0 pg-1x1 pg-1h5 pg-1yc pg-1ff3 pg-1fs1 pg-1fc1 pg-1sc0 pg-1ls0 pg-1ws0\">ayn\u0131 zamanda sahada da g\u00f6zlemlenmi\u015ftir. Genel olarak, Equi-Librium\u00ae,  performans atlar\u0131 ve sahada (h\u0131zl\u0131) d\u00f6n\u00fc\u015fler yapmak<\/div>\n<div class=\"t pg-1m0 pg-1x1 pg-1h5 pg-1yd pg-1ff3 pg-1fs1 pg-1fc1 pg-1sc0 pg-1ls0 pg-1ws0\">zorunda olan t\u00fcm atlar i\u00e7in en uygun spor nal\u0131d\u0131r<\/div>\n<div class=\"t pg-1m0 pg-1x1 pg-1h5 pg-1ye pg-1ff3 pg-1fs1 pg-1fc1 pg-1sc0 pg-1ls0 pg-1ws0\">Ba\u015fl\u0131ca \u00f6zellikleri \u015funlard\u0131r:<\/div>\n<ul>\n<li class=\"t pg-1m0 pg-1x2 pg-1h5 pg-1yf pg-1ff4 pg-1fs2 pg-1fc1 pg-1sc0 pg-1ls0 pg-1ws0\"><span class=\"pg-1ff3 pg-1fs1\">Standart Equi-Librium at nal\u0131ndan daha hafif olan yeni nal tasar\u0131m\u0131<\/span><\/li>\n<li class=\"t pg-1m0 pg-1x2 pg-1h5 pg-1y10 pg-1ff4 pg-1fs2 pg-1fc1 pg-1sc0 pg-1ls0 pg-1ws0\"><span class=\"pg-1ff3 pg-1fs1\">Arka nalda daha belirgin olan ay\u0131rt edici Equi-Librium yuvarlak s\u00fcmb\u00fck<\/span><\/li>\n<li class=\"t pg-1m0 pg-1x2 pg-1h5 pg-1y11 pg-1ff4 pg-1fs2 pg-1fc1 pg-1sc0 pg-1ls0 pg-1ws0\"><span class=\"pg-1ff3 pg-1fs1\">Ekstra kavrama sa\u011flamak i\u00e7in s\u00fcmb\u00fck boyunca i\u00e7b\u00fckey k\u0131s\u0131m<\/span><\/li>\n<li class=\"t pg-1m0 pg-1x2 pg-1h5 pg-1y12 pg-1ff4 pg-1fs2 pg-1fc1 pg-1sc0 pg-1ls0 pg-1ws0\"><span class=\"pg-1ff3 pg-1fs1\">Daha fazla destek i\u00e7in daha geni\u015f topuklar<\/span><\/li>\n<li class=\"t pg-1m0 pg-1x2 pg-1h5 pg-1y13 pg-1ff4 pg-1fs2 pg-1fc1 pg-1sc0 pg-1ls0 pg-1ws0\"><span class=\"pg-1ff3 pg-1fs1\">Optimum t\u0131rnak hareketine ve ekstra deste\u011fe imkan veren yapraklar.<\/span><\/li>\n<\/ul>\n<\/div>\n<\/div>\n<\/div>\n<\/div>","protected":false},"featured_media":9661,"comment_status":"closed","ping_status":"closed","template":"","meta":{"pagelayer_contact_templates":[],"_pagelayer_content":""},"product_brand":[],"product_cat":[38],"product_tag":[],"class_list":{"0":"post-9660","1":"product","2":"type-product","3":"status-publish","4":"has-post-thumbnail","6":"product_cat-horse-shoes","9":"instock","10":"shipping-taxable","11":"purchasable","12":"product-type-simple"},"_links":{"self":[{"href":"https:\/\/atlispor.com.tr\/tr\/wp-json\/wp\/v2\/product\/9660","targetHints":{"allow":["GET"]}}],"collection":[{"href":"https:\/\/atlispor.com.tr\/tr\/wp-json\/wp\/v2\/product"}],"about":[{"href":"https:\/\/atlispor.com.tr\/tr\/wp-json\/wp\/v2\/types\/product"}],"replies":[{"embeddable":true,"href":"https:\/\/atlispor.com.tr\/tr\/wp-json\/wp\/v2\/comments?post=9660"}],"version-history":[{"count":1,"href":"https:\/\/atlispor.com.tr\/tr\/wp-json\/wp\/v2\/product\/9660\/revisions"}],"predecessor-version":[{"id":9665,"href":"https:\/\/atlispor.com.tr\/tr\/wp-json\/wp\/v2\/product\/9660\/revisions\/9665"}],"wp:featuredmedia":[{"embeddable":true,"href":"https:\/\/atlispor.com.tr\/tr\/wp-json\/wp\/v2\/media\/9661"}],"wp:attachment":[{"href":"https:\/\/atlispor.com.tr\/tr\/wp-json\/wp\/v2\/media?parent=9660"}],"wp:term":[{"taxonomy":"product_brand","embeddable":true,"href":"https:\/\/atlispor.com.tr\/tr\/wp-json\/wp\/v2\/product_brand?post=9660"},{"taxonomy":"product_cat","embeddable":true,"href":"https:\/\/atlispor.com.tr\/tr\/wp-json\/wp\/v2\/product_cat?post=9660"},{"taxonomy":"product_tag","embeddable":true,"href":"https:\/\/atlispor.com.tr\/tr\/wp-json\/wp\/v2\/product_tag?post=9660"}],"curies":[{"name":"wp","href":"https:\/\/api.w.org\/{rel}","templated":true}]}}