{"id":9666,"date":"2026-03-01T00:04:47","date_gmt":"2026-03-01T00:04:47","guid":{"rendered":"https:\/\/atlispor.com.tr\/?post_type=product&#038;p=9666"},"modified":"2026-03-01T00:04:47","modified_gmt":"2026-03-01T00:04:47","slug":"st-croix-steel-horseshoes","status":"publish","type":"product","link":"https:\/\/atlispor.com.tr\/tr\/urun\/st-croix-steel-horseshoes\/","title":{"rendered":"ST CROIX YARI\u015e NALLARI"},"content":{"rendered":"","protected":false},"excerpt":{"rendered":"<div class=\"t pg-1m0 pg-1x1 pg-1h4 pg-1y4 pg-1ff2 pg-1fs1 pg-1fc1 pg-1sc0 pg-1ls0 pg-1ws0\">\n<div class=\"t pg-1m0 pg-1x1 pg-1h3 pg-1y4 pg-1ff1 pg-1fs0 pg-1fc0 pg-1sc0 pg-1ls0 pg-1ws0\">\n<div class=\"t pg-1m0 pg-1x1 pg-1h4 pg-1y4 pg-1ff1 pg-1fs1 pg-1fc1 pg-1sc0 pg-1ls0 pg-1ws0\">\n<div class=\"t pg-1m0 pg-1x1 pg-1h4 pg-1y5 pg-1ff2 pg-1fs1 pg-1fc1 pg-1sc0 pg-1ls0 pg-1ws0\">\n<div class=\"t pg-1m0 pg-1x1 pg-1h3 pg-1y4 pg-1ff1 pg-1fs0 pg-1fc0 pg-1sc0 pg-1ls0 pg-1ws0\">Concorde yar\u0131\u015f nallar\u0131, \u00f6zellikle performans,<\/div>\n<div class=\"t pg-1m0 pg-1x1 pg-1h3 pg-1y5 pg-1ff1 pg-1fs0 pg-1fc0 pg-1sc0 pg-1ls0 pg-1ws0\">spor atlar\u0131 ve iyi kavrama, tutu\u015f ile h\u0131z\u0131n gerekli oldu\u011fu<\/div>\n<div class=\"t pg-1m0 pg-1x1 pg-1h3 pg-1y6 pg-1ff1 pg-1fs0 pg-1fc0 pg-1sc0 pg-1ls0 pg-1ws0\">yar\u0131\u015f atlar\u0131 i\u00e7in tasarlanm\u0131\u015f hafif \u00e7elik bir nald\u0131r.<\/div>\n<div class=\"t pg-1m0 pg-1x1 pg-1h3 pg-1y7 pg-1ff1 pg-1fs0 pg-1fc0 pg-1sc0 pg-1ls0 pg-1ws0\">Gen\u00e7 safkan atlar i\u00e7inde ideal bir nald\u0131r.Tamamen i\u00e7b\u00fckey bir nal olup, boydan boya<\/div>\n<div class=\"t pg-1m0 pg-1x1 pg-1h3 pg-1y8 pg-1ff1 pg-1fs0 pg-1fc0 pg-1sc0 pg-1ls0 pg-1ws0\">kanall\u0131 yap\u0131s\u0131yla daha d\u00fc\u015f\u00fck a\u011f\u0131rl\u0131kta, yere ekstra tutu\u015f sa\u011flar.<\/div>\n<div class=\"t pg-1m0 pg-1x1 pg-1h3 pg-1y9 pg-1ff1 pg-1fs0 pg-1fc0 pg-1sc0 pg-1ls0 pg-1ws0\">\u00d6zellikleri \u015funlard\u0131r:<\/div>\n<ul>\n<li class=\"t pg-1m0 pg-1x1 pg-1h3 pg-1ya pg-1ff1 pg-1fs0 pg-1fc0 pg-1sc0 pg-1ls0 pg-1ws0\">T\u0131rna\u011f\u0131n dairesel hareketine yard\u0131mc\u0131 olan e\u011fimli d\u0131\u015f kenar<\/li>\n<li class=\"t pg-1m0 pg-1x1 pg-1h3 pg-1yb pg-1ff1 pg-1fs0 pg-1fc0 pg-1sc0 pg-1ls0 pg-1ws0\">\u0130\u00e7b\u00fckey k\u0131s\u0131m, taban ve \u00e7ataldan toprak ve kumun at\u0131lmas\u0131na yard\u0131mc\u0131 olur<\/li>\n<li class=\"t pg-1m0 pg-1x1 pg-1h3 pg-1yc pg-1ff1 pg-1fs0 pg-1fc0 pg-1sc0 pg-1ls0 pg-1ws0\">Geli\u015ftirilmi\u015f \u00f6k\u00e7e ile ek destek sa\u011flar ve vida deliklerinin a\u00e7\u0131lmas\u0131na olanak tan\u0131r<\/li>\n<\/ul>\n<\/div>\n<\/div>\n<\/div>\n<\/div>","protected":false},"featured_media":9667,"comment_status":"closed","ping_status":"closed","template":"","meta":{"pagelayer_contact_templates":[],"_pagelayer_content":""},"product_brand":[],"product_cat":[38],"product_tag":[],"class_list":{"0":"post-9666","1":"product","2":"type-product","3":"status-publish","4":"has-post-thumbnail","6":"product_cat-horse-shoes","9":"instock","10":"shipping-taxable","11":"purchasable","12":"product-type-simple"},"_links":{"self":[{"href":"https:\/\/atlispor.com.tr\/tr\/wp-json\/wp\/v2\/product\/9666","targetHints":{"allow":["GET"]}}],"collection":[{"href":"https:\/\/atlispor.com.tr\/tr\/wp-json\/wp\/v2\/product"}],"about":[{"href":"https:\/\/atlispor.com.tr\/tr\/wp-json\/wp\/v2\/types\/product"}],"replies":[{"embeddable":true,"href":"https:\/\/atlispor.com.tr\/tr\/wp-json\/wp\/v2\/comments?post=9666"}],"version-history":[{"count":1,"href":"https:\/\/atlispor.com.tr\/tr\/wp-json\/wp\/v2\/product\/9666\/revisions"}],"predecessor-version":[{"id":9674,"href":"https:\/\/atlispor.com.tr\/tr\/wp-json\/wp\/v2\/product\/9666\/revisions\/9674"}],"wp:featuredmedia":[{"embeddable":true,"href":"https:\/\/atlispor.com.tr\/tr\/wp-json\/wp\/v2\/media\/9667"}],"wp:attachment":[{"href":"https:\/\/atlispor.com.tr\/tr\/wp-json\/wp\/v2\/media?parent=9666"}],"wp:term":[{"taxonomy":"product_brand","embeddable":true,"href":"https:\/\/atlispor.com.tr\/tr\/wp-json\/wp\/v2\/product_brand?post=9666"},{"taxonomy":"product_cat","embeddable":true,"href":"https:\/\/atlispor.com.tr\/tr\/wp-json\/wp\/v2\/product_cat?post=9666"},{"taxonomy":"product_tag","embeddable":true,"href":"https:\/\/atlispor.com.tr\/tr\/wp-json\/wp\/v2\/product_tag?post=9666"}],"curies":[{"name":"wp","href":"https:\/\/api.w.org\/{rel}","templated":true}]}}