{"id":9703,"date":"2026-03-01T18:46:51","date_gmt":"2026-03-01T18:46:51","guid":{"rendered":"https:\/\/atlispor.com.tr\/?post_type=product&#038;p=9703"},"modified":"2026-03-01T18:50:39","modified_gmt":"2026-03-01T18:50:39","slug":"mustad-e-nail","status":"publish","type":"product","link":"https:\/\/atlispor.com.tr\/tr\/urun\/mustad-e-nail\/","title":{"rendered":"Mustad E-Nail"},"content":{"rendered":"","protected":false},"excerpt":{"rendered":"<div class=\"t pg-1m0 pg-1x1 pg-1h3 pg-1y4 pg-1ff1 pg-1fs0 pg-1fc0 pg-1sc0 pg-1ls0 pg-1ws0\">\n<div class=\"t pg-1m0 pg-1x1 pg-1h3 pg-1y4 pg-1ff1 pg-1fs0 pg-1fc0 pg-1sc0 pg-1ls0 pg-1ws0\">\n<div class=\"t pg-1m0 pg-1x1 pg-1h4 pg-1y6 pg-1ff2 pg-1fs1 pg-1fc1 pg-1sc0 pg-1ls0 pg-1ws0\">\n<p data-pm-slice=\"1 1 []\">Mustad E , klasik, g\u00fcvenilir ve \u00e7ok ama\u00e7l\u0131 bir at nal\u0131 \u00e7ivisidir; ister hobi ama\u00e7l\u0131 ister \u00fcst d\u00fczey yar\u0131\u015fmalarda kullan\u0131ls\u0131n, bir\u00e7ok farkl\u0131 at t\u00fcr\u00fc ve at nal\u0131 s\ue61eli i\u00e7in kullan\u0131labilir. T\u00fcm V kanall\u0131 ve d\u00fcz delikli at nallar\u0131na uyar ve her uygulamaya uygun boyutlarda mevcuttur.<\/p>\n<p>Hassassiyet, do\u011fruluk ve g\u00fcvenilirlik, t\u00fcm Mustad \u00e7ivilerinin temel \u00f6zellikleridir. Mustad \u00e7ivileri g\u00fc\u00e7l\u00fc, ve son derece hassas bir do\u011frulukta \u015fekillendirilmi\u015f bir kafa ve gi'k\u00e7e incelen bir g\u00f6vdeye sahiptir. \u00c7ivi u\u00e7lar\u0131ndaki \u00f6zellikli  a\u00e7\u0131lar, \u00e7ivileme s\u0131ras\u0131nda en \u00fcst d\u00fczeyde kontrol\u00fc sa\u011flar. \u00c7ivinin do\u011fru yerle\u015ftirilmesine yard\u0131mc\u0131 olmak i\u00e7in, Mustad M her zaman ayn\u0131 tarafa yerle\u015ftirilir<\/p>\n<\/div>\n<\/div>\n<\/div>","protected":false},"featured_media":9704,"comment_status":"closed","ping_status":"closed","template":"","meta":{"pagelayer_contact_templates":[],"_pagelayer_content":""},"product_brand":[],"product_cat":[43],"product_tag":[],"class_list":{"0":"post-9703","1":"product","2":"type-product","3":"status-publish","4":"has-post-thumbnail","6":"product_cat-horse-shoes-nails","9":"instock","10":"shipping-taxable","11":"purchasable","12":"product-type-simple"},"_links":{"self":[{"href":"https:\/\/atlispor.com.tr\/tr\/wp-json\/wp\/v2\/product\/9703","targetHints":{"allow":["GET"]}}],"collection":[{"href":"https:\/\/atlispor.com.tr\/tr\/wp-json\/wp\/v2\/product"}],"about":[{"href":"https:\/\/atlispor.com.tr\/tr\/wp-json\/wp\/v2\/types\/product"}],"replies":[{"embeddable":true,"href":"https:\/\/atlispor.com.tr\/tr\/wp-json\/wp\/v2\/comments?post=9703"}],"version-history":[{"count":2,"href":"https:\/\/atlispor.com.tr\/tr\/wp-json\/wp\/v2\/product\/9703\/revisions"}],"predecessor-version":[{"id":9709,"href":"https:\/\/atlispor.com.tr\/tr\/wp-json\/wp\/v2\/product\/9703\/revisions\/9709"}],"wp:featuredmedia":[{"embeddable":true,"href":"https:\/\/atlispor.com.tr\/tr\/wp-json\/wp\/v2\/media\/9704"}],"wp:attachment":[{"href":"https:\/\/atlispor.com.tr\/tr\/wp-json\/wp\/v2\/media?parent=9703"}],"wp:term":[{"taxonomy":"product_brand","embeddable":true,"href":"https:\/\/atlispor.com.tr\/tr\/wp-json\/wp\/v2\/product_brand?post=9703"},{"taxonomy":"product_cat","embeddable":true,"href":"https:\/\/atlispor.com.tr\/tr\/wp-json\/wp\/v2\/product_cat?post=9703"},{"taxonomy":"product_tag","embeddable":true,"href":"https:\/\/atlispor.com.tr\/tr\/wp-json\/wp\/v2\/product_tag?post=9703"}],"curies":[{"name":"wp","href":"https:\/\/api.w.org\/{rel}","templated":true}]}}