{"id":9710,"date":"2026-03-01T18:55:58","date_gmt":"2026-03-01T18:55:58","guid":{"rendered":"https:\/\/atlispor.com.tr\/?post_type=product&#038;p=9710"},"modified":"2026-03-01T18:55:58","modified_gmt":"2026-03-01T18:55:58","slug":"mustad-esl","status":"publish","type":"product","link":"https:\/\/atlispor.com.tr\/tr\/urun\/mustad-esl\/","title":{"rendered":"Mustad ESL"},"content":{"rendered":"","protected":false},"excerpt":{"rendered":"<div class=\"t pg-1m0 pg-1x1 pg-1h3 pg-1y4 pg-1ff1 pg-1fs0 pg-1fc0 pg-1sc0 pg-1ls0 pg-1ws0\">\n<div class=\"t pg-1m0 pg-1x1 pg-1h3 pg-1y4 pg-1ff1 pg-1fs0 pg-1fc0 pg-1sc0 pg-1ls0 pg-1ws0\">\n<div class=\"t pg-1m0 pg-1x1 pg-1h4 pg-1y6 pg-1ff2 pg-1fs1 pg-1fc1 pg-1sc0 pg-1ls0 pg-1ws0\">\n<p data-pm-slice=\"1 1 []\">ESL \u00e7ivi, E \u00e7ividen daha uzun ve ince bir g\u00f6vdeye sahiptir, b\u00f6ylece t\u0131rnak duvar\u0131na kolayca, hassas bir \u015fekilde ve y\u00fcksekten \u00e7ak\u0131labilir. ESL, bir\u00e7ok s\u0131cakkanl\u0131 at gibi ince t\u0131rnak duvar\u0131na sahip atlar i\u00e7in idealdir, \u00e7\u00fcnk\u00fc biraz daha kal\u0131n olan E \u00e7ivilerden, t\u0131rnak duvar\u0131na daha az zarar verir. T\u00fcm Mustad \u00e7ivileri, t\u0131rnaktan her hangi bir  sapma olmadan hassas bir \u015fekilde yukar\u0131ya do\u011fru kaymalar\u0131 i\u00e7in ziyadesiyle cilalanm\u0131\u015ft\u0131r.<\/p>\n<p>Bu \u00e7ivi, \u00e7o\u011fu at i\u00e7in uygundur, ancak \u00f6zellikle meralarda veya farkl\u0131 arazilerde nallar\u0131n\u0131 d\u00fc\u015f\u00fcrme e\u011filiminde olan atlar i\u00e7in idealdir.<\/p>\n<\/div>\n<\/div>\n<\/div>","protected":false},"featured_media":9711,"comment_status":"closed","ping_status":"closed","template":"","meta":{"pagelayer_contact_templates":[],"_pagelayer_content":""},"product_brand":[],"product_cat":[43],"product_tag":[],"class_list":{"0":"post-9710","1":"product","2":"type-product","3":"status-publish","4":"has-post-thumbnail","6":"product_cat-horse-shoes-nails","9":"instock","10":"shipping-taxable","11":"purchasable","12":"product-type-simple"},"_links":{"self":[{"href":"https:\/\/atlispor.com.tr\/tr\/wp-json\/wp\/v2\/product\/9710","targetHints":{"allow":["GET"]}}],"collection":[{"href":"https:\/\/atlispor.com.tr\/tr\/wp-json\/wp\/v2\/product"}],"about":[{"href":"https:\/\/atlispor.com.tr\/tr\/wp-json\/wp\/v2\/types\/product"}],"replies":[{"embeddable":true,"href":"https:\/\/atlispor.com.tr\/tr\/wp-json\/wp\/v2\/comments?post=9710"}],"version-history":[{"count":1,"href":"https:\/\/atlispor.com.tr\/tr\/wp-json\/wp\/v2\/product\/9710\/revisions"}],"predecessor-version":[{"id":9714,"href":"https:\/\/atlispor.com.tr\/tr\/wp-json\/wp\/v2\/product\/9710\/revisions\/9714"}],"wp:featuredmedia":[{"embeddable":true,"href":"https:\/\/atlispor.com.tr\/tr\/wp-json\/wp\/v2\/media\/9711"}],"wp:attachment":[{"href":"https:\/\/atlispor.com.tr\/tr\/wp-json\/wp\/v2\/media?parent=9710"}],"wp:term":[{"taxonomy":"product_brand","embeddable":true,"href":"https:\/\/atlispor.com.tr\/tr\/wp-json\/wp\/v2\/product_brand?post=9710"},{"taxonomy":"product_cat","embeddable":true,"href":"https:\/\/atlispor.com.tr\/tr\/wp-json\/wp\/v2\/product_cat?post=9710"},{"taxonomy":"product_tag","embeddable":true,"href":"https:\/\/atlispor.com.tr\/tr\/wp-json\/wp\/v2\/product_tag?post=9710"}],"curies":[{"name":"wp","href":"https:\/\/api.w.org\/{rel}","templated":true}]}}