{"id":9715,"date":"2026-03-01T19:00:33","date_gmt":"2026-03-01T19:00:33","guid":{"rendered":"https:\/\/atlispor.com.tr\/?post_type=product&#038;p=9715"},"modified":"2026-04-17T18:00:48","modified_gmt":"2026-04-17T18:00:48","slug":"mustad-hammerhead-nail","status":"publish","type":"product","link":"https:\/\/atlispor.com.tr\/tr\/urun\/mustad-hammerhead-nail\/","title":{"rendered":"Mustad Hammerhead Nail"},"content":{"rendered":"","protected":false},"excerpt":{"rendered":"<div class=\"t pg-1m0 pg-1x1 pg-1h3 pg-1y4 pg-1ff1 pg-1fs0 pg-1fc0 pg-1sc0 pg-1ls0 pg-1ws0\">\n<div class=\"t pg-1m0 pg-1x1 pg-1h3 pg-1y4 pg-1ff1 pg-1fs0 pg-1fc0 pg-1sc0 pg-1ls0 pg-1ws0\">\n<div class=\"t pg-1m0 pg-1x1 pg-1h4 pg-1y6 pg-1ff2 pg-1fs1 pg-1fc1 pg-1sc0 pg-1ls0 pg-1ws0\">\n<p data-pm-slice=\"1 1 []\"><strong>YARI\u015e \u00c7\u0130V\u0130LER\u0130NDE YEN\u0130 B\u0130R DEVR\u0130M<\/strong><\/p>\n<p>Yeni Mustad \u00e7eki\u00e7ba\u015fl\u0131 \u00e7ivi, geni\u015f ve dikd\u00f6rtgen kafas\u0131yla, al\u00fcminyum nallar\u0131n kullan\u0131m s\u00fcresine art\u0131rmak ve \u00e7ivinin, \u00e7ivi kanal\u0131na daha kuvvetli tutunabilmesi amac\u0131yla \u00f6zel olarak tasarlanm\u0131\u015ft\u0131r. \u00c7eki\u00e7ba\u015fl\u0131 \u00e7ivi, t\u00fcm yar\u0131\u015f nallar\u0131na uyar.<\/p>\n<p>\u00d6zel Mustad Pitch teknolojisiyle birle\u015ftirilmi\u015f, belirgin boyun ve girintili kafa tasar\u0131m\u0131, \u00e7ivi kanal\u0131na g\u00fcvenlice kilitlenerek, nal\u0131n t\u0131rnaktaki hareketini ve t\u0131rnak duvar\u0131nda olu\u015facak hasar\u0131 \u00f6nler.<\/p>\n<p>Uzun ve ince g\u00f6vdesiyle, t\u0131rna\u011f\u0131n yukar\u0131s\u0131na kolayca ve kuvvetli olarak per\u00e7inlenebilinir. Keskin, hassas \u00e7ivi ucu, kolay ve do\u011fru \u00e7ak\u0131ma olanak verirken,  t\u0131rnak duvar\u0131ndaki etkisiyi minimuma indirir.<\/p>\n<p>E\u015fsiz kafa \u015fekliyle, nal\u0131n \u00f6mr\u00fcn\u00fc -15 oran\u0131nda uzat\u0131r. St. Croix Concorde nallar\u0131 ile m\u00fckemmel bir uyum i\u00e7inde kullan\u0131l\u0131nabilinir.<\/p>\n<\/div>\n<\/div>\n<\/div>","protected":false},"featured_media":9716,"comment_status":"closed","ping_status":"closed","template":"","meta":{"pagelayer_contact_templates":[],"_pagelayer_content":""},"product_brand":[],"product_cat":[43],"product_tag":[],"class_list":{"0":"post-9715","1":"product","2":"type-product","3":"status-publish","4":"has-post-thumbnail","6":"product_cat-horse-shoes-nails","9":"instock","10":"shipping-taxable","11":"purchasable","12":"product-type-simple"},"_links":{"self":[{"href":"https:\/\/atlispor.com.tr\/tr\/wp-json\/wp\/v2\/product\/9715","targetHints":{"allow":["GET"]}}],"collection":[{"href":"https:\/\/atlispor.com.tr\/tr\/wp-json\/wp\/v2\/product"}],"about":[{"href":"https:\/\/atlispor.com.tr\/tr\/wp-json\/wp\/v2\/types\/product"}],"replies":[{"embeddable":true,"href":"https:\/\/atlispor.com.tr\/tr\/wp-json\/wp\/v2\/comments?post=9715"}],"version-history":[{"count":1,"href":"https:\/\/atlispor.com.tr\/tr\/wp-json\/wp\/v2\/product\/9715\/revisions"}],"predecessor-version":[{"id":9719,"href":"https:\/\/atlispor.com.tr\/tr\/wp-json\/wp\/v2\/product\/9715\/revisions\/9719"}],"wp:featuredmedia":[{"embeddable":true,"href":"https:\/\/atlispor.com.tr\/tr\/wp-json\/wp\/v2\/media\/9716"}],"wp:attachment":[{"href":"https:\/\/atlispor.com.tr\/tr\/wp-json\/wp\/v2\/media?parent=9715"}],"wp:term":[{"taxonomy":"product_brand","embeddable":true,"href":"https:\/\/atlispor.com.tr\/tr\/wp-json\/wp\/v2\/product_brand?post=9715"},{"taxonomy":"product_cat","embeddable":true,"href":"https:\/\/atlispor.com.tr\/tr\/wp-json\/wp\/v2\/product_cat?post=9715"},{"taxonomy":"product_tag","embeddable":true,"href":"https:\/\/atlispor.com.tr\/tr\/wp-json\/wp\/v2\/product_tag?post=9715"}],"curies":[{"name":"wp","href":"https:\/\/api.w.org\/{rel}","templated":true}]}}