{"id":9720,"date":"2026-03-01T19:03:58","date_gmt":"2026-03-01T19:03:58","guid":{"rendered":"https:\/\/atlispor.com.tr\/?post_type=product&#038;p=9720"},"modified":"2026-03-01T19:03:58","modified_gmt":"2026-03-01T19:03:58","slug":"mustad-swift-nail","status":"publish","type":"product","link":"https:\/\/atlispor.com.tr\/tr\/urun\/mustad-swift-nail\/","title":{"rendered":"Mustad Swift Nail"},"content":{"rendered":"","protected":false},"excerpt":{"rendered":"<div class=\"t pg-1m0 pg-1x1 pg-1h3 pg-1y4 pg-1ff1 pg-1fs0 pg-1fc0 pg-1sc0 pg-1ls0 pg-1ws0\">\n<div class=\"t pg-1m0 pg-1x1 pg-1h3 pg-1y4 pg-1ff1 pg-1fs0 pg-1fc0 pg-1sc0 pg-1ls0 pg-1ws0\">\n<div class=\"t pg-1m0 pg-1x1 pg-1h4 pg-1y6 pg-1ff2 pg-1fs1 pg-1fc1 pg-1sc0 pg-1ls0 pg-1ws0\">\n<p data-pm-slice=\"1 1 []\">Mustad Swift \u00e7ivi, yar\u0131\u015f disiplinlerinde uzmanla\u015fm\u0131\u015f nalbantlarla yak\u0131n i\u015fbirli\u011fi i\u00e7inde geli\u015ftirilmi\u015ftir.<\/p>\n<p>Ekstra ince bir g\u00f6vdeye sahiptir - \u00f6zellikle ince t\u0131rnaklar i\u00e7in uygundur, ayr\u0131ca k\u0131sa boynundan \u00f6t\u00fcr\u00fc ince nallarda kullan\u0131m i\u00e7inde idealdir.<\/p>\n<\/div>\n<\/div>\n<\/div>","protected":false},"featured_media":9721,"comment_status":"closed","ping_status":"closed","template":"","meta":{"pagelayer_contact_templates":[],"_pagelayer_content":""},"product_brand":[],"product_cat":[43],"product_tag":[],"class_list":{"0":"post-9720","1":"product","2":"type-product","3":"status-publish","4":"has-post-thumbnail","6":"product_cat-horse-shoes-nails","9":"instock","10":"shipping-taxable","11":"purchasable","12":"product-type-simple"},"_links":{"self":[{"href":"https:\/\/atlispor.com.tr\/tr\/wp-json\/wp\/v2\/product\/9720","targetHints":{"allow":["GET"]}}],"collection":[{"href":"https:\/\/atlispor.com.tr\/tr\/wp-json\/wp\/v2\/product"}],"about":[{"href":"https:\/\/atlispor.com.tr\/tr\/wp-json\/wp\/v2\/types\/product"}],"replies":[{"embeddable":true,"href":"https:\/\/atlispor.com.tr\/tr\/wp-json\/wp\/v2\/comments?post=9720"}],"version-history":[{"count":1,"href":"https:\/\/atlispor.com.tr\/tr\/wp-json\/wp\/v2\/product\/9720\/revisions"}],"predecessor-version":[{"id":9723,"href":"https:\/\/atlispor.com.tr\/tr\/wp-json\/wp\/v2\/product\/9720\/revisions\/9723"}],"wp:featuredmedia":[{"embeddable":true,"href":"https:\/\/atlispor.com.tr\/tr\/wp-json\/wp\/v2\/media\/9721"}],"wp:attachment":[{"href":"https:\/\/atlispor.com.tr\/tr\/wp-json\/wp\/v2\/media?parent=9720"}],"wp:term":[{"taxonomy":"product_brand","embeddable":true,"href":"https:\/\/atlispor.com.tr\/tr\/wp-json\/wp\/v2\/product_brand?post=9720"},{"taxonomy":"product_cat","embeddable":true,"href":"https:\/\/atlispor.com.tr\/tr\/wp-json\/wp\/v2\/product_cat?post=9720"},{"taxonomy":"product_tag","embeddable":true,"href":"https:\/\/atlispor.com.tr\/tr\/wp-json\/wp\/v2\/product_tag?post=9720"}],"curies":[{"name":"wp","href":"https:\/\/api.w.org\/{rel}","templated":true}]}}