{"id":9724,"date":"2026-03-01T19:06:36","date_gmt":"2026-03-01T19:06:36","guid":{"rendered":"https:\/\/atlispor.com.tr\/?post_type=product&#038;p=9724"},"modified":"2026-03-01T19:06:36","modified_gmt":"2026-03-01T19:06:36","slug":"mustad-fj-nail","status":"publish","type":"product","link":"https:\/\/atlispor.com.tr\/tr\/urun\/mustad-fj-nail\/","title":{"rendered":"Mustad FJ Nail"},"content":{"rendered":"","protected":false},"excerpt":{"rendered":"<div class=\"t pg-1m0 pg-1x1 pg-1h3 pg-1y4 pg-1ff1 pg-1fs0 pg-1fc0 pg-1sc0 pg-1ls0 pg-1ws0\">\n<div class=\"t pg-1m0 pg-1x1 pg-1h3 pg-1y4 pg-1ff1 pg-1fs0 pg-1fc0 pg-1sc0 pg-1ls0 pg-1ws0\">\n<div class=\"t pg-1m0 pg-1x1 pg-1h4 pg-1y6 pg-1ff2 pg-1fs1 pg-1fc1 pg-1sc0 pg-1ls0 pg-1ws0\">\n<p data-pm-slice=\"1 1 []\">FJ, ince g\u00f6vdeli, k\u0131sa boyunlu ve kare ba\u015fl\u0131 modern bir \u00e7ividir. FJ \u00e7ivisinin tasar\u0131m\u0131, ba\u015ftan boyuna ve g\u00f6vdeye kadar son derece ak\u0131c\u0131d\u0131r. \u00d6zellikle yar\u0131\u015f atlar\u0131 i\u00e7in m\u00fckemmeldir, \u00e7\u00fcnk\u00fc ince nal tasar\u0131mlar\u0131na m\u00fckemmel uyum sa\u011flar. Yar\u0131\u015f atlar\u0131n\u0131n yan\u0131 s\u0131ra, t\u0131r\u0131s (trotting) atlar\u0131 ve vah\u015fi atlar da FJ \u00e7ivileri kullan\u0131larak g\u00fcvenilir ve emniyetli bir \u015fekilde nallanabilir.<\/p>\n<\/div>\n<\/div>\n<\/div>","protected":false},"featured_media":9725,"comment_status":"closed","ping_status":"closed","template":"","meta":{"pagelayer_contact_templates":[],"_pagelayer_content":""},"product_brand":[],"product_cat":[43],"product_tag":[],"class_list":{"0":"post-9724","1":"product","2":"type-product","3":"status-publish","4":"has-post-thumbnail","6":"product_cat-horse-shoes-nails","9":"instock","10":"shipping-taxable","11":"purchasable","12":"product-type-simple"},"_links":{"self":[{"href":"https:\/\/atlispor.com.tr\/tr\/wp-json\/wp\/v2\/product\/9724","targetHints":{"allow":["GET"]}}],"collection":[{"href":"https:\/\/atlispor.com.tr\/tr\/wp-json\/wp\/v2\/product"}],"about":[{"href":"https:\/\/atlispor.com.tr\/tr\/wp-json\/wp\/v2\/types\/product"}],"replies":[{"embeddable":true,"href":"https:\/\/atlispor.com.tr\/tr\/wp-json\/wp\/v2\/comments?post=9724"}],"version-history":[{"count":1,"href":"https:\/\/atlispor.com.tr\/tr\/wp-json\/wp\/v2\/product\/9724\/revisions"}],"predecessor-version":[{"id":9728,"href":"https:\/\/atlispor.com.tr\/tr\/wp-json\/wp\/v2\/product\/9724\/revisions\/9728"}],"wp:featuredmedia":[{"embeddable":true,"href":"https:\/\/atlispor.com.tr\/tr\/wp-json\/wp\/v2\/media\/9725"}],"wp:attachment":[{"href":"https:\/\/atlispor.com.tr\/tr\/wp-json\/wp\/v2\/media?parent=9724"}],"wp:term":[{"taxonomy":"product_brand","embeddable":true,"href":"https:\/\/atlispor.com.tr\/tr\/wp-json\/wp\/v2\/product_brand?post=9724"},{"taxonomy":"product_cat","embeddable":true,"href":"https:\/\/atlispor.com.tr\/tr\/wp-json\/wp\/v2\/product_cat?post=9724"},{"taxonomy":"product_tag","embeddable":true,"href":"https:\/\/atlispor.com.tr\/tr\/wp-json\/wp\/v2\/product_tag?post=9724"}],"curies":[{"name":"wp","href":"https:\/\/api.w.org\/{rel}","templated":true}]}}