{"id":9729,"date":"2026-03-01T19:09:25","date_gmt":"2026-03-01T19:09:25","guid":{"rendered":"https:\/\/atlispor.com.tr\/?post_type=product&#038;p=9729"},"modified":"2026-03-01T19:09:25","modified_gmt":"2026-03-01T19:09:25","slug":"mustad-fj-slim-nail","status":"publish","type":"product","link":"https:\/\/atlispor.com.tr\/tr\/urun\/mustad-fj-slim-nail\/","title":{"rendered":"Mustad FJ-Slim Nail"},"content":{"rendered":"","protected":false},"excerpt":{"rendered":"<div class=\"t pg-1m0 pg-1x1 pg-1h3 pg-1y4 pg-1ff1 pg-1fs0 pg-1fc0 pg-1sc0 pg-1ls0 pg-1ws0\">\n<div class=\"t pg-1m0 pg-1x1 pg-1h3 pg-1y4 pg-1ff1 pg-1fs0 pg-1fc0 pg-1sc0 pg-1ls0 pg-1ws0\">\n<div class=\"t pg-1m0 pg-1x1 pg-1h4 pg-1y6 pg-1ff2 pg-1fs1 pg-1fc1 pg-1sc0 pg-1ls0 pg-1ws0\">\n<p data-pm-slice=\"1 1 []\">\u0130nce t\u0131rnak duvar\u0131na sahip daha hafif \u0131rklar i\u00e7in tasarlanm\u0131\u015ft\u0131r<\/p>\n<p>FJ-slim \u00e7ivisi, FJ modeline g\u00f6re daha uzun ve daha ince bir g\u00f6vdeye sahiptir. \u0130nce t\u0131rnak duvar\u0131na sahip daha hafif \u0131rklar i\u00e7in uygundur. Bu \u00e7ivi, g\u00fcvenilir ve sa\u011flam bir \u015fekilde nala oturur ve nal \u00e7akma s\u0131ras\u0131nda t\u0131rnak duvar\u0131n\u0131n zarar g\u00f6rme olas\u0131l\u0131\u011f\u0131n\u0131 azalt\u0131r.  FJ-slim \u00e7ivilerini, daha uzun olmas\u0131ndan \u00f6t\u00fcr\u00fc, t\u0131rnak duvar\u0131nda daha yukar\u0131ya per\u00e7inlemek m\u00fcmk\u00fcnd\u00fcr.<\/p>\n<\/div>\n<\/div>\n<\/div>","protected":false},"featured_media":9730,"comment_status":"closed","ping_status":"closed","template":"","meta":{"pagelayer_contact_templates":[],"_pagelayer_content":""},"product_brand":[],"product_cat":[43],"product_tag":[],"class_list":{"0":"post-9729","1":"product","2":"type-product","3":"status-publish","4":"has-post-thumbnail","6":"product_cat-horse-shoes-nails","9":"instock","10":"shipping-taxable","11":"purchasable","12":"product-type-simple"},"_links":{"self":[{"href":"https:\/\/atlispor.com.tr\/tr\/wp-json\/wp\/v2\/product\/9729","targetHints":{"allow":["GET"]}}],"collection":[{"href":"https:\/\/atlispor.com.tr\/tr\/wp-json\/wp\/v2\/product"}],"about":[{"href":"https:\/\/atlispor.com.tr\/tr\/wp-json\/wp\/v2\/types\/product"}],"replies":[{"embeddable":true,"href":"https:\/\/atlispor.com.tr\/tr\/wp-json\/wp\/v2\/comments?post=9729"}],"version-history":[{"count":1,"href":"https:\/\/atlispor.com.tr\/tr\/wp-json\/wp\/v2\/product\/9729\/revisions"}],"predecessor-version":[{"id":9733,"href":"https:\/\/atlispor.com.tr\/tr\/wp-json\/wp\/v2\/product\/9729\/revisions\/9733"}],"wp:featuredmedia":[{"embeddable":true,"href":"https:\/\/atlispor.com.tr\/tr\/wp-json\/wp\/v2\/media\/9730"}],"wp:attachment":[{"href":"https:\/\/atlispor.com.tr\/tr\/wp-json\/wp\/v2\/media?parent=9729"}],"wp:term":[{"taxonomy":"product_brand","embeddable":true,"href":"https:\/\/atlispor.com.tr\/tr\/wp-json\/wp\/v2\/product_brand?post=9729"},{"taxonomy":"product_cat","embeddable":true,"href":"https:\/\/atlispor.com.tr\/tr\/wp-json\/wp\/v2\/product_cat?post=9729"},{"taxonomy":"product_tag","embeddable":true,"href":"https:\/\/atlispor.com.tr\/tr\/wp-json\/wp\/v2\/product_tag?post=9729"}],"curies":[{"name":"wp","href":"https:\/\/api.w.org\/{rel}","templated":true}]}}