{"id":9789,"date":"2026-03-01T22:47:48","date_gmt":"2026-03-01T22:47:48","guid":{"rendered":"https:\/\/atlispor.com.tr\/?post_type=product&#038;p=9789"},"modified":"2026-03-01T22:47:48","modified_gmt":"2026-03-01T22:47:48","slug":"st-croix-forge-concord-equi-librium-aluminium","status":"publish","type":"product","link":"https:\/\/atlispor.com.tr\/tr\/urun\/st-croix-forge-concord-equi-librium-aluminium\/","title":{"rendered":"St Croix Forge Concord Equi-Librium Al\u00fcminyum"},"content":{"rendered":"","protected":false},"excerpt":{"rendered":"<div class=\"t pg-1m0 pg-1x1 pg-1h3 pg-1y4 pg-1ff1 pg-1fs0 pg-1fc0 pg-1sc0 pg-1ls0 pg-1ws0\">\n<div class=\"t pg-1m0 pg-1x1 pg-1h3 pg-1y4 pg-1ff1 pg-1fs0 pg-1fc0 pg-1sc0 pg-1ls0 pg-1ws0\">\n<p data-start=\"0\" data-end=\"114\">St Croix Forge Concord Equi-Librium Al\u00fcminyum at nallar\u0131, yar\u0131\u015f atlar\u0131 i\u00e7in teknolojik olarak geli\u015ftirilmi\u015f bir nald\u0131r.<\/p>\n<p data-start=\"116\" data-end=\"139\">Ba\u015fl\u0131ca \u00f6zellikleri \u015funlard\u0131r:<\/p>\n<p data-start=\"141\" data-end=\"408\">\u2022 E\u015fsiz bir \u015fekilde aya\u011f\u0131n yerden kalk\u0131\u015f\u0131n\u0131 sa\u011flayan \u00e7ift boyutlu yuvarlat\u0131lm\u0131\u015f buruna sahip ekstra geni\u015f s\u00fcmb\u00fck<br data-start=\"229\" data-end=\"232\" \/>\u2022 \u00c7ivinin s\u0131k\u0131 ve g\u00fcvenli oturmas\u0131 i\u00e7in V oluklu yap\u0131<br data-start=\"269\" data-end=\"272\" \/>\u2022 A\u011f\u0131rl\u0131\u011f\u0131 azaltmak i\u00e7in i\u00e7b\u00fckey b\u00f6l\u00fcm<br data-start=\"312\" data-end=\"315\" \/>\u2022 Benzersiz ileri konumland\u0131rmaya sahip g\u00f6mme yapraklar<br data-start=\"360\" data-end=\"363\" \/>\u2022 Dize binen y\u00fck\u00fc azalt\u0131m\u0131, bilimsel olarak ispatlanm\u0131\u015ft\u0131r.<\/p>\n<p data-start=\"410\" data-end=\"745\" data-is-last-node=\"\" data-is-only-node=\"\">Concorde Equi-Librium Al\u00fcminyum, \u00e7elik versiyonuyla tamamen ayn\u0131 \u00f6zelliklere sahiptir. Buna ek olarak, daha hafiftir. Farkl\u0131 \u00fclkelerde ve farkl\u0131 y\u00fczeylerde test edilmi\u015ftir. Sonu\u00e7lardan biri, s\u00fcmb\u00fckte \u00e7elik ek par\u00e7an\u0131n olmamas\u0131n\u0131n a\u015f\u0131nma ve a\u015f\u0131nma bi\u00e7imi \u00fczerinde olumlu bir etkiye sahip oldu\u011funun kan\u0131tlanmas\u0131d\u0131r.<\/p>\n<\/div>\n<\/div>","protected":false},"featured_media":9790,"comment_status":"closed","ping_status":"closed","template":"","meta":{"pagelayer_contact_templates":[],"_pagelayer_content":""},"product_brand":[],"product_cat":[38],"product_tag":[],"class_list":{"0":"post-9789","1":"product","2":"type-product","3":"status-publish","4":"has-post-thumbnail","6":"product_cat-horse-shoes","9":"instock","10":"shipping-taxable","11":"purchasable","12":"product-type-simple"},"_links":{"self":[{"href":"https:\/\/atlispor.com.tr\/tr\/wp-json\/wp\/v2\/product\/9789","targetHints":{"allow":["GET"]}}],"collection":[{"href":"https:\/\/atlispor.com.tr\/tr\/wp-json\/wp\/v2\/product"}],"about":[{"href":"https:\/\/atlispor.com.tr\/tr\/wp-json\/wp\/v2\/types\/product"}],"replies":[{"embeddable":true,"href":"https:\/\/atlispor.com.tr\/tr\/wp-json\/wp\/v2\/comments?post=9789"}],"version-history":[{"count":1,"href":"https:\/\/atlispor.com.tr\/tr\/wp-json\/wp\/v2\/product\/9789\/revisions"}],"predecessor-version":[{"id":9799,"href":"https:\/\/atlispor.com.tr\/tr\/wp-json\/wp\/v2\/product\/9789\/revisions\/9799"}],"wp:featuredmedia":[{"embeddable":true,"href":"https:\/\/atlispor.com.tr\/tr\/wp-json\/wp\/v2\/media\/9790"}],"wp:attachment":[{"href":"https:\/\/atlispor.com.tr\/tr\/wp-json\/wp\/v2\/media?parent=9789"}],"wp:term":[{"taxonomy":"product_brand","embeddable":true,"href":"https:\/\/atlispor.com.tr\/tr\/wp-json\/wp\/v2\/product_brand?post=9789"},{"taxonomy":"product_cat","embeddable":true,"href":"https:\/\/atlispor.com.tr\/tr\/wp-json\/wp\/v2\/product_cat?post=9789"},{"taxonomy":"product_tag","embeddable":true,"href":"https:\/\/atlispor.com.tr\/tr\/wp-json\/wp\/v2\/product_tag?post=9789"}],"curies":[{"name":"wp","href":"https:\/\/api.w.org\/{rel}","templated":true}]}}